{"id":1807001,"date":"2025-03-28T17:36:22","date_gmt":"2025-03-28T15:36:22","guid":{"rendered":"https:\/\/liquidmaster.pl\/odk-simons-speed-shop-maple-paste-wax-150-ml-trwaly-i-latwy-w-uzyciu-wosk-samochodowy\/"},"modified":"2026-04-20T08:06:46","modified_gmt":"2026-04-20T06:06:46","slug":"odk-simons-speed-shop-maple-paste-wax-150-ml-trwaly-i-latwy-w-uzyciu-wosk-samochodowy","status":"publish","type":"product","link":"https:\/\/liquidmaster.pl\/en\/odk-simons-speed-shop-maple-paste-wax-150-ml-trwaly-i-latwy-w-uzyciu-wosk-samochodowy\/","title":{"rendered":"ODK Simon&#039;s Speed Shop Maple Paste Wax 150 ml - durable and easy to use car wax"},"content":{"rendered":"<p>ODK Simon&#039;s Speed Shop Maple Paste Wax \u2013 is the highest quality carnauba wax in the form of a paste, using the best available ingredients. The wax is durable, easy to use and gives a deep wet varnish effect.<\/p>\n<p>Usage:<\/p>\n<li>Apply to each element individually and leave to harden completely, then remove with a soft microfiber cloth.<\/li>\n<p>Capacity: 150 ml<\/p>","protected":false},"excerpt":{"rendered":"<p>ODK Simon&#8217;s Speed Shop Maple Paste Wax \u2013 to najwy\u017cszej jako\u015bci wosk Carnauba w postaci pasty, wykorzystuj\u0105cy najlepsze dost\u0119pne sk\u0142adniki. Wosk jest trwa\u0142y, \u0142atwy w u\u017cyciu i daje g\u0142\u0119boki efekt mokrego lakieru. Spos\u00f3b u\u017cycia: Aplikowa\u0107 pojedynczo na ka\u017cdy element i pozostawi\u0107 do ca\u0142kowitego utwardzenia, a nast\u0119pnie usun\u0105\u0107 mi\u0119kk\u0105 \u015bciereczk\u0105 z mikrofibry. Pojemno\u015b\u0107: 150 ml<\/p>","protected":false},"featured_media":1848326,"comment_status":"open","ping_status":"open","template":"","meta":{"neve_meta_sidebar":"","neve_meta_container":"","neve_meta_enable_content_width":"","neve_meta_content_width":0,"neve_meta_title_alignment":"","neve_meta_author_avatar":"","neve_post_elements_order":"","neve_meta_disable_header":"","neve_meta_disable_footer":"","neve_meta_disable_title":"","_themeisle_gutenberg_block_has_review":false},"product_brand":[],"product_cat":[733,766,788],"product_tag":[337],"class_list":{"0":"post-1807001","1":"product","2":"type-product","3":"status-publish","4":"has-post-thumbnail","6":"product_cat-na-zewnatrz","7":"product_cat-ochrona-lakieru","8":"product_cat-woski","9":"product_tag-odk","11":"first","12":"instock","13":"taxable","14":"shipping-taxable","15":"purchasable","16":"product-type-simple"},"_links":{"self":[{"href":"https:\/\/liquidmaster.pl\/en\/wp-json\/wp\/v2\/product\/1807001","targetHints":{"allow":["GET"]}}],"collection":[{"href":"https:\/\/liquidmaster.pl\/en\/wp-json\/wp\/v2\/product"}],"about":[{"href":"https:\/\/liquidmaster.pl\/en\/wp-json\/wp\/v2\/types\/product"}],"replies":[{"embeddable":true,"href":"https:\/\/liquidmaster.pl\/en\/wp-json\/wp\/v2\/comments?post=1807001"}],"wp:featuredmedia":[{"embeddable":true,"href":"https:\/\/liquidmaster.pl\/en\/wp-json\/wp\/v2\/media\/1848326"}],"wp:attachment":[{"href":"https:\/\/liquidmaster.pl\/en\/wp-json\/wp\/v2\/media?parent=1807001"}],"wp:term":[{"taxonomy":"product_brand","embeddable":true,"href":"https:\/\/liquidmaster.pl\/en\/wp-json\/wp\/v2\/product_brand?post=1807001"},{"taxonomy":"product_cat","embeddable":true,"href":"https:\/\/liquidmaster.pl\/en\/wp-json\/wp\/v2\/product_cat?post=1807001"},{"taxonomy":"product_tag","embeddable":true,"href":"https:\/\/liquidmaster.pl\/en\/wp-json\/wp\/v2\/product_tag?post=1807001"}],"curies":[{"name":"wp","href":"https:\/\/api.w.org\/{rel}","templated":true}]}}