{"id":1806999,"date":"2025-03-28T17:36:04","date_gmt":"2025-03-28T15:36:04","guid":{"rendered":"https:\/\/liquidmaster.pl\/evoxa-talerz-oporowy-bpda-125mm-fi-8\/"},"modified":"2026-04-20T08:19:12","modified_gmt":"2026-04-20T06:19:12","slug":"evoxa-talerz-oporowy-bpda-125mm-fi-8","status":"publish","type":"product","link":"https:\/\/liquidmaster.pl\/en\/evoxa-talerz-oporowy-bpda-125mm-fi-8\/","title":{"rendered":"Evoxa Thrust Plate BPDA 125mm FI 8"},"content":{"rendered":"<p>\u00a0<\/p>\n<p>Backing plate for Dual Action polishers with a diameter of 125 mm. Weight 128 grams. Fits Evox HDC15 \/ HDC21 \/ HDD21 models<br \/>\nIt can be adapted to Evox HDA15 \/ HDA21 by reducing the depth of the socket with an additional washer adapted to the socket.<br \/>\nThe socket has a hole with a diameter of 8 mm in which, depending on the machine model, screws with M8 thread (HDA15 \/ HDA21) or 5\/16\u2033 UNF (HDC15 \/ HDC21) can be used.<\/p>\n<p>For polishers from other manufacturers, it is recommended to check the fit of the seat, its depth and the seating of the entire disc in relation to the eccentric cover.<\/p>\n<p>The advantage of this thrust plate is very well-designed ventilation channels with a large cross-sectional area. They are made radially in a flexible polyurethane layer, directly under the so-called adhesive layer. Velcro. They are connected to large ventilation holes and, catching air during the rotation of the plate, effectively cool the polishing pads on the Velcro side, protecting them from falling apart. A huge advantage of this solution is also the separation of the pad from the heat generated by the bearings of the eccentric mechanism.<br \/>\n\u00a0<\/p>\n<p>Attention!!!<br \/>\nFor Evoxa machines, we use three different 125 mm thrust plates with this type of socket. The plates differ in weight and seat depth, as well as visually in the color of the polyurethane layer and ventilation holes. Not all of them are always available and therefore we are not responsible for problems with adapting the plates to machines from other manufacturers!!!<\/p>","protected":false},"excerpt":{"rendered":"<p>\u00a0 Talerz oporowy do polerek Dual Action o \u015brednicy 125 mm.\u00a0 Waga 128 gram. Pasuje do modeli Evoxa HDC15 \/ HDC21 \/ HDD21 Mo\u017ce by\u0107 przystosowany do Evoxa HDA15 \/ HDA21 poprzez zmniejszenie g\u0142\u0119boko\u015bci gniazda dodatkow\u0105 podk\u0142adk\u0105 dopasowan\u0105 do gniazda. Gniazdo posiada otw\u00f3r o \u015brednicy 8mm w kt\u00f3rym w zale\u017cno\u015bci od modelu maszyny mog\u0105 by\u0107&hellip;&nbsp;<a href=\"https:\/\/liquidmaster.pl\/en\/evoxa-talerz-oporowy-bpda-125mm-fi-8\/\" rel=\"bookmark\">Read More \u00bb<span class=\"screen-reader-text\">Evoxa Thrust Plate BPDA 125mm FI 8<\/span><\/a><\/p>","protected":false},"featured_media":1849932,"comment_status":"open","ping_status":"open","template":"","meta":{"neve_meta_sidebar":"","neve_meta_container":"","neve_meta_enable_content_width":"","neve_meta_content_width":0,"neve_meta_title_alignment":"","neve_meta_author_avatar":"","neve_post_elements_order":"","neve_meta_disable_header":"","neve_meta_disable_footer":"","neve_meta_disable_title":"","_themeisle_gutenberg_block_has_review":false},"product_brand":[],"product_cat":[748,843,842],"product_tag":[290],"class_list":{"0":"post-1806999","1":"product","2":"type-product","3":"status-publish","4":"has-post-thumbnail","6":"product_cat-polerowanie","7":"product_cat-talerze-dual-action","8":"product_cat-talerze-mocujace","9":"product_tag-evoxa","11":"first","12":"instock","13":"taxable","14":"shipping-taxable","15":"purchasable","16":"product-type-simple"},"_links":{"self":[{"href":"https:\/\/liquidmaster.pl\/en\/wp-json\/wp\/v2\/product\/1806999","targetHints":{"allow":["GET"]}}],"collection":[{"href":"https:\/\/liquidmaster.pl\/en\/wp-json\/wp\/v2\/product"}],"about":[{"href":"https:\/\/liquidmaster.pl\/en\/wp-json\/wp\/v2\/types\/product"}],"replies":[{"embeddable":true,"href":"https:\/\/liquidmaster.pl\/en\/wp-json\/wp\/v2\/comments?post=1806999"}],"wp:featuredmedia":[{"embeddable":true,"href":"https:\/\/liquidmaster.pl\/en\/wp-json\/wp\/v2\/media\/1849932"}],"wp:attachment":[{"href":"https:\/\/liquidmaster.pl\/en\/wp-json\/wp\/v2\/media?parent=1806999"}],"wp:term":[{"taxonomy":"product_brand","embeddable":true,"href":"https:\/\/liquidmaster.pl\/en\/wp-json\/wp\/v2\/product_brand?post=1806999"},{"taxonomy":"product_cat","embeddable":true,"href":"https:\/\/liquidmaster.pl\/en\/wp-json\/wp\/v2\/product_cat?post=1806999"},{"taxonomy":"product_tag","embeddable":true,"href":"https:\/\/liquidmaster.pl\/en\/wp-json\/wp\/v2\/product_tag?post=1806999"}],"curies":[{"name":"wp","href":"https:\/\/api.w.org\/{rel}","templated":true}]}}