{"id":1806997,"date":"2025-03-28T17:36:04","date_gmt":"2025-03-28T15:36:04","guid":{"rendered":"https:\/\/liquidmaster.pl\/evoxa-sleeker-one-hi-cut-one-step-aio\/"},"modified":"2026-04-18T04:39:12","modified_gmt":"2026-04-18T02:39:12","slug":"evoxa-sleeker-one-hi-cut-one-step-aio","status":"publish","type":"product","link":"https:\/\/liquidmaster.pl\/en\/evoxa-sleeker-one-hi-cut-one-stepaio\/","title":{"rendered":"Evoxa Sleeker ONE Hi-Cut \u2013 One Step\/AIO"},"content":{"rendered":"<p>Sleeker ONE Hi-Cut to jednoetapowa pasta polerska typu AIO. Jej charakterystyka pozycjonuje j\u0105 w\u015br\u00f3d past o bardzo du\u017cej sile ci\u0119cia i bardzo dobrym wyko\u0144czeniu oraz jednoczesnym zabezpieczeniu powierzchni zwi\u0105zkami polimer\u00f3w utrzymuj\u0105cymi si\u0119 kilka tygodni.<\/p>\n<p>The recipe is based on a proven abrasive system used in other types of Sleeker pastes with appropriately selected gradations. The main abrasive is degradable aluminum oxide which works with silica in the form of kaolin.<\/p>\n<p>Taka kombinacja \u015bcierniw zapewnia szybkie i mocne usuwanie zdegradowanej powierzchni lakieru oraz pozwala uzyska\u0107 du\u017co lepsze efekty wyka\u0144czaj\u0105ce ni\u017c pasty oparte tylko na samym tlenku aluminium. W pocz\u0105tkowej fazie polerowania, ziarno tlenku aluminium agresywnie oddzia\u0142uje na polerowan\u0105 powierzchni\u0119, \u015bcieraj\u0105c najbardziej zniszczon\u0105\u00a0warstw\u0119. W wyniku tarcia, ziarno to, ulega wst\u0119pnej degradacji a\u00a0drobniejsze fragmenty zaczynaj\u0105 wyb\u0142yszcza\u0107 powierzchni\u0119.\u00a0Ko\u0144cowy etap nie by\u0142by mo\u017cliwy bez krzemionki, kt\u00f3ra jeszcze bardziej rozbija drobne ziarna tlenku aluminium a tym samym lepiej wyka\u0144cza powierzchni\u0119.<\/p>\n<p>The sliding system is a water-oil emulsion ensuring pleasant operation, excellent surface cooling and easy running-in. If the pads are kept properly clean during operation, the paste does not tend to dust.<\/p>\n<p>Cech\u0105 charakterystyczn\u0105 past AIO jest obecno\u015b\u0107 r\u00f3\u017cnego typu substancji zabezpieczaj\u0105cych powierzchni\u0119 lakieru po polerowaniu i nadaj\u0105cych mu hydrofobowo\u015b\u0107. W pa\u015bcie Sleeker ONE Hi-Cut funkcj\u0119 t\u0119 pe\u0142ni\u0105 wysokoodporne\u00a0polimery. Trzeba jednak zaznaczy\u0107, \u017ce nie maj\u0105 one funkcji zapychania niedopolerowanych rys bo pasta przy swojej sile ci\u0119cia tego nie potrzebuje. Pe\u0142ni\u0105 one\u00a0ochron\u0119 lakieru przed wp\u0142ywem czynnik\u00f3w atmosferycznych i biologicznych. Czas ochrony okre\u015blany jest na 4-6 tygodni. Ze wzgl\u0119du na ich zawarto\u015b\u0107 nie zaleca si\u0119 u\u017cywania pasty przed planowan\u0105 aplikacj\u0105 pow\u0142ok ceramicznych.<\/p>\n<p>Pasta sprawdza si\u0119 do pracy z polerkami rotacyjnymi jak i mimo\u015brodowymi typu Dual Action. Odpowiednio dobrane pady u\u0142atwiaj\u0105 i przy\u015bpieszaj\u0105 proces polerowania.<\/p>\n<p>Recommended sponge pads of the Sleeker system:<\/p>\n<ul>\n<li>Hi-Flat Light Cutting Maroon \u2013 medium damaged paint<\/li>\n<li>Uni-Pro Light Cutting Maroon \u2013 medium damaged paint<\/li>\n<li>Hi-Flat One Step Yellow \u2013 slightly damaged paint<\/li>\n<li>Uni-Pro One Step Yellow \u2013 slightly damaged paint<\/li>\n<\/ul>\n<p>Recommended Sleeker system furs:<\/p>\n<ul>\n<li>Purple Lady \u2013 badly damaged varnish<\/li>\n<\/ul>","protected":false},"excerpt":{"rendered":"<p>Sleeker ONE Hi-Cut to jednoetapowa pasta polerska typu AIO. Jej charakterystyka pozycjonuje j\u0105 w\u015br\u00f3d past o bardzo du\u017cej sile ci\u0119cia i bardzo dobrym wyko\u0144czeniu oraz jednoczesnym zabezpieczeniu powierzchni zwi\u0105zkami polimer\u00f3w utrzymuj\u0105cymi si\u0119 kilka tygodni. Receptura oparta jest na sprawdzonym uk\u0142adzie \u015bciernym wykorzystywanym w innych typach past Sleeker z odpowiednio dobranymi ich gradacjami. G\u0142\u00f3wnym \u015bcierniwem jest&hellip;&nbsp;<a href=\"https:\/\/liquidmaster.pl\/en\/evoxa-sleeker-one-hi-cut-one-stepaio\/\" rel=\"bookmark\">Read More \u00bb<span class=\"screen-reader-text\">Evoxa Sleeker ONE Hi-Cut \u2013 One Step\/AIO<\/span><\/a><\/p>","protected":false},"featured_media":1849930,"comment_status":"open","ping_status":"open","template":"","meta":{"neve_meta_sidebar":"","neve_meta_container":"","neve_meta_enable_content_width":"","neve_meta_content_width":0,"neve_meta_title_alignment":"","neve_meta_author_avatar":"","neve_post_elements_order":"","neve_meta_disable_header":"","neve_meta_disable_footer":"","neve_meta_disable_title":"","_themeisle_gutenberg_block_has_review":false},"product_brand":[],"product_cat":[845,789,748],"product_tag":[290],"class_list":{"0":"post-1806997","1":"product","2":"type-product","3":"status-publish","4":"has-post-thumbnail","6":"product_cat-pasty-aio","7":"product_cat-pasty-polerskie","8":"product_cat-polerowanie","9":"product_tag-evoxa","11":"first","12":"instock","13":"taxable","14":"shipping-taxable","15":"purchasable","16":"product-type-simple"},"_links":{"self":[{"href":"https:\/\/liquidmaster.pl\/en\/wp-json\/wp\/v2\/product\/1806997","targetHints":{"allow":["GET"]}}],"collection":[{"href":"https:\/\/liquidmaster.pl\/en\/wp-json\/wp\/v2\/product"}],"about":[{"href":"https:\/\/liquidmaster.pl\/en\/wp-json\/wp\/v2\/types\/product"}],"replies":[{"embeddable":true,"href":"https:\/\/liquidmaster.pl\/en\/wp-json\/wp\/v2\/comments?post=1806997"}],"wp:featuredmedia":[{"embeddable":true,"href":"https:\/\/liquidmaster.pl\/en\/wp-json\/wp\/v2\/media\/1849930"}],"wp:attachment":[{"href":"https:\/\/liquidmaster.pl\/en\/wp-json\/wp\/v2\/media?parent=1806997"}],"wp:term":[{"taxonomy":"product_brand","embeddable":true,"href":"https:\/\/liquidmaster.pl\/en\/wp-json\/wp\/v2\/product_brand?post=1806997"},{"taxonomy":"product_cat","embeddable":true,"href":"https:\/\/liquidmaster.pl\/en\/wp-json\/wp\/v2\/product_cat?post=1806997"},{"taxonomy":"product_tag","embeddable":true,"href":"https:\/\/liquidmaster.pl\/en\/wp-json\/wp\/v2\/product_tag?post=1806997"}],"curies":[{"name":"wp","href":"https:\/\/api.w.org\/{rel}","templated":true}]}}