{"id":1806993,"date":"2025-03-28T17:36:04","date_gmt":"2025-03-28T15:36:04","guid":{"rendered":"https:\/\/liquidmaster.pl\/evoxa-hdv-12-mala-polerka-akumulatorowa-roda\/"},"modified":"2026-04-18T04:39:11","modified_gmt":"2026-04-18T02:39:11","slug":"evoxa-hdv-12-mala-polerka-akumulatorowa-roda","status":"publish","type":"product","link":"https:\/\/liquidmaster.pl\/en\/evoxa-hdv-12-mala-polerka-akumulatorowa-roda\/","title":{"rendered":"Evoxa HDV 12 small RO+DA cordless polisher"},"content":{"rendered":"<p>\u00a0<\/p>\n<p>Evoxa HDV12 \u2013 is a small multifunctional polisher with battery power and the possibility of continuous operation on the power supply.<br \/>\nThe polisher has several operating modes obtained by replacing accessories with a quick-connect system, which makes it ideal for working on all small and medium-sized surfaces.<\/p>\n<p>Possible work configurations:<br \/>\n\u2013 Rotation with 30 or 50 mm working discs<br \/>\n\u2013 Dual Action with 8 or 12mm stroke with 30, 50, 75mm discs<br \/>\n\u2013 Small polishing cones with a 3mm shank<\/p>\n<p>Characteristic:<\/p>\n<p># Very compact and ergonomic housing with SoftGrip rubber coating allowing comfortable work in all conditions\u00a0<\/p>\n<p>\u00a0<\/p>\n<p># Good balance of the machine thanks to replaceable batteries fitted into the housing that do not protrude from the main body<\/p>\n<p>\u00a0<\/p>\n<p># Quick connector that also serves as an eccentric cover, allowing you to easily replace accessories during work without using wrenches<\/p>\n<p>\u00a0<\/p>\n<p># Brushless BLDC motor with high torque for long service life without the need for maintenance\u00a0<\/p>\n<p>\u00a0<\/p>\n<p># Optimally selected speed range that allows you to work effectively on small rotary discs and ensures good maintenance of rotational movement in the Dual Action system<\/p>\n<p># Special design of working plates with appropriate load, minimizing vibrations and increasing rotational stability when working in the Dual Action system<\/p>\n<p># Precisely CNC-made accessories that stably hold the eccentrics in the quick connector<\/p>\n<p># Electronics with speed stabilization and a system protecting against excessive battery discharge. AutoOFF after work shutdown system.\u00a0<\/p>\n<p># Four rotational speeds 2000 \/ 3000 \/ 4000 \/ 5800 with physical buttons for changing them and a display informing about the rotation speed and battery charge level<\/p>\n<p># 24-month warranty, also when used professionally<\/p>\n<p>\u00a0<\/p>\n<p>Accessories included:<br \/>\n\u00a0 \u00a0 \u00a0 \u00a0 \u00a0 \u00a0 \u00a0\u2013 RO quick connector<br \/>\n\u00a0 \u00a0 \u00a0 \u00a0 \u00a0 \u00a0 \u00a0\u2013 eccentricity DA 8 mm<br \/>\n\u00a0 \u00a0 \u00a0 \u00a0 \u00a0 \u00a0 \u00a0\u2013 eccentricity DA 12 mm<br \/>\n\u00a0 \u00a0 \u00a0 \u00a0 \u00a0 \u00a0 \u00a0\u2013 clamping holder for cones with a 3 mm shank<br \/>\n\u00a0 \u00a0 \u00a0 \u00a0 \u00a0 \u00a0 \u00a0\u2013 extension for RO and 70 mm cones<\/p>\n<p>\u00a0 \u00a0 \u00a0 \u00a0 \u00a0 \u00a0 \u00a0\u2013 thrust plates: 30, 50, 75 mm<br \/>\n\u00a0 \u00a0 \u00a0 \u00a0 \u00a0 \u00a0 \u00a0\u2013 two 12V 2.5 Ah batteries<br \/>\n\u00a0 \u00a0 \u00a0 \u00a0 \u00a0 \u00a0 \u00a0\u2013 2.4A 13V charger\u00a0<br \/>\n\u00a0 \u00a0 \u00a0 \u00a0 \u00a0 \u00a0 \u00a0\u2013 case<\/p>\n<p>\u00a0<\/p>\n<p>\u2013 weight with 2.5Ah battery and 75 mm plate, 980g<br \/>\n\u2013 housing length with battery 27 cm<br \/>\n\u2013 housing diameter at the grip point 5 cm<br \/>\n\u2013 operating time with a 2.4 Ah battery \u2013 30-40 min<br \/>\n\u2013 battery charging time approx. 45 min<\/p>\n<p>The polisher comes with an optional power supply that replaces the battery and can be used continuously.<\/p>\n<p>Attention. Quick connectors for rotary work have a protection that does not allow you to put a 75 mm disc on them due to the too large diameter and the possibility of damaging the polisher.<\/p>","protected":false},"excerpt":{"rendered":"<p>\u00a0 Evoxa HDV12 &#8211; to ma\u0142a polerka multifunkcyjna z zasilaniem akumulatorowym oraz\u00a0mo\u017cliwo\u015bci\u0105 pracy ci\u0105g\u0142ej na zasilaczu. Polerka posiada kilka tryb\u00f3w pracy uzyskiwanych poprzez wymian\u0119 osprz\u0119tu z systemem szybkoz\u0142\u0105czek co czyni j\u0105 idealn\u0105 do pracy na wszystkich ma\u0142ych i \u015brednich powierzchniach. Mo\u017cliwe konfiguracje pracy: &#8211; Rotacja z talerzami roboczymi 30 lub 50mm &#8211; Dual Action ze&hellip;&nbsp;<a href=\"https:\/\/liquidmaster.pl\/en\/evoxa-hdv-12-mala-polerka-akumulatorowa-roda\/\" rel=\"bookmark\">Read More \u00bb<span class=\"screen-reader-text\">Evoxa HDV 12 small RO+DA cordless polisher<\/span><\/a><\/p>","protected":false},"featured_media":1849927,"comment_status":"open","ping_status":"open","template":"","meta":{"neve_meta_sidebar":"","neve_meta_container":"","neve_meta_enable_content_width":"","neve_meta_content_width":0,"neve_meta_title_alignment":"","neve_meta_author_avatar":"","neve_post_elements_order":"","neve_meta_disable_header":"","neve_meta_disable_footer":"","neve_meta_disable_title":"","_themeisle_gutenberg_block_has_review":false},"product_brand":[],"product_cat":[806,883,748],"product_tag":[290],"class_list":{"0":"post-1806993","1":"product","2":"type-product","3":"status-publish","4":"has-post-thumbnail","6":"product_cat-maszyny-polerskie","7":"product_cat-mini-polerki","8":"product_cat-polerowanie","9":"product_tag-evoxa","11":"first","12":"outofstock","13":"taxable","14":"shipping-taxable","15":"purchasable","16":"product-type-simple"},"_links":{"self":[{"href":"https:\/\/liquidmaster.pl\/en\/wp-json\/wp\/v2\/product\/1806993","targetHints":{"allow":["GET"]}}],"collection":[{"href":"https:\/\/liquidmaster.pl\/en\/wp-json\/wp\/v2\/product"}],"about":[{"href":"https:\/\/liquidmaster.pl\/en\/wp-json\/wp\/v2\/types\/product"}],"replies":[{"embeddable":true,"href":"https:\/\/liquidmaster.pl\/en\/wp-json\/wp\/v2\/comments?post=1806993"}],"wp:featuredmedia":[{"embeddable":true,"href":"https:\/\/liquidmaster.pl\/en\/wp-json\/wp\/v2\/media\/1849927"}],"wp:attachment":[{"href":"https:\/\/liquidmaster.pl\/en\/wp-json\/wp\/v2\/media?parent=1806993"}],"wp:term":[{"taxonomy":"product_brand","embeddable":true,"href":"https:\/\/liquidmaster.pl\/en\/wp-json\/wp\/v2\/product_brand?post=1806993"},{"taxonomy":"product_cat","embeddable":true,"href":"https:\/\/liquidmaster.pl\/en\/wp-json\/wp\/v2\/product_cat?post=1806993"},{"taxonomy":"product_tag","embeddable":true,"href":"https:\/\/liquidmaster.pl\/en\/wp-json\/wp\/v2\/product_tag?post=1806993"}],"curies":[{"name":"wp","href":"https:\/\/api.w.org\/{rel}","templated":true}]}}