{"id":1806989,"date":"2025-03-28T17:34:48","date_gmt":"2025-03-28T15:34:48","guid":{"rendered":"https:\/\/liquidmaster.pl\/evoxa-hdp-12-mala-polerka-ro-da\/"},"modified":"2026-04-18T04:39:11","modified_gmt":"2026-04-18T02:39:11","slug":"evoxa-hdp-12-mala-polerka-ro-da","status":"publish","type":"product","link":"https:\/\/liquidmaster.pl\/en\/evoxa-hdp-12-mala-polerka-ro-da\/","title":{"rendered":"Evoxa HDP 12 small RO + DA polisher"},"content":{"rendered":"<p>Evoxa HDP12 \u2013 the first small multifunctional polisher with mains power on the market. The combination of a powerful, small engine with small work plates allowed us to obtain a device that fits the idea of detailing, taking into account high work efficiency, unattainable with similar battery solutions.<br \/>\nThe polisher has several operating modes obtained by replacing accessories with a quick-connect system, which makes it ideal for working on all small surfaces.<\/p>\n<p>Possible work configurations:<br \/>\n\u2013 Rotation with 30 or 50 mm working discs<br \/>\n\u2013 Dual Action with 8 or 12mm stroke with 30, 50, 75mm discs<br \/>\n\u2013 Optionally, the quick connector is suitable for 50mm rotational extensions and for clamping holders for cones with a 3mm shank<\/p>\n<p>Characteristic:<\/p>\n<p># Compact and slim housing, comfortable to hold with quick connector that doubles as an eccentric cover<\/p>\n<p># Very powerful 850W motor in a slim version, powered by 230V<\/p>\n<p># Optimally selected speed range that allows you to work effectively on small rotary discs and ensures good maintenance of rotational movement in the Dual Action system<\/p>\n<p># Special design of working plates with appropriate load, minimizing vibrations and increasing rotational stability when working in the Dual Action system<\/p>\n<p># Precisely CNC-made accessory connectors, stably holding the eccentrics in the quick connector<\/p>\n<p># Electronics with soft start and speed stabilization facilitating effective and fatigue-free long-term work<\/p>\n<p># Speed control potentiometer with precise half-value setting with a characteristic click<\/p>\n<p># Removable red ventilation grids to catch polishing fur residues and facilitate blowing through the device<\/p>\n<p># 5m soft siliconized power cable for easy polishing inside the car<\/p>\n<p># 24-month warranty, also when used professionally.<br \/>\n\u00a0<\/p>\n<p>\u2013 engine power: 850 W<\/p>\n<p>\u2013 revolutions: 2000 \u2013 6000 OPM<\/p>\n<p>\u2013 accessories: RO quick connector, 8 and 12 mm eccentric<\/p>\n<p>\u2013 thrust plates: 30, 50, 75 mm<\/p>\n<p>\u2013 soft start<\/p>\n<p>\u2013 rotation stabilization<\/p>\n<p>\u2013 all NSK brand bearings<\/p>\n<p>\u2013 siliconized power cord, 5 m long<\/p>\n<p>\u2013 spare brushes and assembly key included<\/p>\n<p>\u2013 weight 1.7 kg<br \/>\n\u2013 housing length 29 cm<br \/>\n\u2013 housing diameter at the grip point 5.5 cm<\/p>","protected":false},"excerpt":{"rendered":"<p>Evoxa HDP12 &#8211; to pierwsza na rynku, ma\u0142a polerka multifunkcyjna z zasilaniem sieciowym. Po\u0142\u0105czenie mocnego silnika o niewielkich rozmiarach z ma\u0142ymi talerzami roboczymi pozwoli\u0142o uzyska\u0107 urz\u0105dzenie wpisujace si\u0119 w ide\u0119 detailingu z uwzglednieniem du\u017cej efektywno\u015bci pracy, nieosi\u0105galnej dla podobnych rozwi\u0105za\u0144 akumulatorowych. Polerka posiada kilka tryb\u00f3w pracy uzyskiwanych poprzez wymian\u0119 osprz\u0119tu z systemem szybkoz\u0142\u0105czek co czyni&hellip;&nbsp;<a href=\"https:\/\/liquidmaster.pl\/en\/evoxa-hdp-12-mala-polerka-ro-da\/\" rel=\"bookmark\">Read More \u00bb<span class=\"screen-reader-text\">Evoxa HDP 12 small RO + DA polisher<\/span><\/a><\/p>","protected":false},"featured_media":1849926,"comment_status":"open","ping_status":"open","template":"","meta":{"neve_meta_sidebar":"","neve_meta_container":"","neve_meta_enable_content_width":"","neve_meta_content_width":0,"neve_meta_title_alignment":"","neve_meta_author_avatar":"","neve_post_elements_order":"","neve_meta_disable_header":"","neve_meta_disable_footer":"","neve_meta_disable_title":"","_themeisle_gutenberg_block_has_review":false},"product_brand":[],"product_cat":[806,883,748],"product_tag":[290],"class_list":{"0":"post-1806989","1":"product","2":"type-product","3":"status-publish","4":"has-post-thumbnail","6":"product_cat-maszyny-polerskie","7":"product_cat-mini-polerki","8":"product_cat-polerowanie","9":"product_tag-evoxa","11":"first","12":"outofstock","13":"taxable","14":"shipping-taxable","15":"purchasable","16":"product-type-simple"},"_links":{"self":[{"href":"https:\/\/liquidmaster.pl\/en\/wp-json\/wp\/v2\/product\/1806989","targetHints":{"allow":["GET"]}}],"collection":[{"href":"https:\/\/liquidmaster.pl\/en\/wp-json\/wp\/v2\/product"}],"about":[{"href":"https:\/\/liquidmaster.pl\/en\/wp-json\/wp\/v2\/types\/product"}],"replies":[{"embeddable":true,"href":"https:\/\/liquidmaster.pl\/en\/wp-json\/wp\/v2\/comments?post=1806989"}],"wp:featuredmedia":[{"embeddable":true,"href":"https:\/\/liquidmaster.pl\/en\/wp-json\/wp\/v2\/media\/1849926"}],"wp:attachment":[{"href":"https:\/\/liquidmaster.pl\/en\/wp-json\/wp\/v2\/media?parent=1806989"}],"wp:term":[{"taxonomy":"product_brand","embeddable":true,"href":"https:\/\/liquidmaster.pl\/en\/wp-json\/wp\/v2\/product_brand?post=1806989"},{"taxonomy":"product_cat","embeddable":true,"href":"https:\/\/liquidmaster.pl\/en\/wp-json\/wp\/v2\/product_cat?post=1806989"},{"taxonomy":"product_tag","embeddable":true,"href":"https:\/\/liquidmaster.pl\/en\/wp-json\/wp\/v2\/product_tag?post=1806989"}],"curies":[{"name":"wp","href":"https:\/\/api.w.org\/{rel}","templated":true}]}}