{"id":1806985,"date":"2025-03-28T17:34:48","date_gmt":"2025-03-28T15:34:48","guid":{"rendered":"https:\/\/liquidmaster.pl\/deturner-microfiber-10-pack\/"},"modified":"2026-04-18T04:39:10","modified_gmt":"2026-04-18T02:39:10","slug":"deturner-microfiber-10-pack","status":"publish","type":"product","link":"https:\/\/liquidmaster.pl\/en\/deturner-microfiber-10-pack\/","title":{"rendered":"Deturner Microfiber 10-pack"},"content":{"rendered":"<p>Microfiber 10pcs<\/p>\n<p>Economical edgeless microfiber with a wide range of applications. Its increased grammage and softness will allow you to work freely on ceramic coatings and soft varnishes. Perfect for indoor work and for lapping pastes, QDs and sealants.<\/p>\n<p>\u00a0<\/p>\n<p>Weight: 300 gsm<\/p>\n<p>Dimensions 40\u00d740 cm<\/p>","protected":false},"excerpt":{"rendered":"<p>Microfiber 10pcs Ekonomiczna bez kraw\u0119dziowa mikrofibra o szerokim polu zastosowania. Jej podwy\u017cszona gramatura oraz mi\u0119kko\u015b\u0107 pozwol\u0105 na swobodne prace przy pow\u0142okach ceramicznych i mi\u0119kkich lakierach. Idealna do prac wewn\u0105trz oraz docierania past, QD i sealant\u00f3w. \u00a0 Gramatura: 300 gsm Wymiar 40&#215;40 cm<\/p>","protected":false},"featured_media":1849924,"comment_status":"open","ping_status":"open","template":"","meta":{"neve_meta_sidebar":"","neve_meta_container":"","neve_meta_enable_content_width":"","neve_meta_content_width":0,"neve_meta_title_alignment":"","neve_meta_author_avatar":"","neve_post_elements_order":"","neve_meta_disable_header":"","neve_meta_disable_footer":"","neve_meta_disable_title":"","_themeisle_gutenberg_block_has_review":false},"product_brand":[],"product_cat":[757,758,798],"product_tag":[287],"class_list":{"0":"post-1806985","1":"product","2":"type-product","3":"status-publish","4":"has-post-thumbnail","6":"product_cat-akcesoria","7":"product_cat-mikrofibry-i-reczniki","8":"product_cat-uniwersalne","9":"product_tag-deturner","11":"first","12":"instock","13":"taxable","14":"shipping-taxable","15":"purchasable","16":"product-type-simple"},"_links":{"self":[{"href":"https:\/\/liquidmaster.pl\/en\/wp-json\/wp\/v2\/product\/1806985","targetHints":{"allow":["GET"]}}],"collection":[{"href":"https:\/\/liquidmaster.pl\/en\/wp-json\/wp\/v2\/product"}],"about":[{"href":"https:\/\/liquidmaster.pl\/en\/wp-json\/wp\/v2\/types\/product"}],"replies":[{"embeddable":true,"href":"https:\/\/liquidmaster.pl\/en\/wp-json\/wp\/v2\/comments?post=1806985"}],"wp:featuredmedia":[{"embeddable":true,"href":"https:\/\/liquidmaster.pl\/en\/wp-json\/wp\/v2\/media\/1849924"}],"wp:attachment":[{"href":"https:\/\/liquidmaster.pl\/en\/wp-json\/wp\/v2\/media?parent=1806985"}],"wp:term":[{"taxonomy":"product_brand","embeddable":true,"href":"https:\/\/liquidmaster.pl\/en\/wp-json\/wp\/v2\/product_brand?post=1806985"},{"taxonomy":"product_cat","embeddable":true,"href":"https:\/\/liquidmaster.pl\/en\/wp-json\/wp\/v2\/product_cat?post=1806985"},{"taxonomy":"product_tag","embeddable":true,"href":"https:\/\/liquidmaster.pl\/en\/wp-json\/wp\/v2\/product_tag?post=1806985"}],"curies":[{"name":"wp","href":"https:\/\/api.w.org\/{rel}","templated":true}]}}