{"id":1806977,"date":"2025-03-28T17:34:27","date_gmt":"2025-03-28T15:34:27","guid":{"rendered":"https:\/\/liquidmaster.pl\/poka-premium-equipment-uniwersalna-polka-do-przechowywania-kosmetykow\/"},"modified":"2026-02-13T07:15:54","modified_gmt":"2026-02-13T05:15:54","slug":"poka-premium-equipment-uniwersalna-polka-do-przechowywania-kosmetykow","status":"publish","type":"product","link":"https:\/\/liquidmaster.pl\/en\/poka-premium-equipment-uniwersalna-polka-do-przechowywania-kosmetykow\/","title":{"rendered":"Poka Premium Equipment \u2013 universal shelf for storing cosmetics"},"content":{"rendered":"<p>A high-quality, universal shelf for storing cosmetics (also as an exhibition of unique cosmetics) or a place for a small compressor. Made of the best quality and technological structural steel, covered with a thick layer of zinc, protecting against rust and corrosion. The shelf was finally painted on both sides with high-quality powder paint with a fine structure, ensuring protection against scratches and fading. A shelf protected in this way will serve us for many years, even in the most difficult conditions.<\/p>\n<p>Precisely made, thanks to advanced CNC technology, it has no sharp edges or ends. The shelf is safe to use. Additionally, a pressure washer handle or a C-type handle can be mounted on the front edge of the shelf to provide additional functionality to the shelf.<\/p>\n<p>* Pressure washer handle holder and C-handle are not included in the set. Possibility to purchase them separately.<\/p>\n<p>Characteristic:<\/p>\n<ul>\n<li>Made of 1.5 mm thick sheet metal<\/li>\n<li>Galvanized layer - protects against rust and corrosion<\/li>\n<li>Powder coated - protection against scratches and fading<\/li>\n<li>Additional places for mounting a pressure washer handle and a C-type handle<\/li>\n<\/ul>\n<p>Black colour<\/p>\n<p>Dimensions:<\/p>\n<p>Length: 46 cm<\/p>\n<p>Height: 21 cm<\/p>\n<p>*The product does not contain mounting elements.<\/p>","protected":false},"excerpt":{"rendered":"<p>Wysokiej jako\u015bci uniwersalna p\u00f3\u0142ka do przechowywania kosmetyk\u00f3w (r\u00f3wnie\u017c jako ekspozycja unikalnych kosmetyk\u00f3w) lub miejsce pod ma\u0142y kompresor. Wykonana z najlepszych jako\u015bciowo i technologicznie stali konstrukcyjnych pokryta grub\u0105 warstw\u0105 cynku, chroni\u0105c\u0105 przed rdz\u0105 oraz korozj\u0105. P\u00f3\u0142ka finalnie zosta\u0142a dwustronnie polakierowana wysokiej jako\u015bci farb\u0105 proszkow\u0105 o drobniej strukturze zapewniaj\u0105cej ochron\u0119 przed zarysowaniami oraz p\u0142owieniem. Tak zabezpieczona p\u00f3\u0142ka&hellip;&nbsp;<a href=\"https:\/\/liquidmaster.pl\/en\/poka-premium-equipment-uniwersalna-polka-do-przechowywania-kosmetykow\/\" rel=\"bookmark\">Read More \u00bb<span class=\"screen-reader-text\">Poka Premium Equipment \u2013 universal shelf for storing cosmetics<\/span><\/a><\/p>","protected":false},"featured_media":1849909,"comment_status":"open","ping_status":"open","template":"","meta":{"neve_meta_sidebar":"","neve_meta_container":"","neve_meta_enable_content_width":"","neve_meta_content_width":0,"neve_meta_title_alignment":"","neve_meta_author_avatar":"","neve_post_elements_order":"","neve_meta_disable_header":"","neve_meta_disable_footer":"","neve_meta_disable_title":"","_themeisle_gutenberg_block_has_review":false},"product_brand":[],"product_cat":[757,811,856],"product_tag":[343],"class_list":{"0":"post-1806977","1":"product","2":"type-product","3":"status-publish","4":"has-post-thumbnail","6":"product_cat-akcesoria","7":"product_cat-pozostale-akcesoria","8":"product_cat-torby-i-organizery","9":"product_tag-poka-premium","11":"first","12":"instock","13":"taxable","14":"shipping-taxable","15":"purchasable","16":"product-type-simple"},"_links":{"self":[{"href":"https:\/\/liquidmaster.pl\/en\/wp-json\/wp\/v2\/product\/1806977","targetHints":{"allow":["GET"]}}],"collection":[{"href":"https:\/\/liquidmaster.pl\/en\/wp-json\/wp\/v2\/product"}],"about":[{"href":"https:\/\/liquidmaster.pl\/en\/wp-json\/wp\/v2\/types\/product"}],"replies":[{"embeddable":true,"href":"https:\/\/liquidmaster.pl\/en\/wp-json\/wp\/v2\/comments?post=1806977"}],"wp:featuredmedia":[{"embeddable":true,"href":"https:\/\/liquidmaster.pl\/en\/wp-json\/wp\/v2\/media\/1849909"}],"wp:attachment":[{"href":"https:\/\/liquidmaster.pl\/en\/wp-json\/wp\/v2\/media?parent=1806977"}],"wp:term":[{"taxonomy":"product_brand","embeddable":true,"href":"https:\/\/liquidmaster.pl\/en\/wp-json\/wp\/v2\/product_brand?post=1806977"},{"taxonomy":"product_cat","embeddable":true,"href":"https:\/\/liquidmaster.pl\/en\/wp-json\/wp\/v2\/product_cat?post=1806977"},{"taxonomy":"product_tag","embeddable":true,"href":"https:\/\/liquidmaster.pl\/en\/wp-json\/wp\/v2\/product_tag?post=1806977"}],"curies":[{"name":"wp","href":"https:\/\/api.w.org\/{rel}","templated":true}]}}