{"id":1806971,"date":"2025-03-28T17:34:04","date_gmt":"2025-03-28T15:34:04","guid":{"rendered":"https:\/\/liquidmaster.pl\/poka-premium-equipment-uchwyt-na-butelki-o-pojemnosci-do-1l\/"},"modified":"2026-04-20T08:19:07","modified_gmt":"2026-04-20T06:19:07","slug":"poka-premium-equipment-uchwyt-na-butelki-o-pojemnosci-do-1l","status":"publish","type":"product","link":"https:\/\/liquidmaster.pl\/en\/poka-premium-equipment-uchwyt-na-butelki-o-pojemnosci-do-1l\/","title":{"rendered":"Poka Premium Equipment \u2013 holder for bottles up to 1L"},"content":{"rendered":"<p>The small bottle holder is the perfect solution for organizing your 5 favorite 1l bottles. Safe for atomizers. It is also a great solution for storing polishing pastes. 4 mounting holes make the handle resistant to heavy loads. As in all our products, there are no sharp corners, which ensures safety of use.<\/p>\n<p>The holder can be mounted to a wall or on a Poka Premium detailing cart with &quot;modular&quot; legs (legs with multiple holes) as an additional hanger.<\/p>\n<p>Characteristic:<\/p>\n<p>\u2013 Made of 1.5 mm galvanized sheet metal<\/p>\n<p>\u2013 Powder coated<\/p>\n<p>\u2013 Space for 5 bottles<\/p>\n<p>Dimensions:<\/p>\n<p>Length: 50 cm<\/p>\n<p>Width: 10 cm<\/p>\n<p>Height: 18 cm<\/p>\n<p>Bottle opening diameter: 8.6 cm<\/p>\n<p>Black colour<\/p>\n<p>*The product does not contain mounting elements.<\/p>","protected":false},"excerpt":{"rendered":"<p>Ma\u0142y uchwyt na butelki jest idealnym rozwi\u0105zaniem organizacji 5 ulubionych butelek o pojemno\u015bci 1l. Bezpieczny dla atomizer\u00f3w. Jest to r\u00f3wnie\u017c \u015bwietne rozwi\u0105zanie do przechowywania past polerskich. 4 otwory monta\u017cowe sprawiaj\u0105, \u017ce uchwyt jest odporny na du\u017ce obci\u0105\u017cenia. Jak we wszystkich naszych produktach nie ma ostrych naro\u017cnik\u00f3w, co zapewnia bezpiecze\u0144stwo u\u017cytkowania. Uchwyt mo\u017ce by\u0107 zamontowany do&hellip;&nbsp;<a href=\"https:\/\/liquidmaster.pl\/en\/poka-premium-equipment-uchwyt-na-butelki-o-pojemnosci-do-1l\/\" rel=\"bookmark\">Read More \u00bb<span class=\"screen-reader-text\">Poka Premium Equipment \u2013 holder for bottles up to 1L<\/span><\/a><\/p>","protected":false},"featured_media":1849907,"comment_status":"open","ping_status":"open","template":"","meta":{"neve_meta_sidebar":"","neve_meta_container":"","neve_meta_enable_content_width":"","neve_meta_content_width":0,"neve_meta_title_alignment":"","neve_meta_author_avatar":"","neve_post_elements_order":"","neve_meta_disable_header":"","neve_meta_disable_footer":"","neve_meta_disable_title":"","_themeisle_gutenberg_block_has_review":false},"product_brand":[],"product_cat":[757,811,856],"product_tag":[343],"class_list":{"0":"post-1806971","1":"product","2":"type-product","3":"status-publish","4":"has-post-thumbnail","6":"product_cat-akcesoria","7":"product_cat-pozostale-akcesoria","8":"product_cat-torby-i-organizery","9":"product_tag-poka-premium","11":"first","12":"instock","13":"taxable","14":"shipping-taxable","15":"purchasable","16":"product-type-simple"},"_links":{"self":[{"href":"https:\/\/liquidmaster.pl\/en\/wp-json\/wp\/v2\/product\/1806971","targetHints":{"allow":["GET"]}}],"collection":[{"href":"https:\/\/liquidmaster.pl\/en\/wp-json\/wp\/v2\/product"}],"about":[{"href":"https:\/\/liquidmaster.pl\/en\/wp-json\/wp\/v2\/types\/product"}],"replies":[{"embeddable":true,"href":"https:\/\/liquidmaster.pl\/en\/wp-json\/wp\/v2\/comments?post=1806971"}],"wp:featuredmedia":[{"embeddable":true,"href":"https:\/\/liquidmaster.pl\/en\/wp-json\/wp\/v2\/media\/1849907"}],"wp:attachment":[{"href":"https:\/\/liquidmaster.pl\/en\/wp-json\/wp\/v2\/media?parent=1806971"}],"wp:term":[{"taxonomy":"product_brand","embeddable":true,"href":"https:\/\/liquidmaster.pl\/en\/wp-json\/wp\/v2\/product_brand?post=1806971"},{"taxonomy":"product_cat","embeddable":true,"href":"https:\/\/liquidmaster.pl\/en\/wp-json\/wp\/v2\/product_cat?post=1806971"},{"taxonomy":"product_tag","embeddable":true,"href":"https:\/\/liquidmaster.pl\/en\/wp-json\/wp\/v2\/product_tag?post=1806971"}],"curies":[{"name":"wp","href":"https:\/\/api.w.org\/{rel}","templated":true}]}}