{"id":1806968,"date":"2025-03-28T17:34:04","date_gmt":"2025-03-28T15:34:04","guid":{"rendered":"https:\/\/liquidmaster.pl\/poka-premium-equipment-uchwyt-na-pedzelki-montowany-na-wiadrze\/"},"modified":"2026-04-20T08:19:07","modified_gmt":"2026-04-20T06:19:07","slug":"poka-premium-equipment-uchwyt-na-pedzelki-montowany-na-wiadrze","status":"publish","type":"product","link":"https:\/\/liquidmaster.pl\/en\/poka-premium-equipment-uchwyt-na-pedzelki-montowany-na-wiadrze\/","title":{"rendered":"Poka Premium Equipment \u2013 brush holder mounted on a bucket"},"content":{"rendered":"<p>High-quality holder for 2 brushes designed to be hung on a bucket. The top holes accommodate most brush sizes and the mounting space will fit most bucket sizes. Thanks to this clever holder, you will always have your favorite brushes at hand.<\/p>\n<p>Made of high quality galvanized steel, precisely cut and bent, finally powder coated both inside and out to provide an additional layer of protection against oxidation.<\/p>\n<p>Characteristic:<\/p>\n<ul>\n<li>Made of high-quality 1.5 mm steel<\/li>\n<li>Galvanized layer<\/li>\n<li>Powder coated<\/li>\n<li>2 brush holes<\/li>\n<\/ul>\n<p>Dimensions:<\/p>\n<p>Length: 7 cm<\/p>\n<p>Width: 8 cm<\/p>\n<p>Height: 6 cm<\/p>\n<p>Black colour<\/p>\n<p>*The product does not contain mounting elements.<\/p>","protected":false},"excerpt":{"rendered":"<p>Wysokiej jako\u015bci uchwyt na 2 p\u0119dzelki przeznaczony do zawieszenia na wiadrze. G\u00f3rne otwory s\u0105 odpowiednie dla wi\u0119kszo\u015bci rozmiar\u00f3w p\u0119dzelk\u00f3w, a przestrze\u0144 monta\u017cowa b\u0119dzie pasowa\u0107 do wi\u0119kszo\u015bci rozmiar\u00f3w wiader. Dzi\u0119ki temu sprytnemu uchwytowi zawsze b\u0119dziesz mie\u0107 swoje ulubione p\u0119dzelki pod r\u0119k\u0105. Wykonane z wysokiej jako\u015bci stali ocynkowanej, precyzyjnie wyci\u0119ty i wygi\u0119ty, na koniec pokryty lakierem proszkowym,&hellip;&nbsp;<a href=\"https:\/\/liquidmaster.pl\/en\/poka-premium-equipment-uchwyt-na-pedzelki-montowany-na-wiadrze\/\" rel=\"bookmark\">Read More \u00bb<span class=\"screen-reader-text\">Poka Premium Equipment \u2013 brush holder mounted on a bucket<\/span><\/a><\/p>","protected":false},"featured_media":1849906,"comment_status":"open","ping_status":"open","template":"","meta":{"neve_meta_sidebar":"","neve_meta_container":"","neve_meta_enable_content_width":"","neve_meta_content_width":0,"neve_meta_title_alignment":"","neve_meta_author_avatar":"","neve_post_elements_order":"","neve_meta_disable_header":"","neve_meta_disable_footer":"","neve_meta_disable_title":"","_themeisle_gutenberg_block_has_review":false},"product_brand":[],"product_cat":[757,811,856],"product_tag":[343],"class_list":{"0":"post-1806968","1":"product","2":"type-product","3":"status-publish","4":"has-post-thumbnail","6":"product_cat-akcesoria","7":"product_cat-pozostale-akcesoria","8":"product_cat-torby-i-organizery","9":"product_tag-poka-premium","11":"first","12":"instock","13":"taxable","14":"shipping-taxable","15":"purchasable","16":"product-type-simple"},"_links":{"self":[{"href":"https:\/\/liquidmaster.pl\/en\/wp-json\/wp\/v2\/product\/1806968","targetHints":{"allow":["GET"]}}],"collection":[{"href":"https:\/\/liquidmaster.pl\/en\/wp-json\/wp\/v2\/product"}],"about":[{"href":"https:\/\/liquidmaster.pl\/en\/wp-json\/wp\/v2\/types\/product"}],"replies":[{"embeddable":true,"href":"https:\/\/liquidmaster.pl\/en\/wp-json\/wp\/v2\/comments?post=1806968"}],"wp:featuredmedia":[{"embeddable":true,"href":"https:\/\/liquidmaster.pl\/en\/wp-json\/wp\/v2\/media\/1849906"}],"wp:attachment":[{"href":"https:\/\/liquidmaster.pl\/en\/wp-json\/wp\/v2\/media?parent=1806968"}],"wp:term":[{"taxonomy":"product_brand","embeddable":true,"href":"https:\/\/liquidmaster.pl\/en\/wp-json\/wp\/v2\/product_brand?post=1806968"},{"taxonomy":"product_cat","embeddable":true,"href":"https:\/\/liquidmaster.pl\/en\/wp-json\/wp\/v2\/product_cat?post=1806968"},{"taxonomy":"product_tag","embeddable":true,"href":"https:\/\/liquidmaster.pl\/en\/wp-json\/wp\/v2\/product_tag?post=1806968"}],"curies":[{"name":"wp","href":"https:\/\/api.w.org\/{rel}","templated":true}]}}