{"id":1806945,"date":"2025-03-28T17:32:04","date_gmt":"2025-03-28T15:32:04","guid":{"rendered":"https:\/\/liquidmaster.pl\/unilite-pt-2\/"},"modified":"2026-04-18T04:39:04","modified_gmt":"2026-04-18T02:39:04","slug":"unilite-pt-2","status":"publish","type":"product","link":"https:\/\/liquidmaster.pl\/en\/unilite-pt-2\/","title":{"rendered":"Unitite PT-2"},"content":{"rendered":"<p style=\"text-align:left;margin:0pt 0pt 0pt 0pt\">PT-2 to solidna latarka LED o mocy 275 lumen\u00f3w. Dzi\u0119ki odpornej obudowie z ci\u015bnieniowo odlewanego aluminium ma wysok\u0105 odporno\u015b\u0107 na kurz i wod\u0119 IP66. 2 ustawienia trybu \u015bwiecenia umo\u017cliwiaj\u0105 prac\u0119 nawet do 15 godzin.<\/p>\n<p style=\"text-align:left;margin:0pt 0pt 0pt 0pt\">\u00a0<\/p>\n<p style=\"text-align:justify;margin:0pt 0pt 0pt 0pt\">Cechy:<\/p>\n<p style=\"tab-stops:left 28pt left 56pt left 84pt left 112pt left 140pt left 168pt left 196pt left 224pt left 252pt left 280pt left 308pt left 336pt;text-align:left;margin:0pt 0pt 0pt 0pt\">\u2022 275 lumen\u00f3w, bia\u0142a dioda CREE\u00ae LED<\/p>\n<p style=\"tab-stops:left 28pt left 56pt left 84pt left 112pt left 140pt left 168pt left 196pt left 224pt left 252pt left 280pt left 308pt left 336pt;text-align:left;margin:0pt 0pt 0pt 0pt\">\u2022 Twarda, anodowana matowa obudowa z aluminium<\/p>\n<p style=\"tab-stops:left 28pt left 56pt left 84pt left 112pt left 140pt left 168pt left 196pt left 224pt left 252pt left 280pt left 308pt left 336pt;text-align:left;margin:0pt 0pt 0pt 0pt\">\u2022 Gumowy przycisk sterowania<\/p>\n<p style=\"tab-stops:left 28pt left 56pt left 84pt left 112pt left 140pt left 168pt left 196pt left 224pt left 252pt left 280pt left 308pt left 336pt;text-align:left;margin:0pt 0pt 0pt 0pt\">\u2022 2 tryby s\u0301wiecenia<\/p>\n<p style=\"tab-stops:left 28pt left 56pt left 84pt left 112pt left 140pt left 168pt left 196pt left 224pt left 252pt left 280pt left 308pt left 336pt;text-align:left;margin:0pt 0pt 0pt 0pt\">\u2022 G\u0142adki odb\u0142y\u015bnik umoz\u0307liwiaj\u0105cy daleki zasi\u0119g latarki<\/p>\n<p style=\"tab-stops:left 28pt left 56pt left 84pt left 112pt left 140pt left 168pt left 196pt left 224pt left 252pt left 280pt left 308pt left 336pt;text-align:left;margin:0pt 0pt 0pt 0pt\">\u2022 Odporno\u015b\u0107 na kurz i wode\u0328 IP66<\/p>\n<p style=\"tab-stops:left 28pt left 56pt left 84pt left 112pt left 140pt left 168pt left 196pt left 224pt left 252pt left 280pt left 308pt left 336pt;text-align:left;margin:0pt 0pt 0pt 0pt\">\u2022 Odporno\u015b\u0107 na upadek -1m<\/p>\n<p style=\"text-align:justify;margin:0pt 0pt 0pt 0pt\">\u2022 Kieszonkowy klips\u00a0<\/p>\n<p style=\"text-align:justify;margin:0pt 0pt 0pt 0pt\">\u00a0<\/p>\n<tr style=\"height:22.65pt\">\n<p style=\"text-align:center;margin:0pt 0pt 0pt 0pt;background-color:#000000\">DANE TECHNICZNE<\/p>\n<\/tr>\n<tr style=\"height:22.65pt\">\n<p style=\"text-align:left;margin:0pt 0pt 0pt 0pt\">\u017ar\u00f3d\u0142o \u015bwiat\u0142a<\/p>\n<p style=\"text-align:center;margin:0pt 0pt 0pt 0pt\">CREE LED<\/p>\n<\/tr>\n<tr style=\"height:22.65pt\">\n<p style=\"text-align:left;margin:0pt 0pt 0pt 0pt\">moc \u015bwiat\u0142a \u00a0[lm]<\/p>\n<p style=\"text-align:center;margin:0pt 0pt 0pt 0pt\">275 (max)<\/p>\n<\/tr>\n<tr style=\"height:22.65pt\">\n<p style=\"text-align:left;margin:0pt 0pt 0pt 0pt\">kolor diody<\/p>\n<p style=\"text-align:center;margin:0pt 0pt 0pt 0pt\">bia\u0142a <\/p>\n<\/tr>\n<tr style=\"height:22.65pt\">\n<p style=\"text-align:left;margin:0pt 0pt 0pt 0pt\">rodzaj akumulatora \u00a0[mAh]<\/p>\n<p style=\"text-align:center;margin:0pt 0pt 0pt 0pt\">2 x AAA (w zestawie)<\/p>\n<\/tr>\n<tr style=\"height:22.65pt\">\n<p style=\"text-align:left;margin:0pt 0pt 0pt 0pt\">czas pracy \u00a0[h]<\/p>\n<p style=\"text-align:center;margin:0pt 0pt 0pt 0pt\">1,5-15<\/p>\n<\/tr>\n<tr style=\"height:22.65pt\">\n<p style=\"text-align:left;margin:0pt 0pt 0pt 0pt\">zakres temperatur otoczenia pracy [\u00baC]<\/p>\n<p style=\"text-align:center;margin:0pt 0pt 0pt 0pt\">-10 \u00a0+40<\/p>\n<\/tr>\n<tr style=\"height:22.65pt\">\n<p style=\"text-align:left;margin:0pt 0pt 0pt 0pt\">stopie\u0144 ochrony<\/p>\n<p style=\"text-align:center;margin:0pt 0pt 0pt 0pt\">IP66<\/p>\n<\/tr>\n<tr style=\"height:22.65pt\">\n<p style=\"text-align:left;margin:0pt 0pt 0pt 0pt\">wymiary \u00a0[mm]<\/p>\n<p style=\"text-align:center;margin:0pt 0pt 0pt 0pt\">137 x 18 x 25<\/p>\n<\/tr>\n<tr style=\"height:22.65pt\">\n<p style=\"text-align:left;margin:0pt 0pt 0pt 0pt\">waga [g]<\/p>\n<p style=\"text-align:center;margin:0pt 0pt 0pt 0pt\">65<\/p>\n<\/tr>\n","protected":false},"excerpt":{"rendered":"<p>PT-2 to solidna latarka LED o mocy 275 lumen\u00f3w. Dzi\u0119ki odpornej obudowie z ci\u015bnieniowo odlewanego aluminium ma wysok\u0105 odporno\u015b\u0107 na kurz i wod\u0119 IP66. 2 ustawienia trybu \u015bwiecenia umo\u017cliwiaj\u0105 prac\u0119 nawet do 15 godzin. \u00a0 Cechy: \u2022 275 lumen\u00f3w, bia\u0142a dioda CREE\u00ae LED \u2022 Twarda, anodowana matowa obudowa z aluminium \u2022 Gumowy przycisk sterowania \u2022&hellip;&nbsp;<a href=\"https:\/\/liquidmaster.pl\/en\/unilite-pt-2\/\" rel=\"bookmark\">Read More \u00bb<span class=\"screen-reader-text\">Unitite PT-2<\/span><\/a><\/p>","protected":false},"featured_media":1849883,"comment_status":"open","ping_status":"open","template":"","meta":{"neve_meta_sidebar":"","neve_meta_container":"","neve_meta_enable_content_width":"","neve_meta_content_width":0,"neve_meta_title_alignment":"","neve_meta_author_avatar":"","neve_post_elements_order":"","neve_meta_disable_header":"","neve_meta_disable_footer":"","neve_meta_disable_title":"","_themeisle_gutenberg_block_has_review":false},"product_brand":[],"product_cat":[749,827,748],"product_tag":[373],"class_list":{"0":"post-1806945","1":"product","2":"type-product","3":"status-publish","4":"has-post-thumbnail","6":"product_cat-akcesoria-polerskie","7":"product_cat-lampy-inspekcyjne","8":"product_cat-polerowanie","9":"product_tag-unilite","11":"first","12":"outofstock","13":"taxable","14":"shipping-taxable","15":"purchasable","16":"product-type-simple"},"_links":{"self":[{"href":"https:\/\/liquidmaster.pl\/en\/wp-json\/wp\/v2\/product\/1806945","targetHints":{"allow":["GET"]}}],"collection":[{"href":"https:\/\/liquidmaster.pl\/en\/wp-json\/wp\/v2\/product"}],"about":[{"href":"https:\/\/liquidmaster.pl\/en\/wp-json\/wp\/v2\/types\/product"}],"replies":[{"embeddable":true,"href":"https:\/\/liquidmaster.pl\/en\/wp-json\/wp\/v2\/comments?post=1806945"}],"wp:featuredmedia":[{"embeddable":true,"href":"https:\/\/liquidmaster.pl\/en\/wp-json\/wp\/v2\/media\/1849883"}],"wp:attachment":[{"href":"https:\/\/liquidmaster.pl\/en\/wp-json\/wp\/v2\/media?parent=1806945"}],"wp:term":[{"taxonomy":"product_brand","embeddable":true,"href":"https:\/\/liquidmaster.pl\/en\/wp-json\/wp\/v2\/product_brand?post=1806945"},{"taxonomy":"product_cat","embeddable":true,"href":"https:\/\/liquidmaster.pl\/en\/wp-json\/wp\/v2\/product_cat?post=1806945"},{"taxonomy":"product_tag","embeddable":true,"href":"https:\/\/liquidmaster.pl\/en\/wp-json\/wp\/v2\/product_tag?post=1806945"}],"curies":[{"name":"wp","href":"https:\/\/api.w.org\/{rel}","templated":true}]}}