{"id":1806937,"date":"2025-03-28T17:30:58","date_gmt":"2025-03-28T15:30:58","guid":{"rendered":"https:\/\/liquidmaster.pl\/adbl-vampire-light-25l-zelowy-srodek-do-usuwania-zanieczyszczen-metalicznych\/"},"modified":"2026-04-18T04:28:11","modified_gmt":"2026-04-18T02:28:11","slug":"adbl-vampire-light-25l-zelowy-srodek-do-usuwania-zanieczyszczen-metalicznych","status":"publish","type":"product","link":"https:\/\/liquidmaster.pl\/en\/adbl-vampire-light-25l-zelowy-srodek-do-usuwania-zanieczyszczen-metalicznych\/","title":{"rendered":"ADBL Vampire Light 25L - gel agent for removing metallic impurities"},"content":{"rendered":"<p>ADBL Vampire Light Everyday Deironizer \u2013 neutral gel for daily cleaning of all types of rims. Perfectly removes dust from brake pads and current operational contamination. It has a formula that minimizes the unpleasant odor typical of this type of products.<\/p>\n<p>Capacity: 25L<\/p>\n<p>\u00a0<\/p>","protected":false},"excerpt":{"rendered":"<p>ADBL Vampire Light Everyday Deironizer \u2013 neutralny \u017cel do codziennego mycia ka\u017cdego rodzaju felg. Doskonale usuwa py\u0142 z klock\u00f3w hamulcowych oraz bie\u017c\u0105ce zanieczyszczenia eksploatacyjne. Posiada formu\u0142\u0119 minimalizuj\u0105c\u0105 nieprzyjemny zapach, charakterystyczny dla tego rodzaju produkt\u00f3w. Pojemno\u015b\u0107: 25 L \u00a0<\/p>","protected":false},"featured_media":1848271,"comment_status":"open","ping_status":"open","template":"","meta":{"neve_meta_sidebar":"","neve_meta_container":"","neve_meta_enable_content_width":"","neve_meta_content_width":0,"neve_meta_title_alignment":"","neve_meta_author_avatar":"","neve_post_elements_order":"","neve_meta_disable_header":"","neve_meta_disable_footer":"","neve_meta_disable_title":"","_themeisle_gutenberg_block_has_review":false},"product_brand":[],"product_cat":[744,743,733],"product_tag":[258],"class_list":{"0":"post-1806937","1":"product","2":"type-product","3":"status-publish","4":"has-post-thumbnail","6":"product_cat-deironizacja","7":"product_cat-dekontaminacja","8":"product_cat-na-zewnatrz","9":"product_tag-adbl","11":"first","12":"outofstock","13":"taxable","14":"shipping-taxable","15":"purchasable","16":"product-type-simple"},"_links":{"self":[{"href":"https:\/\/liquidmaster.pl\/en\/wp-json\/wp\/v2\/product\/1806937","targetHints":{"allow":["GET"]}}],"collection":[{"href":"https:\/\/liquidmaster.pl\/en\/wp-json\/wp\/v2\/product"}],"about":[{"href":"https:\/\/liquidmaster.pl\/en\/wp-json\/wp\/v2\/types\/product"}],"replies":[{"embeddable":true,"href":"https:\/\/liquidmaster.pl\/en\/wp-json\/wp\/v2\/comments?post=1806937"}],"wp:featuredmedia":[{"embeddable":true,"href":"https:\/\/liquidmaster.pl\/en\/wp-json\/wp\/v2\/media\/1848271"}],"wp:attachment":[{"href":"https:\/\/liquidmaster.pl\/en\/wp-json\/wp\/v2\/media?parent=1806937"}],"wp:term":[{"taxonomy":"product_brand","embeddable":true,"href":"https:\/\/liquidmaster.pl\/en\/wp-json\/wp\/v2\/product_brand?post=1806937"},{"taxonomy":"product_cat","embeddable":true,"href":"https:\/\/liquidmaster.pl\/en\/wp-json\/wp\/v2\/product_cat?post=1806937"},{"taxonomy":"product_tag","embeddable":true,"href":"https:\/\/liquidmaster.pl\/en\/wp-json\/wp\/v2\/product_tag?post=1806937"}],"curies":[{"name":"wp","href":"https:\/\/api.w.org\/{rel}","templated":true}]}}