{"id":1806919,"date":"2025-03-28T17:30:06","date_gmt":"2025-03-28T15:30:06","guid":{"rendered":"https:\/\/liquidmaster.pl\/kiurlab-bubble-fruit-1l\/"},"modified":"2026-04-18T04:39:00","modified_gmt":"2026-04-18T02:39:00","slug":"kiurlab-bubble-fruit-1l","status":"publish","type":"product","link":"https:\/\/liquidmaster.pl\/en\/kiurlab-bubble-fruit-1l\/","title":{"rendered":"Kiurlab BUBBLE FRUIT 1L"},"content":{"rendered":"<p>Bubble Fruit car shampoo by KiurLab - a neutral shampoo for washing the car<\/p>\n<p>BUBBLE FRUIT car shampoo is a reliable product, created for effective and safe car washing. Thanks to the use of neutral pH and the highest quality ingredients, our shampoo is distinguished not only by its cleaning effectiveness, but also by its gentleness to the surface of the washed vehicle.<\/p>\n<p>How does car shampoo work?<\/p>\n<p>The ingredients present in car shampoo effectively combine with the dirt on the vehicle&#039;s surface. When washing the car, the substances contained in the product surround the dirt particles, which helps disperse them in the water. This, in turn, facilitates effective rinsing of dirt.<\/p>\n<p>To increase the effectiveness of car shampoo, it is worth using a soft sponge or glove intended for washing cars. Mechanical action on dirt, especially on difficult, older stains or in hard-to-reach places, brings exceptionally satisfying results.<\/p>\n<p>Bubble Fruit car shampoo contains specially selected detergents and auxiliary substances that effectively and safely remove oils, fats and other common contaminants that accumulate on the body during everyday use of the vehicle.<\/p>\n<p>Advantages of KiurLab Bubble Fruit neutral car shampoo<\/p>\n<ul>\n<li>economical to use - our car shampoo is very efficient. Thanks to the concentrated formula, it is possible to perform many washes using only a small amount of the product.<\/li>\n<li>convenient and effective \u2013 Bubble Fruit ensures not only pleasant, but also effective car washing. It foams perfectly and rinses off equally well, which guarantees effective removal of dirt from the vehicle body.<\/li>\n<li>safe for various surfaces - the neutral pH of our shampoo means that when removing dirt, it does not directly affect the paint and does not damage the surface protected with foil or wax. Our shampoo not only cleans effectively, but is also safe for the protective coatings used.<\/li>\n<li>pleasant scent \u2013 grapefruit aroma in Bubble Fruit shampoo provides additional pleasure and makes the process of washing the vehicle even more satisfying<\/li>\n<\/ul>\n<p>How to use Bubble Fruit car wash shampoo?<\/p>\n<p>Before you use Bubble Fruit car shampoo, read the instructions on the packaging. Please follow the instructions carefully to obtain the best cleaning results and avoid possible unwanted effects.<\/p>\n<p>Recommendations before using Bubble Fruit:<\/p>\n<li>Make sure the surface you want to wash is cold.<\/li>\n<li>Before you start washing your car with a sponge or glove, we recommend performing a preliminary wash. During this step, you will remove loose dirt, such as sand or mud, from the car&#039;s surface that could potentially damage the paint.<\/li>\n<li>Before using the product, shake the bottle vigorously several times to thoroughly mix the contents.<\/li>\n<li>Prepare the solution in the appropriate concentration. To wash your car effectively, 30-40 ml of shampoo per 10 liters of lukewarm water is enough<\/li>\n<li>Shampooing is best done using two buckets. Pour the appropriate amount of clean lukewarm water into the second bucket.<\/li>\n<li>When washing your car with shampoo, try to avoid direct sunlight.<\/li>\n<p>How to use KiurLab Bubble Fruit shampoo<\/p>\n<li>Soak a sponge or glove in a bucket of shampoo solution, then apply the shampoo to the surface to be cleaned, starting from the upper parts of the car.<\/li>\n<li>After applying the shampoo to the selected area, rinse the sponge or mitt in a bucket of clean water, removing dirt and other accumulated debris.<\/li>\n<li>Wash the car area by area, ensuring even coverage of the shampoo over the entire surface of the car.<\/li>\n<li>Maintain control over the car washing process by avoiding shampoo from drying on your car&#039;s body.<\/li>\n<li>Rinse the washed car with a strong stream of cold water.<\/li>\n<li>Inspect the washed area and repeat the steps if necessary.<\/li>\n<li>After shampooing, dry your car with a microfiber towel.<\/li>","protected":false},"excerpt":{"rendered":"<p>Szampon samochodowy Bubble Fruit marki KiurLab \u2013 neutralny szampon do mycia samochodu Szampon samochodowy BUBBLE FRUIT to niezawodny produkt, stworzony z my\u015bl\u0105 o skutecznym i bezpiecznym myciu samochod\u00f3w. Dzi\u0119ki zastosowaniu neutralnego pH oraz najwy\u017cszej jako\u015bci sk\u0142adnik\u00f3w, nasz szampon wyr\u00f3\u017cnia si\u0119 nie tylko skuteczno\u015bci\u0105 czyszczenia, lecz tak\u017ce delikatno\u015bci\u0105 wobec powierzchni mytego pojazdu Jak dzia\u0142a szampon do&hellip;&nbsp;<a href=\"https:\/\/liquidmaster.pl\/en\/kiurlab-bubble-fruit-1l\/\" rel=\"bookmark\">Read More \u00bb<span class=\"screen-reader-text\">Kiurlab BUBBLE FRUIT 1L<\/span><\/a><\/p>","protected":false},"featured_media":1849852,"comment_status":"open","ping_status":"open","template":"","meta":{"neve_meta_sidebar":"","neve_meta_container":"","neve_meta_enable_content_width":"","neve_meta_content_width":0,"neve_meta_title_alignment":"","neve_meta_author_avatar":"","neve_post_elements_order":"","neve_meta_disable_header":"","neve_meta_disable_footer":"","neve_meta_disable_title":"","_themeisle_gutenberg_block_has_review":false},"product_brand":[],"product_cat":[734,733,740],"product_tag":[917],"class_list":{"0":"post-1806919","1":"product","2":"type-product","3":"status-publish","4":"has-post-thumbnail","6":"product_cat-mycie-i-osuszanie","7":"product_cat-na-zewnatrz","8":"product_cat-szampony-mycie-i-osuszanie","9":"product_tag-kiurlab","11":"first","12":"instock","13":"taxable","14":"shipping-taxable","15":"purchasable","16":"product-type-simple"},"_links":{"self":[{"href":"https:\/\/liquidmaster.pl\/en\/wp-json\/wp\/v2\/product\/1806919","targetHints":{"allow":["GET"]}}],"collection":[{"href":"https:\/\/liquidmaster.pl\/en\/wp-json\/wp\/v2\/product"}],"about":[{"href":"https:\/\/liquidmaster.pl\/en\/wp-json\/wp\/v2\/types\/product"}],"replies":[{"embeddable":true,"href":"https:\/\/liquidmaster.pl\/en\/wp-json\/wp\/v2\/comments?post=1806919"}],"wp:featuredmedia":[{"embeddable":true,"href":"https:\/\/liquidmaster.pl\/en\/wp-json\/wp\/v2\/media\/1849852"}],"wp:attachment":[{"href":"https:\/\/liquidmaster.pl\/en\/wp-json\/wp\/v2\/media?parent=1806919"}],"wp:term":[{"taxonomy":"product_brand","embeddable":true,"href":"https:\/\/liquidmaster.pl\/en\/wp-json\/wp\/v2\/product_brand?post=1806919"},{"taxonomy":"product_cat","embeddable":true,"href":"https:\/\/liquidmaster.pl\/en\/wp-json\/wp\/v2\/product_cat?post=1806919"},{"taxonomy":"product_tag","embeddable":true,"href":"https:\/\/liquidmaster.pl\/en\/wp-json\/wp\/v2\/product_tag?post=1806919"}],"curies":[{"name":"wp","href":"https:\/\/api.w.org\/{rel}","templated":true}]}}