{"id":1806915,"date":"2025-03-28T17:30:06","date_gmt":"2025-03-28T15:30:06","guid":{"rendered":"https:\/\/liquidmaster.pl\/koch-chemie-pasta-polerska-p6-02-one-step-1l\/"},"modified":"2026-04-18T04:38:59","modified_gmt":"2026-04-18T02:38:59","slug":"koch-chemie-pasta-polerska-p6-02-one-step-1l","status":"publish","type":"product","link":"https:\/\/liquidmaster.pl\/en\/koch-chemie-pasta-polerska-p602-one-step-1l\/","title":{"rendered":"Koch Chemie Polishing Paste P6.02 One Step 1L"},"content":{"rendered":"<p>KOCH CHEMIE<\/p>\n<p>One Cut &amp; Finish P6.02 is a machine polishing paste for permanent removal of polishing haze, holograms and scratches as well as for grinding with P 2000 grit with a simultaneous sealing effect. An excellent and durable high-gloss finish is achieved by using homogeneous abrasives. The innovative One Cut &amp; Finish P6.02 agent combines the optimal ratio of abrasion and gloss for economical and effective work in vehicle preparation. One Cut &amp; Finish P6.02 is an economical, easy to polish and wipe. Contains carnauba wax and non-volatile silicones. Grinding level: 6.0 Gloss level: 8.0<\/p>\n<p>Recommendations for use:<\/p>\n<p>To achieve optimal results, we recommend processing with our One Cut Pad and a high-performance eccentric (min. 15 mm stroke) or a forced rotation eccentric. For optimal dosing, spread five pea-sized drops evenly on the pad. Spread the polishing agent evenly over the surface with the machine running at the lowest speed, and then polish crosswise with medium pressure. Do not use sponges used for this product interchangeably with other products. For scratch-free removal of polishing residues, we recommend our ultrasonically cut Polish &amp; Sealing Towel.<\/p>","protected":false},"excerpt":{"rendered":"<p>KOCH CHEMIE One Cut &#038; Finish P6.02 to pasta polerska maszynowa do trwa\u0142ego usuwania zamgle\u0144 polerskich, hologram\u00f3w i rys oraz szlifowania z ziarnisto\u015bci P 2000 z jednoczesnym efektem uszczelniaj\u0105cym. Doskona\u0142e i trwa\u0142e wyko\u0144czenie o wysokim po\u0142ysku uzyskuje si\u0119 dzi\u0119ki zastosowaniu jednorodnych materia\u0142\u00f3w \u015bciernych. Innowacyjny \u015brodek One Cut &#038; Finish P6.02 \u0142\u0105czy w sobie optymalny stosunek&hellip;&nbsp;<a href=\"https:\/\/liquidmaster.pl\/en\/koch-chemie-pasta-polerska-p602-one-step-1l\/\" rel=\"bookmark\">Read More \u00bb<span class=\"screen-reader-text\">Koch Chemie Polishing Paste P6.02 One Step 1L<\/span><\/a><\/p>","protected":false},"featured_media":1849851,"comment_status":"open","ping_status":"open","template":"","meta":{"neve_meta_sidebar":"","neve_meta_container":"","neve_meta_enable_content_width":"","neve_meta_content_width":0,"neve_meta_title_alignment":"","neve_meta_author_avatar":"","neve_post_elements_order":"","neve_meta_disable_header":"","neve_meta_disable_footer":"","neve_meta_disable_title":"","_themeisle_gutenberg_block_has_review":false},"product_brand":[],"product_cat":[845,789,748],"product_tag":[313],"class_list":{"0":"post-1806915","1":"product","2":"type-product","3":"status-publish","4":"has-post-thumbnail","6":"product_cat-pasty-aio","7":"product_cat-pasty-polerskie","8":"product_cat-polerowanie","9":"product_tag-koch-chemie","11":"first","12":"instock","13":"taxable","14":"shipping-taxable","15":"purchasable","16":"product-type-simple"},"_links":{"self":[{"href":"https:\/\/liquidmaster.pl\/en\/wp-json\/wp\/v2\/product\/1806915","targetHints":{"allow":["GET"]}}],"collection":[{"href":"https:\/\/liquidmaster.pl\/en\/wp-json\/wp\/v2\/product"}],"about":[{"href":"https:\/\/liquidmaster.pl\/en\/wp-json\/wp\/v2\/types\/product"}],"replies":[{"embeddable":true,"href":"https:\/\/liquidmaster.pl\/en\/wp-json\/wp\/v2\/comments?post=1806915"}],"wp:featuredmedia":[{"embeddable":true,"href":"https:\/\/liquidmaster.pl\/en\/wp-json\/wp\/v2\/media\/1849851"}],"wp:attachment":[{"href":"https:\/\/liquidmaster.pl\/en\/wp-json\/wp\/v2\/media?parent=1806915"}],"wp:term":[{"taxonomy":"product_brand","embeddable":true,"href":"https:\/\/liquidmaster.pl\/en\/wp-json\/wp\/v2\/product_brand?post=1806915"},{"taxonomy":"product_cat","embeddable":true,"href":"https:\/\/liquidmaster.pl\/en\/wp-json\/wp\/v2\/product_cat?post=1806915"},{"taxonomy":"product_tag","embeddable":true,"href":"https:\/\/liquidmaster.pl\/en\/wp-json\/wp\/v2\/product_tag?post=1806915"}],"curies":[{"name":"wp","href":"https:\/\/api.w.org\/{rel}","templated":true}]}}