{"id":1806912,"date":"2025-03-28T17:28:50","date_gmt":"2025-03-28T15:28:50","guid":{"rendered":"https:\/\/liquidmaster.pl\/koch-chemie-pasta-polerska-p6-02-one-step-250ml\/"},"modified":"2026-04-18T04:38:59","modified_gmt":"2026-04-18T02:38:59","slug":"koch-chemie-pasta-polerska-p6-02-one-step-250ml","status":"publish","type":"product","link":"https:\/\/liquidmaster.pl\/en\/koch-chemie-pasta-polerska-p602-one-step-250ml\/","title":{"rendered":"Koch Chemie Polishing Paste P6.02 One Step 250ml"},"content":{"rendered":"<p>Koch Chemie One Cut &amp; Finish P6.02<\/p>\n<p>Polishing paste intended for one-stage paint correction. It removes haze, holograms, scratches and matting from P2000 grit paper, and leaves a lasting protection.<\/p>\n<p>Thanks to the use of one-year abrasives, it provides an excellent and durable high-gloss finish.<\/p>\n<p>One Cut &amp; Finish P6.02 combines the optimal degree of abrasion and gloss for economical and effective work.<\/p>\n<p>One Cut &amp; Finish P6.02 is an economical, easy to polish and wipe product.<\/p>\n<p>Contains carnauba wax and non-volatile silicones.<\/p>\n<p>Usage:<\/p>\n<ul>\n<li>Shake vigorously before use.<\/li>\n<li>We recommend using Koch Chemie One Cut Pad polishing pads.<\/li>\n<li>We recommend working on Dual Action machines with a 15mm stroke for optimal working speed and finishing.<\/li>\n<li>For optimal dosing, spread five pea-sized drops evenly on the pad.<\/li>\n<li>Spread the polishing agent evenly over the surface with the machine running at the lowest speed, and then polish crosswise with medium pressure.<\/li>\n<\/ul>\n<p>Capacity: 250 ml<\/p>","protected":false},"excerpt":{"rendered":"<p>Koch Chemie One Cut &#038; Finish P6.02 Pasta polerska przeznaczona do jednoetapowej korekty lakieru. Usuwa zamglenia, hologramy, zarysowania i zmatowienia po papierze o gradacji P2000, a przy tym pozostawia trwa\u0142e zabezpieczenie. Dzi\u0119ki zastosowaniu jednorocznych materia\u0142\u00f3w \u015bciernych zapewnia doskona\u0142e i trwa\u0142e wyko\u0144czenie na wysoki po\u0142ysk. One Cut &#038; Finish P6.02 \u0142\u0105czy w sobie optymalny stopie\u0144 \u015bcieralno\u015bci&hellip;&nbsp;<a href=\"https:\/\/liquidmaster.pl\/en\/koch-chemie-pasta-polerska-p602-one-step-250ml\/\" rel=\"bookmark\">Read More \u00bb<span class=\"screen-reader-text\">Koch Chemie Polishing Paste P6.02 One Step 250ml<\/span><\/a><\/p>","protected":false},"featured_media":1849850,"comment_status":"open","ping_status":"open","template":"","meta":{"neve_meta_sidebar":"","neve_meta_container":"","neve_meta_enable_content_width":"","neve_meta_content_width":0,"neve_meta_title_alignment":"","neve_meta_author_avatar":"","neve_post_elements_order":"","neve_meta_disable_header":"","neve_meta_disable_footer":"","neve_meta_disable_title":"","_themeisle_gutenberg_block_has_review":false},"product_brand":[],"product_cat":[845,789,748],"product_tag":[313],"class_list":{"0":"post-1806912","1":"product","2":"type-product","3":"status-publish","4":"has-post-thumbnail","6":"product_cat-pasty-aio","7":"product_cat-pasty-polerskie","8":"product_cat-polerowanie","9":"product_tag-koch-chemie","11":"first","12":"instock","13":"taxable","14":"shipping-taxable","15":"purchasable","16":"product-type-simple"},"_links":{"self":[{"href":"https:\/\/liquidmaster.pl\/en\/wp-json\/wp\/v2\/product\/1806912","targetHints":{"allow":["GET"]}}],"collection":[{"href":"https:\/\/liquidmaster.pl\/en\/wp-json\/wp\/v2\/product"}],"about":[{"href":"https:\/\/liquidmaster.pl\/en\/wp-json\/wp\/v2\/types\/product"}],"replies":[{"embeddable":true,"href":"https:\/\/liquidmaster.pl\/en\/wp-json\/wp\/v2\/comments?post=1806912"}],"wp:featuredmedia":[{"embeddable":true,"href":"https:\/\/liquidmaster.pl\/en\/wp-json\/wp\/v2\/media\/1849850"}],"wp:attachment":[{"href":"https:\/\/liquidmaster.pl\/en\/wp-json\/wp\/v2\/media?parent=1806912"}],"wp:term":[{"taxonomy":"product_brand","embeddable":true,"href":"https:\/\/liquidmaster.pl\/en\/wp-json\/wp\/v2\/product_brand?post=1806912"},{"taxonomy":"product_cat","embeddable":true,"href":"https:\/\/liquidmaster.pl\/en\/wp-json\/wp\/v2\/product_cat?post=1806912"},{"taxonomy":"product_tag","embeddable":true,"href":"https:\/\/liquidmaster.pl\/en\/wp-json\/wp\/v2\/product_tag?post=1806912"}],"curies":[{"name":"wp","href":"https:\/\/api.w.org\/{rel}","templated":true}]}}