{"id":1806909,"date":"2025-03-28T17:28:50","date_gmt":"2025-03-28T15:28:50","guid":{"rendered":"https:\/\/liquidmaster.pl\/innovacar-graduated-bottle-1l-butelka-z-podzialka\/"},"modified":"2026-04-18T04:38:59","modified_gmt":"2026-04-18T02:38:59","slug":"innovacar-graduated-bottle-1l-butelka-z-podzialka","status":"publish","type":"product","link":"https:\/\/liquidmaster.pl\/en\/innovacar-graduated-bottle-1l-butelka-z-podzialka\/","title":{"rendered":"Innovacar Graduated Bottle 1L \u2013 graduated bottle"},"content":{"rendered":"<p>The Innovacar 1 liter graduated bottle is an essential tool for quickly diluting products.<\/p>\n<p>Characteristics:<\/p>\n<ul>\n<li>Graduation with scale: detailed indicators for main dilutions from 1:1 to 1:20, which avoids rough calculations to obtain the correct dilution<\/li>\n<li>Indicators every 50 ml: allowing you to dose products depending on your needs<\/li>\n<li>Chemical resistance: suitable for dispensing even alkaline products such as pre wash<\/li>\n<\/ul>\n<p>Capacity: 1L<\/p>","protected":false},"excerpt":{"rendered":"<p>Butelka z podzia\u0142k\u0105 o pojemno\u015bci 1 litra firmy Innovacar jest niezb\u0119dnym narz\u0119dziem do szybkiego rozcie\u0144czania produkt\u00f3w. Cechy: Podzia\u0142ka ze skal\u0105: szczeg\u00f3\u0142owe wska\u017aniki dla g\u0142\u00f3wnych rozcie\u0144cze\u0144 od 1:1 do 1:20, co pozwala unikn\u0105\u0107 przybli\u017conych oblicze\u0144 w celu uzyskania prawid\u0142owego rozcie\u0144czenia Wska\u017aniki co 50 ml: pozwalaj\u0105cy na dozowanie produkt\u00f3w w zale\u017cno\u015bci od potrzeb Odporno\u015b\u0107 chemiczna: nadaje si\u0119&hellip;&nbsp;<a href=\"https:\/\/liquidmaster.pl\/en\/innovacar-graduated-bottle-1l-butelka-z-podzialka\/\" rel=\"bookmark\">Read More \u00bb<span class=\"screen-reader-text\">Innovacar Graduated Bottle 1L \u2013 graduated bottle<\/span><\/a><\/p>","protected":false},"featured_media":1849849,"comment_status":"open","ping_status":"open","template":"","meta":{"neve_meta_sidebar":"","neve_meta_container":"","neve_meta_enable_content_width":"","neve_meta_content_width":0,"neve_meta_title_alignment":"","neve_meta_author_avatar":"","neve_post_elements_order":"","neve_meta_disable_header":"","neve_meta_disable_footer":"","neve_meta_disable_title":"","_themeisle_gutenberg_block_has_review":false},"product_brand":[],"product_cat":[757,811],"product_tag":[310],"class_list":{"0":"post-1806909","1":"product","2":"type-product","3":"status-publish","4":"has-post-thumbnail","6":"product_cat-akcesoria","7":"product_cat-pozostale-akcesoria","8":"product_tag-innovacar","10":"first","11":"instock","12":"taxable","13":"shipping-taxable","14":"purchasable","15":"product-type-simple"},"_links":{"self":[{"href":"https:\/\/liquidmaster.pl\/en\/wp-json\/wp\/v2\/product\/1806909","targetHints":{"allow":["GET"]}}],"collection":[{"href":"https:\/\/liquidmaster.pl\/en\/wp-json\/wp\/v2\/product"}],"about":[{"href":"https:\/\/liquidmaster.pl\/en\/wp-json\/wp\/v2\/types\/product"}],"replies":[{"embeddable":true,"href":"https:\/\/liquidmaster.pl\/en\/wp-json\/wp\/v2\/comments?post=1806909"}],"wp:featuredmedia":[{"embeddable":true,"href":"https:\/\/liquidmaster.pl\/en\/wp-json\/wp\/v2\/media\/1849849"}],"wp:attachment":[{"href":"https:\/\/liquidmaster.pl\/en\/wp-json\/wp\/v2\/media?parent=1806909"}],"wp:term":[{"taxonomy":"product_brand","embeddable":true,"href":"https:\/\/liquidmaster.pl\/en\/wp-json\/wp\/v2\/product_brand?post=1806909"},{"taxonomy":"product_cat","embeddable":true,"href":"https:\/\/liquidmaster.pl\/en\/wp-json\/wp\/v2\/product_cat?post=1806909"},{"taxonomy":"product_tag","embeddable":true,"href":"https:\/\/liquidmaster.pl\/en\/wp-json\/wp\/v2\/product_tag?post=1806909"}],"curies":[{"name":"wp","href":"https:\/\/api.w.org\/{rel}","templated":true}]}}