{"id":1806907,"date":"2025-03-28T17:28:50","date_gmt":"2025-03-28T15:28:50","guid":{"rendered":"https:\/\/liquidmaster.pl\/funky-witch-skin-clinic-leather-cleaner-soft-150ml-srodek-do-czyszczenia-skor\/"},"modified":"2026-04-18T04:38:58","modified_gmt":"2026-04-18T02:38:58","slug":"funky-witch-skin-clinic-leather-cleaner-soft-150ml-srodek-do-czyszczenia-skor","status":"publish","type":"product","link":"https:\/\/liquidmaster.pl\/en\/funky-witch-skin-clinic-leather-cleaner-soft-150ml-srodek-do-czyszczenia-skor\/","title":{"rendered":"FUNKY WITCH Skin Clinic Leather Cleaner Soft 150ml \u2013 leather cleaner"},"content":{"rendered":"<p style=\"margin: 0px 0px 10px; text-align: justify; color: rgb(101, 109, 120); line-height: 20px; font-family: LatoRegular; box-sizing: border-box;\">Funky Witch Skin Clinic Leather Cleaner Soft 150ml \u2013 leather cleaner<\/p>\n<p class=\"text-justify\">Skin Clinic Leather Cleaner Soft is a product for cleaning leather. Thanks to its unique formula, it cleans even the deepest surfaces. The product does not leave a greasy film and restores the natural purity of leather surfaces. The agent neutralizes unwanted odors.<\/p>\n<p class=\"text-justify\">Usage:<\/p>\n<ul>\n<li>apply using a foam applicator or microfiber\u00a0<\/li>\n<li>work the product thoroughly on the element to be cleaned<\/li>\n<li>Finally, wipe thoroughly with a clean microfiber<\/li>\n<\/ul>\n<p style=\"color: rgb(239, 72, 35); line-height: 20px; margin-bottom: 10px; box-sizing: border-box;\">Capacity: 150ml<\/p>","protected":false},"excerpt":{"rendered":"<p>Funky Witch Skin Clinic Leather Cleaner Soft 150ml &#8211; \u015brodek do czyszczenia sk\u00f3r Skin Clinic Leather Cleaner Soft to produkt do czyszczenia sk\u00f3r. Dzi\u0119ki unikalnej formule czy\u015bci nawet najg\u0142\u0119bsze powierzchnie. Produkt nie pozostawia t\u0142ustego filmu, przywraca powierzchni\u0105 sk\u00f3rzanym ich naturaln\u0105 czysto\u015b\u0107. \u015arodek neutralizuje niepo\u017c\u0105dane zapachy. Spos\u00f3b u\u017cycia: aplikuj u\u017cywaj\u0105c pianowniczki lub na mikrofibre\u00a0 wypracuj produkt&hellip;&nbsp;<a href=\"https:\/\/liquidmaster.pl\/en\/funky-witch-skin-clinic-leather-cleaner-soft-150ml-srodek-do-czyszczenia-skor\/\" rel=\"bookmark\">Read More \u00bb<span class=\"screen-reader-text\">FUNKY WITCH Skin Clinic Leather Cleaner Soft 150ml \u2013 leather cleaner<\/span><\/a><\/p>","protected":false},"featured_media":1849844,"comment_status":"open","ping_status":"open","template":"","meta":{"neve_meta_sidebar":"","neve_meta_container":"","neve_meta_enable_content_width":"","neve_meta_content_width":0,"neve_meta_title_alignment":"","neve_meta_author_avatar":"","neve_post_elements_order":"","neve_meta_disable_header":"","neve_meta_disable_footer":"","neve_meta_disable_title":"","_themeisle_gutenberg_block_has_review":false},"product_brand":[],"product_cat":[834,816,768],"product_tag":[298],"class_list":{"0":"post-1806907","1":"product","2":"type-product","3":"status-publish","4":"has-post-thumbnail","6":"product_cat-czyszczenie-skory","7":"product_cat-tapicerka-skorzana","8":"product_cat-wnetrze-auta","9":"product_tag-funky-witch","10":"pa_promocja-promocje","12":"first","13":"instock","14":"taxable","15":"shipping-taxable","16":"purchasable","17":"product-type-simple"},"_links":{"self":[{"href":"https:\/\/liquidmaster.pl\/en\/wp-json\/wp\/v2\/product\/1806907","targetHints":{"allow":["GET"]}}],"collection":[{"href":"https:\/\/liquidmaster.pl\/en\/wp-json\/wp\/v2\/product"}],"about":[{"href":"https:\/\/liquidmaster.pl\/en\/wp-json\/wp\/v2\/types\/product"}],"replies":[{"embeddable":true,"href":"https:\/\/liquidmaster.pl\/en\/wp-json\/wp\/v2\/comments?post=1806907"}],"wp:featuredmedia":[{"embeddable":true,"href":"https:\/\/liquidmaster.pl\/en\/wp-json\/wp\/v2\/media\/1849844"}],"wp:attachment":[{"href":"https:\/\/liquidmaster.pl\/en\/wp-json\/wp\/v2\/media?parent=1806907"}],"wp:term":[{"taxonomy":"product_brand","embeddable":true,"href":"https:\/\/liquidmaster.pl\/en\/wp-json\/wp\/v2\/product_brand?post=1806907"},{"taxonomy":"product_cat","embeddable":true,"href":"https:\/\/liquidmaster.pl\/en\/wp-json\/wp\/v2\/product_cat?post=1806907"},{"taxonomy":"product_tag","embeddable":true,"href":"https:\/\/liquidmaster.pl\/en\/wp-json\/wp\/v2\/product_tag?post=1806907"}],"curies":[{"name":"wp","href":"https:\/\/api.w.org\/{rel}","templated":true}]}}