{"id":1806905,"date":"2025-03-28T17:28:37","date_gmt":"2025-03-28T15:28:37","guid":{"rendered":"https:\/\/liquidmaster.pl\/adbl-aio-hard-200ml-pasta-polerska-3w1-polerowanie-oczyszczanie-i-zabezpieczenie\/"},"modified":"2026-04-20T08:06:41","modified_gmt":"2026-04-20T06:06:41","slug":"adbl-aio-hard-200ml-pasta-polerska-3w1-polerowanie-oczyszczanie-i-zabezpieczenie","status":"publish","type":"product","link":"https:\/\/liquidmaster.pl\/en\/adbl-aio-hard-200ml-pasta-polerska-3w1-polerowanie-oczyszczanie-i-zabezpieczenie\/","title":{"rendered":"ADBL AIO Hard 200ml - polishing paste 3in1 polishing, cleaning and protection"},"content":{"rendered":"<p>ADBL AIO Hard \u2013 is a multi-functional product designed for polishing, cleaning and protecting any type of paint. It removes, but does not mask, oxidation, exploitation scratches, defects and holograms. ADBL AIO Hard can be used by hand or machine with all polishing tools depending on the degree of paint damage. Its composition contains carefully selected abrasive nanoparticles that polish and clean the paint from remnants of old protective coatings. Waxes and synthetic polymers fix the effect, leaving an amazing deep shine. ADBL AIO Hard works best with soft\/hard varnishes as a product for quick, one-step varnish correction, the so-called OneStep. The versatility of ADBL AIO Hard means that it can be used as a cleaner for preparing the car before applying wax, for polishing chrome elements in older cars, and even for polishing aluminum on exhibition rims. To additionally extend the gloss and hydrophobic effect of AIO, we especially recommend covering it with a layer of ADBL SSW, QD or WaxOne.<\/p>\n<p>Usage:<\/p>\n<li>Ready to use.<\/li>\n<li>Shake before use.<\/li>\n<li>Apply to a well-cleaned surface.<\/li>\n<li>Avoid working directly in the sun.<\/li>\n<li>The product is intended for manual work and with DA and rotary machines.<\/li>\n<p>Smell: Chocolate<\/p>\n<p>Capacity: 200 ml<\/p>\n<p>\u00a0<\/p>","protected":false},"excerpt":{"rendered":"<p>ADBL AIO Hard \u2013 to product multi-funkcyjny przeznaczony do polerowania, oczyszczania i\u00a0zabezpieczenia ka\u017cdego typu lakieru. Usuwa, a nie maskuje oksydacje, rysy eksploatacyjne, defekty i\u00a0hologramy. ADBL AIO Hard mo\u017ce by\u0107 u\u017cywany r\u0119cznie lub maszynowo ze wszystkimi narz\u0119dziami polerskimi w zale\u017cno\u015bci od stopnia zniszczenia lakieru. W swoim sk\u0142adzie posiada starannie dobrane nanocz\u0105steczki \u015bcierne, kt\u00f3re poleruj\u0105 i\u00a0oczyszczaj\u0105 lakier&hellip;&nbsp;<a href=\"https:\/\/liquidmaster.pl\/en\/adbl-aio-hard-200ml-pasta-polerska-3w1-polerowanie-oczyszczanie-i-zabezpieczenie\/\" rel=\"bookmark\">Read More \u00bb<span class=\"screen-reader-text\">ADBL AIO Hard 200ml - polishing paste 3in1 polishing, cleaning and protection<\/span><\/a><\/p>","protected":false},"featured_media":1848257,"comment_status":"open","ping_status":"open","template":"","meta":{"neve_meta_sidebar":"","neve_meta_container":"","neve_meta_enable_content_width":"","neve_meta_content_width":0,"neve_meta_title_alignment":"","neve_meta_author_avatar":"","neve_post_elements_order":"","neve_meta_disable_header":"","neve_meta_disable_footer":"","neve_meta_disable_title":"","_themeisle_gutenberg_block_has_review":false},"product_brand":[],"product_cat":[809,733,808],"product_tag":[258],"class_list":{"0":"post-1806905","1":"product","2":"type-product","3":"status-publish","4":"has-post-thumbnail","6":"product_cat-all-in-one-aio","7":"product_cat-na-zewnatrz","8":"product_cat-przygotowanie-lakieru","9":"product_tag-adbl","11":"first","12":"instock","13":"taxable","14":"shipping-taxable","15":"purchasable","16":"product-type-simple"},"_links":{"self":[{"href":"https:\/\/liquidmaster.pl\/en\/wp-json\/wp\/v2\/product\/1806905","targetHints":{"allow":["GET"]}}],"collection":[{"href":"https:\/\/liquidmaster.pl\/en\/wp-json\/wp\/v2\/product"}],"about":[{"href":"https:\/\/liquidmaster.pl\/en\/wp-json\/wp\/v2\/types\/product"}],"replies":[{"embeddable":true,"href":"https:\/\/liquidmaster.pl\/en\/wp-json\/wp\/v2\/comments?post=1806905"}],"wp:featuredmedia":[{"embeddable":true,"href":"https:\/\/liquidmaster.pl\/en\/wp-json\/wp\/v2\/media\/1848257"}],"wp:attachment":[{"href":"https:\/\/liquidmaster.pl\/en\/wp-json\/wp\/v2\/media?parent=1806905"}],"wp:term":[{"taxonomy":"product_brand","embeddable":true,"href":"https:\/\/liquidmaster.pl\/en\/wp-json\/wp\/v2\/product_brand?post=1806905"},{"taxonomy":"product_cat","embeddable":true,"href":"https:\/\/liquidmaster.pl\/en\/wp-json\/wp\/v2\/product_cat?post=1806905"},{"taxonomy":"product_tag","embeddable":true,"href":"https:\/\/liquidmaster.pl\/en\/wp-json\/wp\/v2\/product_tag?post=1806905"}],"curies":[{"name":"wp","href":"https:\/\/api.w.org\/{rel}","templated":true}]}}