{"id":1806895,"date":"2025-03-28T17:28:04","date_gmt":"2025-03-28T15:28:04","guid":{"rendered":"https:\/\/liquidmaster.pl\/funky-witch-epic-skin-leather-quick-detailer-1l-qd-do-skory\/"},"modified":"2026-04-18T04:38:56","modified_gmt":"2026-04-18T02:38:56","slug":"funky-witch-epic-skin-leather-quick-detailer-1l-qd-do-skory","status":"publish","type":"product","link":"https:\/\/liquidmaster.pl\/en\/funky-witch-epic-skin-leather-quick-detailer-1l-qd-do-skory\/","title":{"rendered":"Funky Witch Epic Skin Leather Quick Detailer 1L \u2013 QD for leather"},"content":{"rendered":"<p>Epic Skin Leather Quick Detailer is a 2-in-1 product that has both cleaning and impregnating properties. By using only one product, we are able to clean and protect the leather surfaces inside our car. Thanks to Epic Skin, we will remove grease and dirt and restore the saturated satin finish of the interior leather surface without the risk of leaving greasy residues. The product formula has a light and pleasant lemon scent without being too full of chemicals.<\/p>\n<p>Features and benefits:<\/p>\n<ul>\n<li class=\"text-justify\">time saving (cleans and protects)<\/li>\n<li class=\"text-justify\">restores the surface&#039;s impeccable appearance<\/li>\n<li class=\"text-justify\">does not leave greasy residues<\/li>\n<li class=\"text-justify\">prolongs the good appearance of the surface for longer<\/li>\n<\/ul>\n<p>The product cannot be used to clean glass and fabric surfaces!<\/p>\n<p>Capacity: 1L<\/p>","protected":false},"excerpt":{"rendered":"<p>Epic Skin Leather Quick Detailer to produkt typu 2w1 kt\u00f3ry zar\u00f3wno charakteryzuje si\u0119 w\u0142a\u015bciwo\u015bciami czyszcz\u0105cymi jak i impregnuj\u0105cymi. U\u017cywaj\u0105c wy\u0142\u0105cznie jednego produktu jeste\u015bmy w stanie wyczy\u015bci\u0107 i zabezpieczy\u0107 sk\u00f3rzane powierzchnie we wn\u0119trzu naszego samochodu. Dzi\u0119ki Epic Skin usuniemy t\u0142uszcz i brud a przywr\u00f3cimy nasycone satynowe wyko\u0144czenie sk\u00f3rzanym powierzchni\u0105 we wn\u0119trzu bez ryzyka pozostawienia t\u0142ustych resztek.&hellip;&nbsp;<a href=\"https:\/\/liquidmaster.pl\/en\/funky-witch-epic-skin-leather-quick-detailer-1l-qd-do-skory\/\" rel=\"bookmark\">Read More \u00bb<span class=\"screen-reader-text\">Funky Witch Epic Skin Leather Quick Detailer 1L \u2013 QD for leather<\/span><\/a><\/p>","protected":false},"featured_media":1849832,"comment_status":"open","ping_status":"open","template":"","meta":{"neve_meta_sidebar":"","neve_meta_container":"","neve_meta_enable_content_width":"","neve_meta_content_width":0,"neve_meta_title_alignment":"","neve_meta_author_avatar":"","neve_post_elements_order":"","neve_meta_disable_header":"","neve_meta_disable_footer":"","neve_meta_disable_title":"","_themeisle_gutenberg_block_has_review":false},"product_brand":[],"product_cat":[855,816,768],"product_tag":[298],"class_list":{"0":"post-1806895","1":"product","2":"type-product","3":"status-publish","4":"has-post-thumbnail","6":"product_cat-qd-do-skor","7":"product_cat-tapicerka-skorzana","8":"product_cat-wnetrze-auta","9":"product_tag-funky-witch","10":"pa_promocja-promocje","12":"first","13":"instock","14":"sale","15":"taxable","16":"shipping-taxable","17":"purchasable","18":"product-type-simple"},"_links":{"self":[{"href":"https:\/\/liquidmaster.pl\/en\/wp-json\/wp\/v2\/product\/1806895","targetHints":{"allow":["GET"]}}],"collection":[{"href":"https:\/\/liquidmaster.pl\/en\/wp-json\/wp\/v2\/product"}],"about":[{"href":"https:\/\/liquidmaster.pl\/en\/wp-json\/wp\/v2\/types\/product"}],"replies":[{"embeddable":true,"href":"https:\/\/liquidmaster.pl\/en\/wp-json\/wp\/v2\/comments?post=1806895"}],"wp:featuredmedia":[{"embeddable":true,"href":"https:\/\/liquidmaster.pl\/en\/wp-json\/wp\/v2\/media\/1849832"}],"wp:attachment":[{"href":"https:\/\/liquidmaster.pl\/en\/wp-json\/wp\/v2\/media?parent=1806895"}],"wp:term":[{"taxonomy":"product_brand","embeddable":true,"href":"https:\/\/liquidmaster.pl\/en\/wp-json\/wp\/v2\/product_brand?post=1806895"},{"taxonomy":"product_cat","embeddable":true,"href":"https:\/\/liquidmaster.pl\/en\/wp-json\/wp\/v2\/product_cat?post=1806895"},{"taxonomy":"product_tag","embeddable":true,"href":"https:\/\/liquidmaster.pl\/en\/wp-json\/wp\/v2\/product_tag?post=1806895"}],"curies":[{"name":"wp","href":"https:\/\/api.w.org\/{rel}","templated":true}]}}