{"id":1806893,"date":"2025-03-28T17:28:04","date_gmt":"2025-03-28T15:28:04","guid":{"rendered":"https:\/\/liquidmaster.pl\/carpro-glass-polishing-pad-130mm\/"},"modified":"2026-04-21T08:20:15","modified_gmt":"2026-04-21T06:20:15","slug":"carpro-glass-polishing-pad-130mm","status":"publish","type":"product","link":"https:\/\/liquidmaster.pl\/en\/carpro-glass-polishing-pad-130mm\/","title":{"rendered":"CarPro Glass Polishing Pad 130mm"},"content":{"rendered":"<p>CarPro Glass Polishing Pad \u2013 a Velcro polishing disc for polishing glass. Perfect for removing difficult-to-remove stains and abrasions on glass. Leaves clean and shiny.\u00a0<\/p>\n<p>Diameter: 130 mm<\/p>","protected":false},"excerpt":{"rendered":"<p>CarPro Glass Polishing Pad &#8211; to dysk polerski na rzep do polerowania szk\u0142a. Doskona\u0142y do usuwania trudno zmywalnych plam i zatar\u0107 na szkle &#8211; szybach. Pozostawia czysto\u015b\u0107 i po\u0142ysk.\u00a0 \u015arednica:\u00a0130 mm<\/p>","protected":false},"featured_media":1849831,"comment_status":"open","ping_status":"open","template":"","meta":{"neve_meta_sidebar":"","neve_meta_container":"","neve_meta_enable_content_width":"","neve_meta_content_width":0,"neve_meta_title_alignment":"","neve_meta_author_avatar":"","neve_post_elements_order":"","neve_meta_disable_header":"","neve_meta_disable_footer":"","neve_meta_disable_title":"","_themeisle_gutenberg_block_has_review":false},"product_brand":[],"product_cat":[823,822,748],"product_tag":[275],"class_list":{"0":"post-1806893","1":"product","2":"type-product","3":"status-publish","4":"has-post-thumbnail","6":"product_cat-gabki-polerskie","7":"product_cat-pady-polerskie","8":"product_cat-polerowanie","9":"product_tag-carpro","11":"first","12":"instock","13":"taxable","14":"shipping-taxable","15":"purchasable","16":"product-type-simple"},"_links":{"self":[{"href":"https:\/\/liquidmaster.pl\/en\/wp-json\/wp\/v2\/product\/1806893","targetHints":{"allow":["GET"]}}],"collection":[{"href":"https:\/\/liquidmaster.pl\/en\/wp-json\/wp\/v2\/product"}],"about":[{"href":"https:\/\/liquidmaster.pl\/en\/wp-json\/wp\/v2\/types\/product"}],"replies":[{"embeddable":true,"href":"https:\/\/liquidmaster.pl\/en\/wp-json\/wp\/v2\/comments?post=1806893"}],"wp:featuredmedia":[{"embeddable":true,"href":"https:\/\/liquidmaster.pl\/en\/wp-json\/wp\/v2\/media\/1849831"}],"wp:attachment":[{"href":"https:\/\/liquidmaster.pl\/en\/wp-json\/wp\/v2\/media?parent=1806893"}],"wp:term":[{"taxonomy":"product_brand","embeddable":true,"href":"https:\/\/liquidmaster.pl\/en\/wp-json\/wp\/v2\/product_brand?post=1806893"},{"taxonomy":"product_cat","embeddable":true,"href":"https:\/\/liquidmaster.pl\/en\/wp-json\/wp\/v2\/product_cat?post=1806893"},{"taxonomy":"product_tag","embeddable":true,"href":"https:\/\/liquidmaster.pl\/en\/wp-json\/wp\/v2\/product_tag?post=1806893"}],"curies":[{"name":"wp","href":"https:\/\/api.w.org\/{rel}","templated":true}]}}