{"id":1806890,"date":"2025-03-28T17:28:04","date_gmt":"2025-03-28T15:28:04","guid":{"rendered":"https:\/\/liquidmaster.pl\/carpro-gforce-50ml-nanodiamentowa-powloka-do-szyb\/"},"modified":"2026-04-20T08:18:54","modified_gmt":"2026-04-20T06:18:54","slug":"carpro-gforce-50ml-nanodiamentowa-powloka-do-szyb","status":"publish","type":"product","link":"https:\/\/liquidmaster.pl\/en\/carpro-gforce-50ml-nanodiamentowa-powloka-do-szyb\/","title":{"rendered":"CarPro GForce 50ml \u2013 nano-diamond window coating"},"content":{"rendered":"<p>CarPro DQuartz GForce<\/p>\n<p>An extremely durable coating for protecting high-transparency windows, based on DQuartz nanodiamond technology. It raises the protection of glass surfaces to a completely new level and increases the comfort of traveling in rainy weather conditions.<\/p>\n<p>Why choose DQuartz GForce?<\/p>\n<ul>\n<li>Redesigned hydrophobicity and adhesion technology to ensure a strong bond to the glass surface. Thanks to this, water drops flow freely from the windshield below 50 km\/h. DQuartz GForce means excellent visibility in rainy conditions!<\/li>\n<li>The product uses the latest DQuartz technology with diamond nanoparticles, providing unprecedented scratch resistance. The coating not only restores the shine of the windows, but also protects them against scratches and dirt sticking.<\/li>\n<li>Regardless of the season, DQuartz GForce is an excellent choice. Provides long-lasting protection in all weather conditions.<\/li>\n<li>The product increases driving safety regardless of the outside conditions.<\/li>\n<\/ul>\n<p>The most important features:<\/p>\n<ul>\n<li>Extreme hydrophobicity,<\/li>\n<li>Extreme abrasion resistance,<\/li>\n<li>Resistance to chemicals and UV radiation.<\/li>\n<\/ul>\n<p>Capacity: 50 ml<\/p>","protected":false},"excerpt":{"rendered":"<p>CarPro DQuartz GForce Niezwykle trwa\u0142a pow\u0142oka do zabezpieczenia szyb o wysokiej transparentno\u015bci, kt\u00f3ra bazuje na technologii nanodiamentowej DQuartz. Wznosi ochron\u0119 powierzchni szklanych na zupe\u0142nie nowy poziom, a tak\u017ce zwi\u0119ksza komfort podr\u00f3\u017cowania w deszczowych warunkach atmosferycznych. Dlaczego warto wybra\u0107 DQuartz GForce? Przeprojektowana technologia hydrofobowo\u015bci i przyczepno\u015bci, aby zapewni\u0107 silne po\u0142\u0105czenie z powierzchni\u0105 szk\u0142a. Dzi\u0119ki czemu krople&hellip;&nbsp;<a href=\"https:\/\/liquidmaster.pl\/en\/carpro-gforce-50ml-nanodiamentowa-powloka-do-szyb\/\" rel=\"bookmark\">Read More \u00bb<span class=\"screen-reader-text\">CarPro GForce 50ml \u2013 nano-diamond window coating<\/span><\/a><\/p>","protected":false},"featured_media":1849830,"comment_status":"open","ping_status":"open","template":"","meta":{"neve_meta_sidebar":"","neve_meta_container":"","neve_meta_enable_content_width":"","neve_meta_content_width":0,"neve_meta_title_alignment":"","neve_meta_author_avatar":"","neve_post_elements_order":"","neve_meta_disable_header":"","neve_meta_disable_footer":"","neve_meta_disable_title":"","_themeisle_gutenberg_block_has_review":false},"product_brand":[],"product_cat":[733,766,775],"product_tag":[275],"class_list":{"0":"post-1806890","1":"product","2":"type-product","3":"status-publish","4":"has-post-thumbnail","6":"product_cat-na-zewnatrz","7":"product_cat-ochrona-lakieru","8":"product_cat-powloki-ceramiczne","9":"product_tag-carpro","11":"first","12":"instock","13":"taxable","14":"shipping-taxable","15":"purchasable","16":"product-type-simple"},"_links":{"self":[{"href":"https:\/\/liquidmaster.pl\/en\/wp-json\/wp\/v2\/product\/1806890","targetHints":{"allow":["GET"]}}],"collection":[{"href":"https:\/\/liquidmaster.pl\/en\/wp-json\/wp\/v2\/product"}],"about":[{"href":"https:\/\/liquidmaster.pl\/en\/wp-json\/wp\/v2\/types\/product"}],"replies":[{"embeddable":true,"href":"https:\/\/liquidmaster.pl\/en\/wp-json\/wp\/v2\/comments?post=1806890"}],"wp:featuredmedia":[{"embeddable":true,"href":"https:\/\/liquidmaster.pl\/en\/wp-json\/wp\/v2\/media\/1849830"}],"wp:attachment":[{"href":"https:\/\/liquidmaster.pl\/en\/wp-json\/wp\/v2\/media?parent=1806890"}],"wp:term":[{"taxonomy":"product_brand","embeddable":true,"href":"https:\/\/liquidmaster.pl\/en\/wp-json\/wp\/v2\/product_brand?post=1806890"},{"taxonomy":"product_cat","embeddable":true,"href":"https:\/\/liquidmaster.pl\/en\/wp-json\/wp\/v2\/product_cat?post=1806890"},{"taxonomy":"product_tag","embeddable":true,"href":"https:\/\/liquidmaster.pl\/en\/wp-json\/wp\/v2\/product_tag?post=1806890"}],"curies":[{"name":"wp","href":"https:\/\/api.w.org\/{rel}","templated":true}]}}