{"id":1806873,"date":"2025-03-28T17:26:27","date_gmt":"2025-03-28T15:26:27","guid":{"rendered":"https:\/\/liquidmaster.pl\/cleantle-leather-qd-500ml\/"},"modified":"2026-04-20T08:18:50","modified_gmt":"2026-04-20T06:18:50","slug":"cleantle-leather-qd-500ml","status":"publish","type":"product","link":"https:\/\/liquidmaster.pl\/en\/cleantle-leather-qd-500ml\/","title":{"rendered":"Cleantle Leather QD 500ml"},"content":{"rendered":"<\/p>\n<p>Leather QD\u00b2<\/p>\n<ul>\n<li>We have prepared a special product for quick and ongoing cleaning, care and maintenance of leather upholstery!<\/li>\n<li>This QD effectively removes current dirt from the upholstery and leaves the surface moisturized and softened.<\/li>\n<li>is 98% of natural origin and is easily biodegradable.\u00a0<\/li>\n<li>fragrance: One Million<\/li>\n<\/ul>","protected":false},"excerpt":{"rendered":"<p>Leather QD\u00b2 przygotowali\u015bmy specjalny produkt do szybkiego i bie\u017c\u0105cego czyszczenia, piel\u0119gnacji i konserwacji tapicerki sk\u00f3rzanej! ten QD skutecznie usuwa bie\u017c\u0105ce zabrudzenia z tapicerki, a tak\u017ce pozostawia powierzchni\u0119 nawil\u017con\u0105 i zmi\u0119kczon\u0105. jest w 98% pochodzenia naturalnego i jest \u0142atwo biodegradowalny.\u00a0 zapach: One Milion<\/p>","protected":false},"featured_media":1849812,"comment_status":"open","ping_status":"open","template":"","meta":{"neve_meta_sidebar":"","neve_meta_container":"","neve_meta_enable_content_width":"","neve_meta_content_width":0,"neve_meta_title_alignment":"","neve_meta_author_avatar":"","neve_post_elements_order":"","neve_meta_disable_header":"","neve_meta_disable_footer":"","neve_meta_disable_title":"","_themeisle_gutenberg_block_has_review":false},"product_brand":[],"product_cat":[855,816,768],"product_tag":[280],"class_list":{"0":"post-1806873","1":"product","2":"type-product","3":"status-publish","4":"has-post-thumbnail","6":"product_cat-qd-do-skor","7":"product_cat-tapicerka-skorzana","8":"product_cat-wnetrze-auta","9":"product_tag-cleantech-cleantle","11":"first","12":"instock","13":"taxable","14":"shipping-taxable","15":"purchasable","16":"product-type-simple"},"_links":{"self":[{"href":"https:\/\/liquidmaster.pl\/en\/wp-json\/wp\/v2\/product\/1806873","targetHints":{"allow":["GET"]}}],"collection":[{"href":"https:\/\/liquidmaster.pl\/en\/wp-json\/wp\/v2\/product"}],"about":[{"href":"https:\/\/liquidmaster.pl\/en\/wp-json\/wp\/v2\/types\/product"}],"replies":[{"embeddable":true,"href":"https:\/\/liquidmaster.pl\/en\/wp-json\/wp\/v2\/comments?post=1806873"}],"wp:featuredmedia":[{"embeddable":true,"href":"https:\/\/liquidmaster.pl\/en\/wp-json\/wp\/v2\/media\/1849812"}],"wp:attachment":[{"href":"https:\/\/liquidmaster.pl\/en\/wp-json\/wp\/v2\/media?parent=1806873"}],"wp:term":[{"taxonomy":"product_brand","embeddable":true,"href":"https:\/\/liquidmaster.pl\/en\/wp-json\/wp\/v2\/product_brand?post=1806873"},{"taxonomy":"product_cat","embeddable":true,"href":"https:\/\/liquidmaster.pl\/en\/wp-json\/wp\/v2\/product_cat?post=1806873"},{"taxonomy":"product_tag","embeddable":true,"href":"https:\/\/liquidmaster.pl\/en\/wp-json\/wp\/v2\/product_tag?post=1806873"}],"curies":[{"name":"wp","href":"https:\/\/api.w.org\/{rel}","templated":true}]}}