{"id":1806864,"date":"2025-03-28T17:26:04","date_gmt":"2025-03-28T15:26:04","guid":{"rendered":"https:\/\/liquidmaster.pl\/dodo-juice-tarmalade-30ml-pasta-do-usuwania-smoly-z-lakieru\/"},"modified":"2026-04-18T04:28:07","modified_gmt":"2026-04-18T02:28:07","slug":"dodo-juice-tarmalade-30ml-pasta-do-usuwania-smoly-z-lakieru","status":"publish","type":"product","link":"https:\/\/liquidmaster.pl\/en\/dodo-juice-tarmalade-30ml-pasta-do-usuwania-smoly-z-lakieru\/","title":{"rendered":"Dodo Juice Tarmalade 30ml - paste for removing tar from varnish"},"content":{"rendered":"<p>Dodo Juice Tarmalade \u2013 is a thick paste based on a natural degreaser and super solvent \u2013 orange oil. The product is extremely economical. It can be applied topically to dirt. It adheres well to the varnish, which makes it react longer to tar. After a few minutes, simply wipe the stain with a soft cloth. Work is made pleasant by the pleasant smell of fresh oranges.<\/p>\n<p>Capacity: 30 ml<\/p>","protected":false},"excerpt":{"rendered":"<p>Dodo Juice Tarmalade \u2013 to g\u0119sta pasta na bazie naturalnego odt\u0142uszczacza i superrozpuszczalnika \u2013 olejku pomara\u0144czowego. Produkt jest niezwykle ekonomiczny. Mo\u017cna nak\u0142ada\u0107 go miejscowo na zabrudzenia. Dobrze przylega do lakieru co sprawia \u017ce d\u0142u\u017cej reaguje na smo\u0142\u0119. Po kilku minutach wystarczy zetrze\u0107 plam\u0119 mi\u0119kk\u0105 szmatk\u0105. Prac\u0119 umila przyjemny zapach \u015bwie\u017cych pomara\u0144czy. Pojemno\u015b\u0107: 30 ml<\/p>","protected":false},"featured_media":1848233,"comment_status":"open","ping_status":"open","template":"","meta":{"neve_meta_sidebar":"","neve_meta_container":"","neve_meta_enable_content_width":"","neve_meta_content_width":0,"neve_meta_title_alignment":"","neve_meta_author_avatar":"","neve_post_elements_order":"","neve_meta_disable_header":"","neve_meta_disable_footer":"","neve_meta_disable_title":"","_themeisle_gutenberg_block_has_review":false},"product_brand":[],"product_cat":[743,733,793],"product_tag":[288],"class_list":{"0":"post-1806864","1":"product","2":"type-product","3":"status-publish","4":"has-post-thumbnail","6":"product_cat-dekontaminacja","7":"product_cat-na-zewnatrz","8":"product_cat-usuwanie-smoly-i-kleju","9":"product_tag-dodo-juice","11":"first","12":"instock","13":"taxable","14":"shipping-taxable","15":"purchasable","16":"product-type-simple"},"_links":{"self":[{"href":"https:\/\/liquidmaster.pl\/en\/wp-json\/wp\/v2\/product\/1806864","targetHints":{"allow":["GET"]}}],"collection":[{"href":"https:\/\/liquidmaster.pl\/en\/wp-json\/wp\/v2\/product"}],"about":[{"href":"https:\/\/liquidmaster.pl\/en\/wp-json\/wp\/v2\/types\/product"}],"replies":[{"embeddable":true,"href":"https:\/\/liquidmaster.pl\/en\/wp-json\/wp\/v2\/comments?post=1806864"}],"wp:featuredmedia":[{"embeddable":true,"href":"https:\/\/liquidmaster.pl\/en\/wp-json\/wp\/v2\/media\/1848233"}],"wp:attachment":[{"href":"https:\/\/liquidmaster.pl\/en\/wp-json\/wp\/v2\/media?parent=1806864"}],"wp:term":[{"taxonomy":"product_brand","embeddable":true,"href":"https:\/\/liquidmaster.pl\/en\/wp-json\/wp\/v2\/product_brand?post=1806864"},{"taxonomy":"product_cat","embeddable":true,"href":"https:\/\/liquidmaster.pl\/en\/wp-json\/wp\/v2\/product_cat?post=1806864"},{"taxonomy":"product_tag","embeddable":true,"href":"https:\/\/liquidmaster.pl\/en\/wp-json\/wp\/v2\/product_tag?post=1806864"}],"curies":[{"name":"wp","href":"https:\/\/api.w.org\/{rel}","templated":true}]}}