{"id":1806863,"date":"2025-03-28T17:26:04","date_gmt":"2025-03-28T15:26:04","guid":{"rendered":"https:\/\/liquidmaster.pl\/cleantle-leather-protector-500ml\/"},"modified":"2026-04-18T04:38:51","modified_gmt":"2026-04-18T02:38:51","slug":"cleantle-leather-protector-500ml","status":"publish","type":"product","link":"https:\/\/liquidmaster.pl\/en\/cleantle-leather-protector-500ml\/","title":{"rendered":"Cleantle Leather Protector 500ml"},"content":{"rendered":"<\/p>\n<p>Leather Protector\u00b2<\/p>\n<ul>\n<li>product for the care and protection of leather upholstery<\/li>\n<li>op\u00f3\u017ania brudzenie si\u0119 tapicerki i dzi\u0119ki niemu powierzchnia jest mniej podatna na odbarwienia<\/li>\n<li>its composition is a mixture of polymers and natural waxes that moisturizes and nourishes the skin<\/li>\n<li>po aplikacji powierzchnia staje si\u0119 lekko przyciemniona, \u015bliska i mi\u0119kka w dotyku<\/li>\n<li>Leather Protector does not make the upholstery shiny and contains UV filters that protect the leather against fading<\/li>\n<li>fragrance: Sandalwood<\/li>\n<\/ul>","protected":false},"excerpt":{"rendered":"<p>Leather Protector\u00b2 produkt do piel\u0119gnacji i zabezpieczania tapicerki sk\u00f3rzanej op\u00f3\u017ania brudzenie si\u0119 tapicerki i dzi\u0119ki niemu powierzchnia jest mniej podatna na odbarwienia jego sk\u0142ad to mieszanka polimer\u00f3w wraz z naturalnymi woskami, kt\u00f3ra nawil\u017ca i od\u017cywia sk\u00f3r\u0119 po aplikacji powierzchnia staje si\u0119 lekko przyciemniona, \u015bliska i mi\u0119kka w dotyku Leather Protector nie nab\u0142yszcza tapicerki, zawiera filtry&hellip;&nbsp;<a href=\"https:\/\/liquidmaster.pl\/en\/cleantle-leather-protector-500ml\/\" rel=\"bookmark\">Read More \u00bb<span class=\"screen-reader-text\">Cleantle Leather Protector 500ml<\/span><\/a><\/p>","protected":false},"featured_media":1849803,"comment_status":"open","ping_status":"open","template":"","meta":{"neve_meta_sidebar":"","neve_meta_container":"","neve_meta_enable_content_width":"","neve_meta_content_width":0,"neve_meta_title_alignment":"","neve_meta_author_avatar":"","neve_post_elements_order":"","neve_meta_disable_header":"","neve_meta_disable_footer":"","neve_meta_disable_title":"","_themeisle_gutenberg_block_has_review":false},"product_brand":[],"product_cat":[833,816,768],"product_tag":[280],"class_list":{"0":"post-1806863","1":"product","2":"type-product","3":"status-publish","4":"has-post-thumbnail","6":"product_cat-ochrona-skory","7":"product_cat-tapicerka-skorzana","8":"product_cat-wnetrze-auta","9":"product_tag-cleantech-cleantle","11":"first","12":"instock","13":"taxable","14":"shipping-taxable","15":"purchasable","16":"product-type-simple"},"_links":{"self":[{"href":"https:\/\/liquidmaster.pl\/en\/wp-json\/wp\/v2\/product\/1806863","targetHints":{"allow":["GET"]}}],"collection":[{"href":"https:\/\/liquidmaster.pl\/en\/wp-json\/wp\/v2\/product"}],"about":[{"href":"https:\/\/liquidmaster.pl\/en\/wp-json\/wp\/v2\/types\/product"}],"replies":[{"embeddable":true,"href":"https:\/\/liquidmaster.pl\/en\/wp-json\/wp\/v2\/comments?post=1806863"}],"wp:featuredmedia":[{"embeddable":true,"href":"https:\/\/liquidmaster.pl\/en\/wp-json\/wp\/v2\/media\/1849803"}],"wp:attachment":[{"href":"https:\/\/liquidmaster.pl\/en\/wp-json\/wp\/v2\/media?parent=1806863"}],"wp:term":[{"taxonomy":"product_brand","embeddable":true,"href":"https:\/\/liquidmaster.pl\/en\/wp-json\/wp\/v2\/product_brand?post=1806863"},{"taxonomy":"product_cat","embeddable":true,"href":"https:\/\/liquidmaster.pl\/en\/wp-json\/wp\/v2\/product_cat?post=1806863"},{"taxonomy":"product_tag","embeddable":true,"href":"https:\/\/liquidmaster.pl\/en\/wp-json\/wp\/v2\/product_tag?post=1806863"}],"curies":[{"name":"wp","href":"https:\/\/api.w.org\/{rel}","templated":true}]}}