{"id":1806857,"date":"2025-03-28T17:24:59","date_gmt":"2025-03-28T15:24:59","guid":{"rendered":"https:\/\/liquidmaster.pl\/rupes-bigfoot-3d-keyring-hlr75-ibrid-mini-brelok-do-kluczy\/"},"modified":"2026-04-20T08:18:48","modified_gmt":"2026-04-20T06:18:48","slug":"rupes-bigfoot-3d-keyring-hlr75-ibrid-mini-brelok-do-kluczy","status":"publish","type":"product","link":"https:\/\/liquidmaster.pl\/en\/rupes-bigfoot-3d-keyring-hlr75-ibrid-mini-brelok-do-kluczy\/","title":{"rendered":"Rupes BigFoot 3D Keyring HLR75 iBrid Mini \u2013 keychain"},"content":{"rendered":"<p>Imagine a carefully crafted keychain that is not only a practical accessory, but also a tribute to the BigFoot HLR75 polisher. This unique keychain, made of durable, rubberized PVC with metal elements, reflects the essence and detailed design of the renowned RUPES tool. It is not an ordinary keychain, but a distinguishing element. Its realistic design and choice of materials make it the perfect combination of style and functionality, allowing you to carry a piece of RUPES&#039; careful craftsmanship with you at all times.<\/p>\n<p>Material: rubberized PVC and metal<\/p>\n<p>Dimensions: 55 x 40 x 20 mm<\/p>","protected":false},"excerpt":{"rendered":"<p>Wyobra\u017a sobie starannie wykonany brelok, kt\u00f3ry nie tylko jest praktycznym dodatkiem, ale tak\u017ce ho\u0142dem dla polerki BigFoot HLR75. Ten wyj\u0105tkowy brelok, wykonany z trwa\u0142ego, gumowanego PVC z metalowymi elementami, odzwierciedla esencj\u0119 i szczeg\u00f3\u0142owe wzornictwo renomowanego narz\u0119dzia RUPES. Nie jest to zwyk\u0142y brelok, ale element wyr\u00f3\u017cniaj\u0105cy. Jego realistyczny design i wyb\u00f3r materia\u0142\u00f3w sprawiaj\u0105, \u017ce jest to&hellip;&nbsp;<a href=\"https:\/\/liquidmaster.pl\/en\/rupes-bigfoot-3d-keyring-hlr75-ibrid-mini-brelok-do-kluczy\/\" rel=\"bookmark\">Read More \u00bb<span class=\"screen-reader-text\">Rupes BigFoot 3D Keyring HLR75 iBrid Mini \u2013 keychain<\/span><\/a><\/p>","protected":false},"featured_media":1849795,"comment_status":"open","ping_status":"open","template":"","meta":{"neve_meta_sidebar":"","neve_meta_container":"","neve_meta_enable_content_width":"","neve_meta_content_width":0,"neve_meta_title_alignment":"","neve_meta_author_avatar":"","neve_post_elements_order":"","neve_meta_disable_header":"","neve_meta_disable_footer":"","neve_meta_disable_title":"","_themeisle_gutenberg_block_has_review":false},"product_brand":[],"product_cat":[757,862,811],"product_tag":[354],"class_list":{"0":"post-1806857","1":"product","2":"type-product","3":"status-publish","4":"has-post-thumbnail","6":"product_cat-akcesoria","7":"product_cat-gadzety","8":"product_cat-pozostale-akcesoria","9":"product_tag-rupes","11":"first","12":"instock","13":"taxable","14":"shipping-taxable","15":"purchasable","16":"product-type-simple"},"_links":{"self":[{"href":"https:\/\/liquidmaster.pl\/en\/wp-json\/wp\/v2\/product\/1806857","targetHints":{"allow":["GET"]}}],"collection":[{"href":"https:\/\/liquidmaster.pl\/en\/wp-json\/wp\/v2\/product"}],"about":[{"href":"https:\/\/liquidmaster.pl\/en\/wp-json\/wp\/v2\/types\/product"}],"replies":[{"embeddable":true,"href":"https:\/\/liquidmaster.pl\/en\/wp-json\/wp\/v2\/comments?post=1806857"}],"wp:featuredmedia":[{"embeddable":true,"href":"https:\/\/liquidmaster.pl\/en\/wp-json\/wp\/v2\/media\/1849795"}],"wp:attachment":[{"href":"https:\/\/liquidmaster.pl\/en\/wp-json\/wp\/v2\/media?parent=1806857"}],"wp:term":[{"taxonomy":"product_brand","embeddable":true,"href":"https:\/\/liquidmaster.pl\/en\/wp-json\/wp\/v2\/product_brand?post=1806857"},{"taxonomy":"product_cat","embeddable":true,"href":"https:\/\/liquidmaster.pl\/en\/wp-json\/wp\/v2\/product_cat?post=1806857"},{"taxonomy":"product_tag","embeddable":true,"href":"https:\/\/liquidmaster.pl\/en\/wp-json\/wp\/v2\/product_tag?post=1806857"}],"curies":[{"name":"wp","href":"https:\/\/api.w.org\/{rel}","templated":true}]}}