{"id":1806855,"date":"2025-03-28T17:24:59","date_gmt":"2025-03-28T15:24:59","guid":{"rendered":"https:\/\/liquidmaster.pl\/rupes-bigfoot-3d-keyring-lhr21-markiii-brelok-do-kluczy\/"},"modified":"2026-04-20T08:18:47","modified_gmt":"2026-04-20T06:18:47","slug":"rupes-bigfoot-3d-keyring-lhr21-markiii-brelok-do-kluczy","status":"publish","type":"product","link":"https:\/\/liquidmaster.pl\/en\/rupes-bigfoot-3d-keyring-lhr21-markiii-brelok-do-kluczy\/","title":{"rendered":"Rupes BigFoot 3D keyring LHR21 MarkIII \u2013 keychain"},"content":{"rendered":"<p>The BigFoot Keychain MarkIII is a faithful copy of the BigFoot LHR21 MarkIII orbital polisher, delighting with its realistic and eye-catching design. This is the perfect way to always have your keys at hand, either in your pocket or in your bag.<\/p>\n<p>Made of soft PVC, the keychain is durable and lightweight, making it the perfect accessory for your keys. The size of 8 cm ensures that the keychain is easily felt in a pocket or bag, without being too large. The detailed design, faithfully reproducing the BigFoot LHR21 MarkIII polisher, emphasizes the combination of practicality with a passion for detailing.<\/p>\n<p>Material: soft PVC<br \/>\nDimensions: 8 cm<\/p>","protected":false},"excerpt":{"rendered":"<p>Brelok BigFoot Keychain MarkIII to wierna kopia polerki orbitalnej BigFoot LHR21 MarkIII, zachwycaj\u0105ca swoim realistycznym i przyci\u0105gaj\u0105cym wzrok designem. Jest to idealny spos\u00f3b, aby mie\u0107 swoje klucze zawsze pod r\u0119k\u0105, zar\u00f3wno w kieszeni, jak i w torbie. Wykonany z mi\u0119kkiego PVC, brelok jest trwa\u0142y i lekki, co czyni go doskona\u0142ym dodatkiem do kluczy. Wielko\u015b\u0107 8&hellip;&nbsp;<a href=\"https:\/\/liquidmaster.pl\/en\/rupes-bigfoot-3d-keyring-lhr21-markiii-brelok-do-kluczy\/\" rel=\"bookmark\">Read More \u00bb<span class=\"screen-reader-text\">Rupes BigFoot 3D keyring LHR21 MarkIII \u2013 keychain<\/span><\/a><\/p>","protected":false},"featured_media":1849794,"comment_status":"open","ping_status":"open","template":"","meta":{"neve_meta_sidebar":"","neve_meta_container":"","neve_meta_enable_content_width":"","neve_meta_content_width":0,"neve_meta_title_alignment":"","neve_meta_author_avatar":"","neve_post_elements_order":"","neve_meta_disable_header":"","neve_meta_disable_footer":"","neve_meta_disable_title":"","_themeisle_gutenberg_block_has_review":false},"product_brand":[],"product_cat":[757,862,811],"product_tag":[354],"class_list":{"0":"post-1806855","1":"product","2":"type-product","3":"status-publish","4":"has-post-thumbnail","6":"product_cat-akcesoria","7":"product_cat-gadzety","8":"product_cat-pozostale-akcesoria","9":"product_tag-rupes","11":"first","12":"outofstock","13":"taxable","14":"shipping-taxable","15":"purchasable","16":"product-type-simple"},"_links":{"self":[{"href":"https:\/\/liquidmaster.pl\/en\/wp-json\/wp\/v2\/product\/1806855","targetHints":{"allow":["GET"]}}],"collection":[{"href":"https:\/\/liquidmaster.pl\/en\/wp-json\/wp\/v2\/product"}],"about":[{"href":"https:\/\/liquidmaster.pl\/en\/wp-json\/wp\/v2\/types\/product"}],"replies":[{"embeddable":true,"href":"https:\/\/liquidmaster.pl\/en\/wp-json\/wp\/v2\/comments?post=1806855"}],"wp:featuredmedia":[{"embeddable":true,"href":"https:\/\/liquidmaster.pl\/en\/wp-json\/wp\/v2\/media\/1849794"}],"wp:attachment":[{"href":"https:\/\/liquidmaster.pl\/en\/wp-json\/wp\/v2\/media?parent=1806855"}],"wp:term":[{"taxonomy":"product_brand","embeddable":true,"href":"https:\/\/liquidmaster.pl\/en\/wp-json\/wp\/v2\/product_brand?post=1806855"},{"taxonomy":"product_cat","embeddable":true,"href":"https:\/\/liquidmaster.pl\/en\/wp-json\/wp\/v2\/product_cat?post=1806855"},{"taxonomy":"product_tag","embeddable":true,"href":"https:\/\/liquidmaster.pl\/en\/wp-json\/wp\/v2\/product_tag?post=1806855"}],"curies":[{"name":"wp","href":"https:\/\/api.w.org\/{rel}","templated":true}]}}