{"id":1806849,"date":"2025-03-28T17:24:37","date_gmt":"2025-03-28T15:24:37","guid":{"rendered":"https:\/\/liquidmaster.pl\/freshtek-one-shot-odswiezacz-slodki-rumianek\/"},"modified":"2026-04-19T03:26:05","modified_gmt":"2026-04-19T01:26:05","slug":"freshtek-one-shot-odswiezacz-slodki-rumianek","status":"publish","type":"product","link":"https:\/\/liquidmaster.pl\/en\/freshtek-one-shot-odswiezacz-slodki-rumianek\/","title":{"rendered":"Freshtek One Shot Sweet Chamomile Freshener"},"content":{"rendered":"<p>&quot;One Shot&quot; Sweet Chamomile by Freshtek, with the scent of sweet chamomile, is a perfumed air freshener. Perfumed, fresh, a bit sweet, hotel scent. The term &quot;One Shot&quot; means that just one press of the &quot;trigger&quot; is enough for the fresh scent to spread throughout the room. It is a highly concentrated aerosol, so it is perfect wherever there is a larger usable area.<\/p>\n<ul>\n<li>has a large capacity of 600 ml,<\/li>\n<li>highly concentrated, one press is enough for 200 m3,<\/li>\n<li>has special active substances to combat odor,<\/li>\n<li>very efficient thanks to its unique formula,<\/li>\n<li>stays in the air for a long time,<\/li>\n<li>quick and easy to use thanks to a special valve,<\/li>\n<li>ecological \u2013 active substances do not contain heavy metals and ingredients harmful to the ozone layer.<\/li>\n<\/ul>","protected":false},"excerpt":{"rendered":"<p>\u201eOne Shot\u201d S\u0142odki Rumianek marki Freshtek, o zapachu s\u0142odkiego rumianku, to perfumowany od\u015bwie\u017cacz powietrza. Zapach perfumowany, \u015bwie\u017cy, troch\u0119 s\u0142odki, zapach hotelowy. Okre\u015blenie \u201eOne Shot\u201d oznacza, i\u017c wystarczy jedno przyci\u015bni\u0119cie \u201espustu\u201d, aby \u015bwie\u017cy zapach rozszed\u0142 si\u0119 po ca\u0142ym pomieszczeniu. Jest to silnie skoncentrowany aerozol, wi\u0119c znakomicie nadaje si\u0119 wsz\u0119dzie tam, gdzie mamy do czynienia z wi\u0119ksz\u0105&hellip;&nbsp;<a href=\"https:\/\/liquidmaster.pl\/en\/freshtek-one-shot-odswiezacz-slodki-rumianek\/\" rel=\"bookmark\">Read More \u00bb<span class=\"screen-reader-text\">Freshtek One Shot Sweet Chamomile Freshener<\/span><\/a><\/p>","protected":false},"featured_media":1849792,"comment_status":"open","ping_status":"open","template":"","meta":{"neve_meta_sidebar":"","neve_meta_container":"","neve_meta_enable_content_width":"","neve_meta_content_width":0,"neve_meta_title_alignment":"","neve_meta_author_avatar":"","neve_post_elements_order":"","neve_meta_disable_header":"","neve_meta_disable_footer":"","neve_meta_disable_title":"","_themeisle_gutenberg_block_has_review":false},"product_brand":[],"product_cat":[801,802,768],"product_tag":[295],"class_list":{"0":"post-1806849","1":"product","2":"type-product","3":"status-publish","4":"has-post-thumbnail","6":"product_cat-odswiezacze-powietrza","7":"product_cat-perfumy-i-spraye","8":"product_cat-wnetrze-auta","9":"product_tag-freshtek","11":"first","12":"instock","13":"taxable","14":"shipping-taxable","15":"purchasable","16":"product-type-simple"},"_links":{"self":[{"href":"https:\/\/liquidmaster.pl\/en\/wp-json\/wp\/v2\/product\/1806849","targetHints":{"allow":["GET"]}}],"collection":[{"href":"https:\/\/liquidmaster.pl\/en\/wp-json\/wp\/v2\/product"}],"about":[{"href":"https:\/\/liquidmaster.pl\/en\/wp-json\/wp\/v2\/types\/product"}],"replies":[{"embeddable":true,"href":"https:\/\/liquidmaster.pl\/en\/wp-json\/wp\/v2\/comments?post=1806849"}],"wp:featuredmedia":[{"embeddable":true,"href":"https:\/\/liquidmaster.pl\/en\/wp-json\/wp\/v2\/media\/1849792"}],"wp:attachment":[{"href":"https:\/\/liquidmaster.pl\/en\/wp-json\/wp\/v2\/media?parent=1806849"}],"wp:term":[{"taxonomy":"product_brand","embeddable":true,"href":"https:\/\/liquidmaster.pl\/en\/wp-json\/wp\/v2\/product_brand?post=1806849"},{"taxonomy":"product_cat","embeddable":true,"href":"https:\/\/liquidmaster.pl\/en\/wp-json\/wp\/v2\/product_cat?post=1806849"},{"taxonomy":"product_tag","embeddable":true,"href":"https:\/\/liquidmaster.pl\/en\/wp-json\/wp\/v2\/product_tag?post=1806849"}],"curies":[{"name":"wp","href":"https:\/\/api.w.org\/{rel}","templated":true}]}}