{"id":1806838,"date":"2025-03-28T17:24:12","date_gmt":"2025-03-28T15:24:12","guid":{"rendered":"https:\/\/liquidmaster.pl\/dodo-juice-slim-reaper-90mm-tnacy-pad-polerski\/"},"modified":"2026-04-19T03:14:34","modified_gmt":"2026-04-19T01:14:34","slug":"dodo-juice-slim-reaper-90mm-tnacy-pad-polerski","status":"publish","type":"product","link":"https:\/\/liquidmaster.pl\/en\/dodo-juice-slim-reaper-90mm-tnacy-pad-polerski\/","title":{"rendered":"Dodo Juice Slim Reaper 90mm - cutting polishing pad"},"content":{"rendered":"<p data-placeholder=\"T\u0142umaczenie\" dir=\"ltr\" id=\"tw-target-text\">Dodo Juice Slim Reaper \u2013 a powerful cutting polishing pad for working on smaller surfaces and more difficult car parts. For use with both orbital and rotary polishing machines. Fastened with Velcro.<\/p>\n<p data-placeholder=\"T\u0142umaczenie\" dir=\"ltr\">Size: 90mm<\/p>","protected":false},"excerpt":{"rendered":"<p>Dodo Juice Slim Reaper \u2013 silnie tn\u0105cy pad polerski do pracy na mniejszych powierzchniach i trudniejszych cz\u0119\u015bciach samochodu. Do u\u017cycia zar\u00f3wno z orbitalnymi, jak i obrotowymi maszynami polerskimi. Mocowany na rzep. Rozmiar: 90 mm<\/p>","protected":false},"featured_media":1848217,"comment_status":"open","ping_status":"open","template":"","meta":{"neve_meta_sidebar":"","neve_meta_container":"","neve_meta_enable_content_width":"","neve_meta_content_width":0,"neve_meta_title_alignment":"","neve_meta_author_avatar":"","neve_post_elements_order":"","neve_meta_disable_header":"","neve_meta_disable_footer":"","neve_meta_disable_title":"","_themeisle_gutenberg_block_has_review":false},"product_brand":[],"product_cat":[823,822,748],"product_tag":[288],"class_list":{"0":"post-1806838","1":"product","2":"type-product","3":"status-publish","4":"has-post-thumbnail","6":"product_cat-gabki-polerskie","7":"product_cat-pady-polerskie","8":"product_cat-polerowanie","9":"product_tag-dodo-juice","11":"first","12":"instock","13":"taxable","14":"shipping-taxable","15":"purchasable","16":"product-type-simple"},"_links":{"self":[{"href":"https:\/\/liquidmaster.pl\/en\/wp-json\/wp\/v2\/product\/1806838","targetHints":{"allow":["GET"]}}],"collection":[{"href":"https:\/\/liquidmaster.pl\/en\/wp-json\/wp\/v2\/product"}],"about":[{"href":"https:\/\/liquidmaster.pl\/en\/wp-json\/wp\/v2\/types\/product"}],"replies":[{"embeddable":true,"href":"https:\/\/liquidmaster.pl\/en\/wp-json\/wp\/v2\/comments?post=1806838"}],"wp:featuredmedia":[{"embeddable":true,"href":"https:\/\/liquidmaster.pl\/en\/wp-json\/wp\/v2\/media\/1848217"}],"wp:attachment":[{"href":"https:\/\/liquidmaster.pl\/en\/wp-json\/wp\/v2\/media?parent=1806838"}],"wp:term":[{"taxonomy":"product_brand","embeddable":true,"href":"https:\/\/liquidmaster.pl\/en\/wp-json\/wp\/v2\/product_brand?post=1806838"},{"taxonomy":"product_cat","embeddable":true,"href":"https:\/\/liquidmaster.pl\/en\/wp-json\/wp\/v2\/product_cat?post=1806838"},{"taxonomy":"product_tag","embeddable":true,"href":"https:\/\/liquidmaster.pl\/en\/wp-json\/wp\/v2\/product_tag?post=1806838"}],"curies":[{"name":"wp","href":"https:\/\/api.w.org\/{rel}","templated":true}]}}