{"id":1806821,"date":"2025-03-28T17:22:26","date_gmt":"2025-03-28T15:22:26","guid":{"rendered":"https:\/\/liquidmaster.pl\/cleantle-glossify-1l\/"},"modified":"2026-04-18T04:38:44","modified_gmt":"2026-04-18T02:38:44","slug":"cleantle-glossify-1l","status":"publish","type":"product","link":"https:\/\/liquidmaster.pl\/en\/cleantle-glossify-1l-sealant-do-lakieru\/","title":{"rendered":"Cleantle Glossify 1L \u2013 paint sealant"},"content":{"rendered":"<\/p>\n<p>Glossify is a high-quality car paint sealant based on polymers and polysiloxanes. It guarantees intense color darkening, a glassy shine, and a depth that enhances the vehicle&#039;s aesthetic appeal. The product creates a durable, hydrophobic, and antistatic protective coating that facilitates cleaning and protects the paint from UV radiation, fading, and micro-scratches.<\/p>\n<p>Thanks to its properties of masking micro-scratches and increasing the slipperiness of the paint, Glossify is ideal as a standalone protective layer or as a complement to previously applied waxes and sealants.<\/p>\n<p>Product features:<\/p>\n<ul>\n<li>intensely darkens and polishes the paint,<\/li>\n<li>creates a hydrophobic and antistatic coating,<\/li>\n<li>masks micro-scratches, adds slipperiness and shine,<\/li>\n<li>protects against UV and weather conditions,<\/li>\n<li>easy and streak-free application,<\/li>\n<li>safe for PPF, vinyl and plastics,<\/li>\n<li>exceptionally efficient,<\/li>\n<li>fragrance: One Million,<\/li>\n<li>does not contain hazardous substances (no pictograms).<\/li>\n<\/ul>\n<p>Capacity: 1L<\/p>","protected":false},"excerpt":{"rendered":"<p>Glossify to wysokiej klasy sealant do lakieru samochodowego, oparty na polimerach i polisiloksanach. Gwarantuje intensywne przyciemnienie koloru, szklisty po\u0142ysk oraz g\u0142\u0119bi\u0119, kt\u00f3ra podkre\u015bla walory estetyczne pojazdu. Produkt tworzy trwa\u0142\u0105, hydrofobow\u0105 i antystatyczn\u0105 pow\u0142ok\u0119 ochronn\u0105, kt\u00f3ra u\u0142atwia utrzymanie czysto\u015bci i zabezpiecza lakier przed promieniowaniem UV, blakni\u0119ciem oraz mikrozarysowaniami. Dzi\u0119ki w\u0142a\u015bciwo\u015bciom maskuj\u0105cym mikro-rysy i zwi\u0119kszaj\u0105cej \u015blisko\u015b\u0107 lakieru,&hellip;&nbsp;<a href=\"https:\/\/liquidmaster.pl\/en\/cleantle-glossify-1l-sealant-do-lakieru\/\" rel=\"bookmark\">Read More \u00bb<span class=\"screen-reader-text\">Cleantle Glossify 1L \u2013 paint sealant<\/span><\/a><\/p>","protected":false},"featured_media":1849758,"comment_status":"open","ping_status":"open","template":"","meta":{"neve_meta_sidebar":"","neve_meta_container":"","neve_meta_enable_content_width":"","neve_meta_content_width":0,"neve_meta_title_alignment":"","neve_meta_author_avatar":"","neve_post_elements_order":"","neve_meta_disable_header":"","neve_meta_disable_footer":"","neve_meta_disable_title":"","_themeisle_gutenberg_block_has_review":false},"product_brand":[],"product_cat":[733,766,767],"product_tag":[280],"class_list":{"0":"post-1806821","1":"product","2":"type-product","3":"status-publish","4":"has-post-thumbnail","6":"product_cat-na-zewnatrz","7":"product_cat-ochrona-lakieru","8":"product_cat-quick-detailery","9":"product_tag-cleantech-cleantle","11":"first","12":"instock","13":"taxable","14":"shipping-taxable","15":"purchasable","16":"product-type-simple"},"_links":{"self":[{"href":"https:\/\/liquidmaster.pl\/en\/wp-json\/wp\/v2\/product\/1806821","targetHints":{"allow":["GET"]}}],"collection":[{"href":"https:\/\/liquidmaster.pl\/en\/wp-json\/wp\/v2\/product"}],"about":[{"href":"https:\/\/liquidmaster.pl\/en\/wp-json\/wp\/v2\/types\/product"}],"replies":[{"embeddable":true,"href":"https:\/\/liquidmaster.pl\/en\/wp-json\/wp\/v2\/comments?post=1806821"}],"wp:featuredmedia":[{"embeddable":true,"href":"https:\/\/liquidmaster.pl\/en\/wp-json\/wp\/v2\/media\/1849758"}],"wp:attachment":[{"href":"https:\/\/liquidmaster.pl\/en\/wp-json\/wp\/v2\/media?parent=1806821"}],"wp:term":[{"taxonomy":"product_brand","embeddable":true,"href":"https:\/\/liquidmaster.pl\/en\/wp-json\/wp\/v2\/product_brand?post=1806821"},{"taxonomy":"product_cat","embeddable":true,"href":"https:\/\/liquidmaster.pl\/en\/wp-json\/wp\/v2\/product_cat?post=1806821"},{"taxonomy":"product_tag","embeddable":true,"href":"https:\/\/liquidmaster.pl\/en\/wp-json\/wp\/v2\/product_tag?post=1806821"}],"curies":[{"name":"wp","href":"https:\/\/api.w.org\/{rel}","templated":true}]}}