{"id":1806815,"date":"2025-03-28T17:22:04","date_gmt":"2025-03-28T15:22:04","guid":{"rendered":"https:\/\/liquidmaster.pl\/cleantle-easyone-qd-1l\/"},"modified":"2026-04-20T08:18:40","modified_gmt":"2026-04-20T06:18:40","slug":"cleantle-easyone-qd-1l","status":"publish","type":"product","link":"https:\/\/liquidmaster.pl\/en\/cleantle-easyone-qd-1l\/","title":{"rendered":"Cleantle EasyOne QD 1L"},"content":{"rendered":"<\/p>\n<p>EasyOne QD<\/p>\n<ul>\n<li>is a product with a completely new formula! This is not EasyOne Spray Wax, which was released under the Cleantech brand<\/li>\n<li>product for polishing and care of bodywork<\/li>\n<li>easy and quick to apply<\/li>\n<li>does not leave streaks or smudges<\/li>\n<li>creates a hydrophobic and antistatic coating<\/li>\n<li>it glassizes the varnish and makes it slippery<\/li>\n<li>protects against UV radiation and fading<\/li>\n<li>ideal for extending the life of waxes<\/li>\n<li>can be applied to PPF and vinyl foil<\/li>\n<li>no pictograms<\/li>\n<li>the scent of black cherry<\/li>\n<\/ul>","protected":false},"excerpt":{"rendered":"<p>EasyOne QD to produkt o zupe\u0142nie nowej formule! Nie jest to EasyOne Spray Wax, kt\u00f3ry by\u0142 wydawany pod mark\u0105 Cleantech produkt do nab\u0142yszczania i piel\u0119gnacji karoserii \u0142atwy i szybki w aplikacji nie pozostawia smug i maz\u00f3w tworzy pow\u0142ok\u0119 hydrofobow\u0105 i antystatyczn\u0105 szkli lakier i nadaje mu \u015blisko\u015bci chroni przed promieniowaniem UV i blakni\u0119ciem idealny do&hellip;&nbsp;<a href=\"https:\/\/liquidmaster.pl\/en\/cleantle-easyone-qd-1l\/\" rel=\"bookmark\">Read More \u00bb<span class=\"screen-reader-text\">Cleantle EasyOne QD 1L<\/span><\/a><\/p>","protected":false},"featured_media":1849756,"comment_status":"open","ping_status":"open","template":"","meta":{"neve_meta_sidebar":"","neve_meta_container":"","neve_meta_enable_content_width":"","neve_meta_content_width":0,"neve_meta_title_alignment":"","neve_meta_author_avatar":"","neve_post_elements_order":"","neve_meta_disable_header":"","neve_meta_disable_footer":"","neve_meta_disable_title":"","_themeisle_gutenberg_block_has_review":false},"product_brand":[],"product_cat":[733,766,767],"product_tag":[280],"class_list":{"0":"post-1806815","1":"product","2":"type-product","3":"status-publish","4":"has-post-thumbnail","6":"product_cat-na-zewnatrz","7":"product_cat-ochrona-lakieru","8":"product_cat-quick-detailery","9":"product_tag-cleantech-cleantle","11":"first","12":"instock","13":"taxable","14":"shipping-taxable","15":"purchasable","16":"product-type-simple"},"_links":{"self":[{"href":"https:\/\/liquidmaster.pl\/en\/wp-json\/wp\/v2\/product\/1806815","targetHints":{"allow":["GET"]}}],"collection":[{"href":"https:\/\/liquidmaster.pl\/en\/wp-json\/wp\/v2\/product"}],"about":[{"href":"https:\/\/liquidmaster.pl\/en\/wp-json\/wp\/v2\/types\/product"}],"replies":[{"embeddable":true,"href":"https:\/\/liquidmaster.pl\/en\/wp-json\/wp\/v2\/comments?post=1806815"}],"wp:featuredmedia":[{"embeddable":true,"href":"https:\/\/liquidmaster.pl\/en\/wp-json\/wp\/v2\/media\/1849756"}],"wp:attachment":[{"href":"https:\/\/liquidmaster.pl\/en\/wp-json\/wp\/v2\/media?parent=1806815"}],"wp:term":[{"taxonomy":"product_brand","embeddable":true,"href":"https:\/\/liquidmaster.pl\/en\/wp-json\/wp\/v2\/product_brand?post=1806815"},{"taxonomy":"product_cat","embeddable":true,"href":"https:\/\/liquidmaster.pl\/en\/wp-json\/wp\/v2\/product_cat?post=1806815"},{"taxonomy":"product_tag","embeddable":true,"href":"https:\/\/liquidmaster.pl\/en\/wp-json\/wp\/v2\/product_tag?post=1806815"}],"curies":[{"name":"wp","href":"https:\/\/api.w.org\/{rel}","templated":true}]}}