{"id":1806812,"date":"2025-03-28T17:22:04","date_gmt":"2025-03-28T15:22:04","guid":{"rendered":"https:\/\/liquidmaster.pl\/dodo-juice-royal-plush-bezszwowa-mikrofibra-30x30cm-475gsm\/"},"modified":"2026-03-14T04:47:57","modified_gmt":"2026-03-14T02:47:57","slug":"dodo-juice-royal-plush-bezszwowa-mikrofibra-30x30cm-475gsm","status":"publish","type":"product","link":"https:\/\/liquidmaster.pl\/en\/dodo-juice-royal-plush-bezszwowa-mikrofibra-30x30cm-475gsm\/","title":{"rendered":"Dodo Juice Royal Plush - Seamless Microfiber 30x30cm 475gsm"},"content":{"rendered":"<p>Dodo Juice Royal Plush \u2013 seamless microfiber cloth. Soft enough for varnish, yet strong enough to remove stubborn residues.<\/p>\n<p>Weight: 475 gsm<\/p>\n<p>Dimensions: 30 x 30 cm<\/p>","protected":false},"excerpt":{"rendered":"<p>Dodo Juice Royal Plush \u2013 bezszwowa \u015bciereczka z mikrofibry. Wystarczaj\u0105co mi\u0119kka do lakieru, a jednocze\u015bnie wystarczaj\u0105co \u201esilna\u201d, aby usun\u0105\u0107 uporczywe pozosta\u0142o\u015bci. Gramatura: 475 gsm Wymiary: 30 x 30 cm<\/p>","protected":false},"featured_media":1848203,"comment_status":"open","ping_status":"open","template":"","meta":{"neve_meta_sidebar":"","neve_meta_container":"","neve_meta_enable_content_width":"","neve_meta_content_width":0,"neve_meta_title_alignment":"","neve_meta_author_avatar":"","neve_post_elements_order":"","neve_meta_disable_header":"","neve_meta_disable_footer":"","neve_meta_disable_title":"","_themeisle_gutenberg_block_has_review":false},"product_brand":[],"product_cat":[757,758,780],"product_tag":[288],"class_list":{"0":"post-1806812","1":"product","2":"type-product","3":"status-publish","4":"has-post-thumbnail","6":"product_cat-akcesoria","7":"product_cat-mikrofibry-i-reczniki","8":"product_cat-pluszowe","9":"product_tag-dodo-juice","11":"first","12":"outofstock","13":"taxable","14":"shipping-taxable","15":"purchasable","16":"product-type-simple"},"_links":{"self":[{"href":"https:\/\/liquidmaster.pl\/en\/wp-json\/wp\/v2\/product\/1806812","targetHints":{"allow":["GET"]}}],"collection":[{"href":"https:\/\/liquidmaster.pl\/en\/wp-json\/wp\/v2\/product"}],"about":[{"href":"https:\/\/liquidmaster.pl\/en\/wp-json\/wp\/v2\/types\/product"}],"replies":[{"embeddable":true,"href":"https:\/\/liquidmaster.pl\/en\/wp-json\/wp\/v2\/comments?post=1806812"}],"wp:featuredmedia":[{"embeddable":true,"href":"https:\/\/liquidmaster.pl\/en\/wp-json\/wp\/v2\/media\/1848203"}],"wp:attachment":[{"href":"https:\/\/liquidmaster.pl\/en\/wp-json\/wp\/v2\/media?parent=1806812"}],"wp:term":[{"taxonomy":"product_brand","embeddable":true,"href":"https:\/\/liquidmaster.pl\/en\/wp-json\/wp\/v2\/product_brand?post=1806812"},{"taxonomy":"product_cat","embeddable":true,"href":"https:\/\/liquidmaster.pl\/en\/wp-json\/wp\/v2\/product_cat?post=1806812"},{"taxonomy":"product_tag","embeddable":true,"href":"https:\/\/liquidmaster.pl\/en\/wp-json\/wp\/v2\/product_tag?post=1806812"}],"curies":[{"name":"wp","href":"https:\/\/api.w.org\/{rel}","templated":true}]}}