{"id":1806807,"date":"2025-03-28T17:20:57","date_gmt":"2025-03-28T15:20:57","guid":{"rendered":"https:\/\/liquidmaster.pl\/mirka-ros-650cv-150mm-skok-5mm-szlifierka-oscylacyjna\/"},"modified":"2026-04-19T03:25:58","modified_gmt":"2026-04-19T01:25:58","slug":"mirka-ros-650cv-150mm-skok-5mm-szlifierka-oscylacyjna","status":"publish","type":"product","link":"https:\/\/liquidmaster.pl\/en\/mirka-ros-650cv-150mm-skok-5mm-szlifierka-oscylacyjna\/","title":{"rendered":"Mirka ROS 650CV 150mm stroke 5mm \u2013 orbital sander"},"content":{"rendered":"<p>Mirka\u00ae ROS 650CV is a pneumatic orbital sander with central dust extraction. Oscillation stroke 5 mm. The device is equipped with a grinding pad with a diameter of 150 mm. Possibility of dust-free grinding after connecting to a dust extraction system. General purpose sander for all types of surfaces.<\/p>\n<p>Technical Specifications<\/p>\n<tr style=\"box-sizing: border-box;\">\n\t\t\tRated power<br \/>\n\t\t\t209<br \/>\n\t\t<\/tr>\n<tr style=\"box-sizing: border-box;\">\n\t\t\tRotational speed (rpm)<br \/>\n\t\t\t12000<br \/>\n\t\t<\/tr>\n<tr style=\"box-sizing: border-box;\">\n\t\t\tOscillation (mm)<br \/>\n\t\t\t5<br \/>\n\t\t<\/tr>\n<tr style=\"box-sizing: border-box;\">\n\t\t\tSanding pad size (inch)<br \/>\n\t\t\t6<br \/>\n\t\t<\/tr>\n<tr style=\"box-sizing: border-box;\">\n\t\t\tSanding pad size (mm)<br \/>\n\t\t\t150<br \/>\n\t\t<\/tr>\n<tr style=\"box-sizing: border-box;\">\n\t\t\tWeight (kg)<br \/>\n\t\t\t0.85<br \/>\n\t\t<\/tr>\n<tr style=\"box-sizing: border-box;\">\n\t\t\tNoise level, LpA (dB)<br \/>\n\t\t\t78<br \/>\n\t\t<\/tr>\n<tr style=\"box-sizing: border-box;\">\n\t\t\tVibration level (m\/s2)<br \/>\n\t\t\t2.48<br \/>\n\t\t<\/tr>\n<tr style=\"box-sizing: border-box;\">\n\t\t\tDust extraction system<br \/>\n\t\t\tCentral vacuum ready<br \/>\n\t\t<\/tr>\n<tr style=\"box-sizing: border-box;\">\n\t\t\tPackaging<br \/>\n\t\t\tCarton box<br \/>\n\t\t<\/tr>\n<tr style=\"box-sizing: border-box;\">\n\t\t\tModel name<br \/>\n\t\t\tMirka ROS 650CV<br \/>\n\t\t<\/tr>\n<tr style=\"box-sizing: border-box;\">\n\t\t\tWorking pressure (bar)<br \/>\n\t\t\t6,2<br \/>\n\t\t<\/tr>\n<tr style=\"box-sizing: border-box;\">\n\t\t\tSpacer included (code)<br \/>\n\t\t\t8292605011<br \/>\n\t\t<\/tr>\n<tr style=\"box-sizing: border-box;\">\n\t\t\tAir demand (l\/min)<br \/>\n\t\t\t481<br \/>\n\t\t<\/tr>\n<tr style=\"box-sizing: border-box;\">\n\t\t\tProduct class<br \/>\n\t\t\tPneumatic tool<br \/>\n\t\t<\/tr>","protected":false},"excerpt":{"rendered":"<p>Mirka\u00ae ROS 650CV to pneumatyczna szlifierka oscylacyjna z centralnym odsysaniem py\u0142u. Skok oscylacji 5 mm. Urzadzenie wyposa\u017cone jest w nak\u0142adk\u0119 szlifiersk\u0105 o \u015brednicy 150 mm. Mo\u017cliwo\u015b\u0107 szlifowania bezpy\u0142owego po pod\u0142\u0105czeniu do systemu odsysania py\u0142u. Szlifierka og\u00f3lnego przeznaczenia dla wszystkich rodzaj\u00f3w powierzchni. Specyfikacja techniczna Moc znamionowa 209 Pr\u0119dko\u015b\u0107 obrotowa (obr.\/min.) 12000 Oscylacja (mm) 5 Rozmiar nak\u0142adki&hellip;&nbsp;<a href=\"https:\/\/liquidmaster.pl\/en\/mirka-ros-650cv-150mm-skok-5mm-szlifierka-oscylacyjna\/\" rel=\"bookmark\">Read More \u00bb<span class=\"screen-reader-text\">Mirka ROS 650CV 150mm stroke 5mm \u2013 orbital sander<\/span><\/a><\/p>","protected":false},"featured_media":1849748,"comment_status":"open","ping_status":"open","template":"","meta":{"neve_meta_sidebar":"","neve_meta_container":"","neve_meta_enable_content_width":"","neve_meta_content_width":0,"neve_meta_title_alignment":"","neve_meta_author_avatar":"","neve_post_elements_order":"","neve_meta_disable_header":"","neve_meta_disable_footer":"","neve_meta_disable_title":"","_themeisle_gutenberg_block_has_review":false},"product_brand":[],"product_cat":[884,748,874],"product_tag":[325],"class_list":{"0":"post-1806807","1":"product","2":"type-product","3":"status-publish","4":"has-post-thumbnail","6":"product_cat-maszyny","7":"product_cat-polerowanie","8":"product_cat-wet-sanding","9":"product_tag-mirka","11":"first","12":"outofstock","13":"taxable","14":"shipping-taxable","15":"purchasable","16":"product-type-simple"},"_links":{"self":[{"href":"https:\/\/liquidmaster.pl\/en\/wp-json\/wp\/v2\/product\/1806807","targetHints":{"allow":["GET"]}}],"collection":[{"href":"https:\/\/liquidmaster.pl\/en\/wp-json\/wp\/v2\/product"}],"about":[{"href":"https:\/\/liquidmaster.pl\/en\/wp-json\/wp\/v2\/types\/product"}],"replies":[{"embeddable":true,"href":"https:\/\/liquidmaster.pl\/en\/wp-json\/wp\/v2\/comments?post=1806807"}],"wp:featuredmedia":[{"embeddable":true,"href":"https:\/\/liquidmaster.pl\/en\/wp-json\/wp\/v2\/media\/1849748"}],"wp:attachment":[{"href":"https:\/\/liquidmaster.pl\/en\/wp-json\/wp\/v2\/media?parent=1806807"}],"wp:term":[{"taxonomy":"product_brand","embeddable":true,"href":"https:\/\/liquidmaster.pl\/en\/wp-json\/wp\/v2\/product_brand?post=1806807"},{"taxonomy":"product_cat","embeddable":true,"href":"https:\/\/liquidmaster.pl\/en\/wp-json\/wp\/v2\/product_cat?post=1806807"},{"taxonomy":"product_tag","embeddable":true,"href":"https:\/\/liquidmaster.pl\/en\/wp-json\/wp\/v2\/product_tag?post=1806807"}],"curies":[{"name":"wp","href":"https:\/\/api.w.org\/{rel}","templated":true}]}}