{"id":1806803,"date":"2025-03-28T17:20:57","date_gmt":"2025-03-28T15:20:57","guid":{"rendered":"https:\/\/liquidmaster.pl\/mirka-ros-325cv-77mm-skok-25mm-szlifierka-oscylacyjna\/"},"modified":"2026-04-19T03:25:56","modified_gmt":"2026-04-19T01:25:56","slug":"mirka-ros-325cv-77mm-skok-25mm-szlifierka-oscylacyjna","status":"publish","type":"product","link":"https:\/\/liquidmaster.pl\/en\/mirka-ros-325cv-77mm-skok-25mm-szlifierka-oscylacyjna\/","title":{"rendered":"Mirka ROS 325CV 77mm stroke 2.5mm \u2013 orbital sander"},"content":{"rendered":"<p>Mirka\u00ae ROS 325CV is a pneumatic grinder with central suction, equipped with a shoe with a diameter of 77 mm. The grinder is designed for spot grinding. The oscillation stroke of 2.5 mm guarantees precise surface finishing. Possibility of dust-free grinding after connecting to a dust extraction system.<\/p>\n<p>Technical Specifications<\/p>\n<tr style=\"box-sizing: border-box;\">\n\t\t\tRated power<br \/>\n\t\t\t209<br \/>\n\t\t<\/tr>\n<tr style=\"box-sizing: border-box;\">\n\t\t\tRotational speed (rpm)<br \/>\n\t\t\t12000<br \/>\n\t\t<\/tr>\n<tr style=\"box-sizing: border-box;\">\n\t\t\tOscillation (mm)<br \/>\n\t\t\t2.5<br \/>\n\t\t<\/tr>\n<tr style=\"box-sizing: border-box;\">\n\t\t\tSanding pad size (inch)<br \/>\n\t\t\t3<br \/>\n\t\t<\/tr>\n<tr style=\"box-sizing: border-box;\">\n\t\t\tSanding pad size (mm)<br \/>\n\t\t\t77<br \/>\n\t\t<\/tr>\n<tr style=\"box-sizing: border-box;\">\n\t\t\tWeight (kg)<br \/>\n\t\t\t0.57<br \/>\n\t\t<\/tr>\n<tr style=\"box-sizing: border-box;\">\n\t\t\tNoise level, LpA (dB)<br \/>\n\t\t\t74<br \/>\n\t\t<\/tr>\n<tr style=\"box-sizing: border-box;\">\n\t\t\tVibration level (m\/s2)<br \/>\n\t\t\t3.2<br \/>\n\t\t<\/tr>\n<tr style=\"box-sizing: border-box;\">\n\t\t\tDust extraction system<br \/>\n\t\t\tCentral vacuum ready<br \/>\n\t\t<\/tr>\n<tr style=\"box-sizing: border-box;\">\n\t\t\tPackaging<br \/>\n\t\t\tCarton box<br \/>\n\t\t<\/tr>\n<tr style=\"box-sizing: border-box;\">\n\t\t\tModel name<br \/>\n\t\t\tMirka ROS 325CV<br \/>\n\t\t<\/tr>\n<tr style=\"box-sizing: border-box;\">\n\t\t\tWorking pressure (bar)<br \/>\n\t\t\t6,2<br \/>\n\t\t<\/tr>\n<tr style=\"box-sizing: border-box;\">\n\t\t\tSpacer included (code)<br \/>\n\t\t\t8294791211<br \/>\n\t\t<\/tr>\n<tr style=\"box-sizing: border-box;\">\n\t\t\tAir demand (l\/min)<br \/>\n\t\t\t481<br \/>\n\t\t<\/tr>\n<tr style=\"box-sizing: border-box;\">\n\t\t\tProduct class<br \/>\n\t\t\tPneumatic tool<br \/>\n\t\t<\/tr>","protected":false},"excerpt":{"rendered":"<p>Mirka\u00ae ROS 325CV to pneumatyczna szlifierka z centralnym odsysaniem, wyposa\u017cona w stop\u0119 o \u015brednicy 77 mm. Szlifierka przeznaczona jest do szlifowania punktowego. Skok oscylacji 2,5 mm gwarantuje dok\u0142adne wyko\u0144czenie powierzchni. Mo\u017cliwo\u015b\u0107 szlifowania bezpy\u0142owego po pod\u0142\u0105czeniu do systemu odsysania py\u0142u. Specyfikacja techniczna Moc znamionowa 209 Pr\u0119dko\u015b\u0107 obrotowa (obr.\/min.) 12000 Oscylacja (mm) 2.5 Rozmiar nak\u0142adki szlifierskiej (cal)&hellip;&nbsp;<a href=\"https:\/\/liquidmaster.pl\/en\/mirka-ros-325cv-77mm-skok-25mm-szlifierka-oscylacyjna\/\" rel=\"bookmark\">Read More \u00bb<span class=\"screen-reader-text\">Mirka ROS 325CV 77mm stroke 2.5mm \u2013 orbital sander<\/span><\/a><\/p>","protected":false},"featured_media":1849740,"comment_status":"open","ping_status":"open","template":"","meta":{"neve_meta_sidebar":"","neve_meta_container":"","neve_meta_enable_content_width":"","neve_meta_content_width":0,"neve_meta_title_alignment":"","neve_meta_author_avatar":"","neve_post_elements_order":"","neve_meta_disable_header":"","neve_meta_disable_footer":"","neve_meta_disable_title":"","_themeisle_gutenberg_block_has_review":false},"product_brand":[],"product_cat":[884,748,874],"product_tag":[325],"class_list":{"0":"post-1806803","1":"product","2":"type-product","3":"status-publish","4":"has-post-thumbnail","6":"product_cat-maszyny","7":"product_cat-polerowanie","8":"product_cat-wet-sanding","9":"product_tag-mirka","11":"first","12":"outofstock","13":"taxable","14":"shipping-taxable","15":"purchasable","16":"product-type-simple"},"_links":{"self":[{"href":"https:\/\/liquidmaster.pl\/en\/wp-json\/wp\/v2\/product\/1806803","targetHints":{"allow":["GET"]}}],"collection":[{"href":"https:\/\/liquidmaster.pl\/en\/wp-json\/wp\/v2\/product"}],"about":[{"href":"https:\/\/liquidmaster.pl\/en\/wp-json\/wp\/v2\/types\/product"}],"replies":[{"embeddable":true,"href":"https:\/\/liquidmaster.pl\/en\/wp-json\/wp\/v2\/comments?post=1806803"}],"wp:featuredmedia":[{"embeddable":true,"href":"https:\/\/liquidmaster.pl\/en\/wp-json\/wp\/v2\/media\/1849740"}],"wp:attachment":[{"href":"https:\/\/liquidmaster.pl\/en\/wp-json\/wp\/v2\/media?parent=1806803"}],"wp:term":[{"taxonomy":"product_brand","embeddable":true,"href":"https:\/\/liquidmaster.pl\/en\/wp-json\/wp\/v2\/product_brand?post=1806803"},{"taxonomy":"product_cat","embeddable":true,"href":"https:\/\/liquidmaster.pl\/en\/wp-json\/wp\/v2\/product_cat?post=1806803"},{"taxonomy":"product_tag","embeddable":true,"href":"https:\/\/liquidmaster.pl\/en\/wp-json\/wp\/v2\/product_tag?post=1806803"}],"curies":[{"name":"wp","href":"https:\/\/api.w.org\/{rel}","templated":true}]}}