{"id":1806801,"date":"2025-03-28T17:20:46","date_gmt":"2025-03-28T15:20:46","guid":{"rendered":"https:\/\/liquidmaster.pl\/dodo-juice-rag-queen-bezszwowa-mikrofibra-40x40cm-380gsm\/"},"modified":"2026-03-14T04:43:52","modified_gmt":"2026-03-14T02:43:52","slug":"dodo-juice-rag-queen-bezszwowa-mikrofibra-40x40cm-380gsm","status":"publish","type":"product","link":"https:\/\/liquidmaster.pl\/en\/dodo-juice-rag-queen-bezszwowa-mikrofibra-40x40cm-380gsm\/","title":{"rendered":"Dodo Juice Rag Queen - Seamless Microfiber 40x40cm 380gsm"},"content":{"rendered":"<p>Dodo Juice Rag Queen - seamless, versatile and economical &quot;general purpose&quot; microfiber, with soft, short bristles ideal for polishing and removing stubborn dirt inside or outside your car.<\/p>\n<p>Weight: 380 gsm<\/p>\n<p>Dimensions: 40 x 40 cm<\/p>","protected":false},"excerpt":{"rendered":"<p>Dodo Juice Rag Queen \u2013 bezszwowa wszechstronna i ekonomiczna mikrofibra \u201eog\u00f3lnego przeznaczenia\u201d, z mi\u0119kkim, kr\u00f3tkim w\u0142osiem idealnym do polerowania i usuwania uporczywych zabrudze\u0144 wewn\u0105trz lub na zewn\u0105trz samochodu. Gramatura: 380 gsm Wymiary: 40 x 40 cm<\/p>","protected":false},"featured_media":1848195,"comment_status":"open","ping_status":"open","template":"","meta":{"neve_meta_sidebar":"","neve_meta_container":"","neve_meta_enable_content_width":"","neve_meta_content_width":0,"neve_meta_title_alignment":"","neve_meta_author_avatar":"","neve_post_elements_order":"","neve_meta_disable_header":"","neve_meta_disable_footer":"","neve_meta_disable_title":"","_themeisle_gutenberg_block_has_review":false},"product_brand":[],"product_cat":[757,758,798],"product_tag":[288],"class_list":{"0":"post-1806801","1":"product","2":"type-product","3":"status-publish","4":"has-post-thumbnail","6":"product_cat-akcesoria","7":"product_cat-mikrofibry-i-reczniki","8":"product_cat-uniwersalne","9":"product_tag-dodo-juice","11":"first","12":"outofstock","13":"taxable","14":"shipping-taxable","15":"purchasable","16":"product-type-simple"},"_links":{"self":[{"href":"https:\/\/liquidmaster.pl\/en\/wp-json\/wp\/v2\/product\/1806801","targetHints":{"allow":["GET"]}}],"collection":[{"href":"https:\/\/liquidmaster.pl\/en\/wp-json\/wp\/v2\/product"}],"about":[{"href":"https:\/\/liquidmaster.pl\/en\/wp-json\/wp\/v2\/types\/product"}],"replies":[{"embeddable":true,"href":"https:\/\/liquidmaster.pl\/en\/wp-json\/wp\/v2\/comments?post=1806801"}],"wp:featuredmedia":[{"embeddable":true,"href":"https:\/\/liquidmaster.pl\/en\/wp-json\/wp\/v2\/media\/1848195"}],"wp:attachment":[{"href":"https:\/\/liquidmaster.pl\/en\/wp-json\/wp\/v2\/media?parent=1806801"}],"wp:term":[{"taxonomy":"product_brand","embeddable":true,"href":"https:\/\/liquidmaster.pl\/en\/wp-json\/wp\/v2\/product_brand?post=1806801"},{"taxonomy":"product_cat","embeddable":true,"href":"https:\/\/liquidmaster.pl\/en\/wp-json\/wp\/v2\/product_cat?post=1806801"},{"taxonomy":"product_tag","embeddable":true,"href":"https:\/\/liquidmaster.pl\/en\/wp-json\/wp\/v2\/product_tag?post=1806801"}],"curies":[{"name":"wp","href":"https:\/\/api.w.org\/{rel}","templated":true}]}}