{"id":1806799,"date":"2025-03-28T17:20:33","date_gmt":"2025-03-28T15:20:33","guid":{"rendered":"https:\/\/liquidmaster.pl\/gtechniq-wm2-wash-mitt-rekawica-do-mycia-karoserii\/"},"modified":"2026-04-19T03:25:56","modified_gmt":"2026-04-19T01:25:56","slug":"gtechniq-wm2-wash-mitt-rekawica-do-mycia-karoserii","status":"publish","type":"product","link":"https:\/\/liquidmaster.pl\/en\/gtechniq-wm2-wash-mitt-rekawica-do-mycia-karoserii\/","title":{"rendered":"Gtechniq WM2 Wash Mitt \u2013 a glove for washing bodywork"},"content":{"rendered":"<p>Why is it worth using the WM2 washing glove?<\/p>\n<p>WM2 Wash Mitt is a car washing glove that is safe for paint and coatings. The special design of the glove with an internal sponge allows it to absorb a maximum amount of water and foam. Microfiber fibers of various lengths safely remove dirt, keeping it inside the glove.<\/p>\n<p>The WM2 Microfibre Wash Mitt minimizes the effect of friction and ensures perfect car washing, without the risk of scratching the paint and coatings. Remember to rinse the glove after washing each panel so that the dirt stuck to it is rinsed in the bucket and does not scratch the paint during further washing.<\/p>\n<p>Characteristic:<\/p>\n<p>Dimensions without sleeve: 18x22cm<br \/>\nWeight: 420g\/m\u00b2<br \/>\nComposition: 100% Polyester<\/p>","protected":false},"excerpt":{"rendered":"<p>Dlaczego warto u\u017cywa\u0107 r\u0119kawicy do mycia WM2? WM2 Wash Mitt to r\u0119kawica do mycia samochodu, kt\u00f3ra jest bezpieczna dla lakieru i pow\u0142ok. Specjalna konstrukcja r\u0119kawicy z wewn\u0119trzn\u0105 g\u0105bk\u0105 pozwala jej na ch\u0142oni\u0119cie maksymalnie du\u017cej ilo\u015bci wody i piany. Mikrofibrowe w\u0142\u00f3kna o r\u00f3\u017cnej d\u0142ugo\u015bci bezpiecznie usuwaj\u0105 zabrudzenia, zatrzymuj\u0105c je wewn\u0105trz r\u0119kawicy. R\u0119kawica z mikrofibry WM2 Microfibre&hellip;&nbsp;<a href=\"https:\/\/liquidmaster.pl\/en\/gtechniq-wm2-wash-mitt-rekawica-do-mycia-karoserii\/\" rel=\"bookmark\">Read More \u00bb<span class=\"screen-reader-text\">Gtechniq WM2 Wash Mitt \u2013 a glove for washing bodywork<\/span><\/a><\/p>","protected":false},"featured_media":1849739,"comment_status":"open","ping_status":"open","template":"","meta":{"neve_meta_sidebar":"","neve_meta_container":"","neve_meta_enable_content_width":"","neve_meta_content_width":0,"neve_meta_title_alignment":"","neve_meta_author_avatar":"","neve_post_elements_order":"","neve_meta_disable_header":"","neve_meta_disable_footer":"","neve_meta_disable_title":"","_themeisle_gutenberg_block_has_review":false},"product_brand":[],"product_cat":[734,733,764],"product_tag":[940],"class_list":{"0":"post-1806799","1":"product","2":"type-product","3":"status-publish","4":"has-post-thumbnail","6":"product_cat-mycie-i-osuszanie","7":"product_cat-na-zewnatrz","8":"product_cat-rekawice-i-gabki","9":"product_tag-gtechniq","11":"first","12":"instock","13":"taxable","14":"shipping-taxable","15":"purchasable","16":"product-type-simple"},"_links":{"self":[{"href":"https:\/\/liquidmaster.pl\/en\/wp-json\/wp\/v2\/product\/1806799","targetHints":{"allow":["GET"]}}],"collection":[{"href":"https:\/\/liquidmaster.pl\/en\/wp-json\/wp\/v2\/product"}],"about":[{"href":"https:\/\/liquidmaster.pl\/en\/wp-json\/wp\/v2\/types\/product"}],"replies":[{"embeddable":true,"href":"https:\/\/liquidmaster.pl\/en\/wp-json\/wp\/v2\/comments?post=1806799"}],"wp:featuredmedia":[{"embeddable":true,"href":"https:\/\/liquidmaster.pl\/en\/wp-json\/wp\/v2\/media\/1849739"}],"wp:attachment":[{"href":"https:\/\/liquidmaster.pl\/en\/wp-json\/wp\/v2\/media?parent=1806799"}],"wp:term":[{"taxonomy":"product_brand","embeddable":true,"href":"https:\/\/liquidmaster.pl\/en\/wp-json\/wp\/v2\/product_brand?post=1806799"},{"taxonomy":"product_cat","embeddable":true,"href":"https:\/\/liquidmaster.pl\/en\/wp-json\/wp\/v2\/product_cat?post=1806799"},{"taxonomy":"product_tag","embeddable":true,"href":"https:\/\/liquidmaster.pl\/en\/wp-json\/wp\/v2\/product_tag?post=1806799"}],"curies":[{"name":"wp","href":"https:\/\/api.w.org\/{rel}","templated":true}]}}