{"id":1806795,"date":"2025-03-28T17:20:33","date_gmt":"2025-03-28T15:20:33","guid":{"rendered":"https:\/\/liquidmaster.pl\/gtechniq-w9-water-spot-remover-250ml-usuwanie-plam-po-wodzie\/"},"modified":"2026-04-18T04:38:40","modified_gmt":"2026-04-18T02:38:40","slug":"gtechniq-w9-water-spot-remover-250ml-usuwanie-plam-po-wodzie","status":"publish","type":"product","link":"https:\/\/liquidmaster.pl\/en\/gtechniq-w9-water-spot-remover-250ml-usuwanie-plam-po-wodzie\/","title":{"rendered":"Gtechniq W9 Water Spot Remover 250ml \u2013 removing water stains"},"content":{"rendered":"<p>W9 Water Spot Remover is a preparation for safe removal of stains and scale from hard water. It is intended for use on paint and glass, which most often suffer from deposits that are difficult to remove. It comes in a concentrated formula and is safe for all Gtechniq coatings. It can be used on all varnishes, including matte ones.<\/p>\n<p>Unlike standard agents for removing stains on the body or glass, W9 works using three mechanisms:<\/p>\n<li>dissolves and removes salts (this is the only method offered by standard water removers).<\/li>\n<li>dissolves metal ions (commonly found in tap water) and safely removes them from the vehicle surface.<\/li>\n<li>removes silica scale formed on coatings.<\/li>\n<p>W9 Water Spot Remover is a product that cannot be missing in the arsenal of specialists and a well-equipped detailing studio.<\/p>\n<p>Application method:<\/p>\n<li>Wash and dry your car<\/li>\n<li>Do not apply in the sun<\/li>\n<li>Shake the bottle well and wear gloves<\/li>\n<li>Spray the product onto clean MF1 microfiber and rub it onto a surface no larger than 20x20cm<\/li>\n<li>Remove excess with a clean MF1 microfiber cloth<\/li>\n<li>Repeat if necessary<\/li>\n<li>After use, have your car washed again by specialists and a well-equipped detailing studio.<\/li>\n<p>Capacity 250 ml<\/p>","protected":false},"excerpt":{"rendered":"<p>W9 Water Spot Remover jest preparatem do bezpiecznego usuwania plam i kamienia z twardej wody. Jest przeznaczony do stosowania na lakierze jak i szybach na, kt\u00f3rych najcz\u0119\u015bciej wyst\u0119puje problem trudnych do usuni\u0119cia osad\u00f3w. Wyst\u0119puje w skoncentrowanej formule i jest bezpieczny dla wszystkich pow\u0142ok Gtechniq. Mo\u017cna go u\u017cywa\u0107 na wszystkich lakierach, w tym matowych. W przeciwie\u0144stwie&hellip;&nbsp;<a href=\"https:\/\/liquidmaster.pl\/en\/gtechniq-w9-water-spot-remover-250ml-usuwanie-plam-po-wodzie\/\" rel=\"bookmark\">Read More \u00bb<span class=\"screen-reader-text\">Gtechniq W9 Water Spot Remover 250ml \u2013 removing water stains<\/span><\/a><\/p>","protected":false},"featured_media":1849737,"comment_status":"open","ping_status":"open","template":"","meta":{"neve_meta_sidebar":"","neve_meta_container":"","neve_meta_enable_content_width":"","neve_meta_content_width":0,"neve_meta_title_alignment":"","neve_meta_author_avatar":"","neve_post_elements_order":"","neve_meta_disable_header":"","neve_meta_disable_footer":"","neve_meta_disable_title":"","_themeisle_gutenberg_block_has_review":false},"product_brand":[],"product_cat":[743,733,852],"product_tag":[940],"class_list":{"0":"post-1806795","1":"product","2":"type-product","3":"status-publish","4":"has-post-thumbnail","6":"product_cat-dekontaminacja","7":"product_cat-na-zewnatrz","8":"product_cat-usuwanie-waterspotow","9":"product_tag-gtechniq","11":"first","12":"instock","13":"taxable","14":"shipping-taxable","15":"purchasable","16":"product-type-simple"},"_links":{"self":[{"href":"https:\/\/liquidmaster.pl\/en\/wp-json\/wp\/v2\/product\/1806795","targetHints":{"allow":["GET"]}}],"collection":[{"href":"https:\/\/liquidmaster.pl\/en\/wp-json\/wp\/v2\/product"}],"about":[{"href":"https:\/\/liquidmaster.pl\/en\/wp-json\/wp\/v2\/types\/product"}],"replies":[{"embeddable":true,"href":"https:\/\/liquidmaster.pl\/en\/wp-json\/wp\/v2\/comments?post=1806795"}],"wp:featuredmedia":[{"embeddable":true,"href":"https:\/\/liquidmaster.pl\/en\/wp-json\/wp\/v2\/media\/1849737"}],"wp:attachment":[{"href":"https:\/\/liquidmaster.pl\/en\/wp-json\/wp\/v2\/media?parent=1806795"}],"wp:term":[{"taxonomy":"product_brand","embeddable":true,"href":"https:\/\/liquidmaster.pl\/en\/wp-json\/wp\/v2\/product_brand?post=1806795"},{"taxonomy":"product_cat","embeddable":true,"href":"https:\/\/liquidmaster.pl\/en\/wp-json\/wp\/v2\/product_cat?post=1806795"},{"taxonomy":"product_tag","embeddable":true,"href":"https:\/\/liquidmaster.pl\/en\/wp-json\/wp\/v2\/product_tag?post=1806795"}],"curies":[{"name":"wp","href":"https:\/\/api.w.org\/{rel}","templated":true}]}}