{"id":1806789,"date":"2025-03-28T17:20:11","date_gmt":"2025-03-28T15:20:11","guid":{"rendered":"https:\/\/liquidmaster.pl\/gtechniq-t1v2-durable-tyre-dressing-250ml-dlugo-wytrzymujacy-dressing-do-opon\/"},"modified":"2026-04-19T03:25:54","modified_gmt":"2026-04-19T01:25:54","slug":"gtechniq-t1v2-durable-tyre-dressing-250ml-dlugo-wytrzymujacy-dressing-do-opon","status":"publish","type":"product","link":"https:\/\/liquidmaster.pl\/en\/gtechniq-t1v2-durable-tyre-dressing-250ml-dlugo-wytrzymujacy-dressing-do-opon\/","title":{"rendered":"Gtechniq T1v2 Durable Tire Dressing 250ml \u2013 long-lasting tire dressing"},"content":{"rendered":"<p>T1v2 Tire and Trim is our most advanced tire and plastic dressing. After using it, tires and plastic elements will look like new for longer. In addition, the preparation makes the protected elements less dirty. It has a transparent consistency. T1 also allows users to control the gloss level of their tires - a single layer will provide a natural, satin finish, and multiple layers will provide a high gloss.<\/p>\n<p>Note - never use T1v2 Tire and Trim on motorcycle or bicycle tires!<\/p>\n<p>Usage:<\/p>\n<li>Wash tires thoroughly before use<\/li>\n<li>Apply T1v2 on a sponge applicator or cloth<\/li>\n<li>Apply to the tire<\/li>\n<li>Remove excess with a separate cloth<\/li>\n<li>For additional shine, wait 10 minutes and repeat application<\/li>\n<p>Capacity 250 ml<\/p>","protected":false},"excerpt":{"rendered":"<p>T1v2 Tyre and Trim to nasz najbardziej zaawansowany dressing do opon i plastik\u00f3w. Po jego zastosowaniu opony i elementy wykonane z tworzywa sztucznego na d\u0142u\u017cej b\u0119d\u0105 wygl\u0105da\u0142y jak nowe. W dodatku preparat sprawia, \u017ce zabezpieczone elementy mniej si\u0119 brudz\u0105. Ma przezroczyst\u0105 konsystencj\u0119. T1 pozwala r\u00f3wnie\u017c u\u017cytkownikom kontrolowa\u0107 poziom po\u0142ysku opon \u2013 pojedyncza warstwa zapewni naturalne,&hellip;&nbsp;<a href=\"https:\/\/liquidmaster.pl\/en\/gtechniq-t1v2-durable-tyre-dressing-250ml-dlugo-wytrzymujacy-dressing-do-opon\/\" rel=\"bookmark\">Read More \u00bb<span class=\"screen-reader-text\">Gtechniq T1v2 Durable Tire Dressing 250ml \u2013 long-lasting tire dressing<\/span><\/a><\/p>","protected":false},"featured_media":1849729,"comment_status":"open","ping_status":"open","template":"","meta":{"neve_meta_sidebar":"","neve_meta_container":"","neve_meta_enable_content_width":"","neve_meta_content_width":0,"neve_meta_title_alignment":"","neve_meta_author_avatar":"","neve_post_elements_order":"","neve_meta_disable_header":"","neve_meta_disable_footer":"","neve_meta_disable_title":"","_themeisle_gutenberg_block_has_review":false},"product_brand":[],"product_cat":[814,733,815],"product_tag":[940],"class_list":{"0":"post-1806789","1":"product","2":"type-product","3":"status-publish","4":"has-post-thumbnail","6":"product_cat-elementy-gumowe-i-plastikowe","7":"product_cat-na-zewnatrz","8":"product_cat-ochrona-gumy-i-plastikow","9":"product_tag-gtechniq","11":"first","12":"instock","13":"taxable","14":"shipping-taxable","15":"purchasable","16":"product-type-simple"},"_links":{"self":[{"href":"https:\/\/liquidmaster.pl\/en\/wp-json\/wp\/v2\/product\/1806789","targetHints":{"allow":["GET"]}}],"collection":[{"href":"https:\/\/liquidmaster.pl\/en\/wp-json\/wp\/v2\/product"}],"about":[{"href":"https:\/\/liquidmaster.pl\/en\/wp-json\/wp\/v2\/types\/product"}],"replies":[{"embeddable":true,"href":"https:\/\/liquidmaster.pl\/en\/wp-json\/wp\/v2\/comments?post=1806789"}],"wp:featuredmedia":[{"embeddable":true,"href":"https:\/\/liquidmaster.pl\/en\/wp-json\/wp\/v2\/media\/1849729"}],"wp:attachment":[{"href":"https:\/\/liquidmaster.pl\/en\/wp-json\/wp\/v2\/media?parent=1806789"}],"wp:term":[{"taxonomy":"product_brand","embeddable":true,"href":"https:\/\/liquidmaster.pl\/en\/wp-json\/wp\/v2\/product_brand?post=1806789"},{"taxonomy":"product_cat","embeddable":true,"href":"https:\/\/liquidmaster.pl\/en\/wp-json\/wp\/v2\/product_cat?post=1806789"},{"taxonomy":"product_tag","embeddable":true,"href":"https:\/\/liquidmaster.pl\/en\/wp-json\/wp\/v2\/product_tag?post=1806789"}],"curies":[{"name":"wp","href":"https:\/\/api.w.org\/{rel}","templated":true}]}}