{"id":1806786,"date":"2025-03-28T17:20:11","date_gmt":"2025-03-28T15:20:11","guid":{"rendered":"https:\/\/liquidmaster.pl\/dodo-juice-pneu-look-1l-produkt-do-czyszczenia-opon-i-elementow-wykonczenia\/"},"modified":"2026-04-20T08:06:35","modified_gmt":"2026-04-20T06:06:35","slug":"dodo-juice-pneu-look-1l-produkt-do-czyszczenia-opon-i-elementow-wykonczenia","status":"publish","type":"product","link":"https:\/\/liquidmaster.pl\/en\/dodo-juice-pneu-look-1l-produkt-do-czyszczenia-opon-i-elementow-wykonczenia\/","title":{"rendered":"Dodo Juice Pneu Look 1L - product for cleaning tires and trim elements"},"content":{"rendered":"<p>Dodo Juice Pneu Look \u2013 a product for cleaning tires and finishing elements.<\/p>\n<p>You can spend hours cleaning your wheels, but washed tires never look good and can negatively impact the overall appearance of your car. Of course, you can put dressing on top, but the very shiny tires distract attention.<\/p>\n<p>Dodo Juice Pneu Look is a citrus fruit-based tire and trim cleaner. Removes grease, dirt, oil and old dressings from tires, improves their appearance and increases the durability of subsequent dressings. The product uses a mixture of surfactants and solvents. First, pressure wash the tires, spray the tires generously with Pneu Look, then wash them with a tire brush (or other stiff bristle brush), then rinse thoroughly with water.<\/p>\n<p>Capacity: 1L<\/p>","protected":false},"excerpt":{"rendered":"<p>Dodo Juice Pneu Look \u2013 produkt do czyszczenia opon i element\u00f3w wyko\u0144czenia. Mo\u017cesz sp\u0119dza\u0107 wiele godzin na czyszczeniu k\u00f3\u0142, ale umyte opony nigdy nie wygl\u0105daj\u0105 dobrze i mog\u0105 negatywnie wp\u0142yn\u0105\u0107 na og\u00f3lny wygl\u0105d Twojego samochodu. Oczywi\u015bcie na wierzch mo\u017cna na\u0142o\u017cy\u0107 dressing ale bardzo b\u0142yszcz\u0105ce opony odwracaj\u0105 uwag\u0119. Dodo Juice Pneu Look to \u015brodek do czyszczenia&hellip;&nbsp;<a href=\"https:\/\/liquidmaster.pl\/en\/dodo-juice-pneu-look-1l-produkt-do-czyszczenia-opon-i-elementow-wykonczenia\/\" rel=\"bookmark\">Read More \u00bb<span class=\"screen-reader-text\">Dodo Juice Pneu Look 1L - product for cleaning tires and trim elements<\/span><\/a><\/p>","protected":false},"featured_media":1848187,"comment_status":"open","ping_status":"open","template":"","meta":{"neve_meta_sidebar":"","neve_meta_container":"","neve_meta_enable_content_width":"","neve_meta_content_width":0,"neve_meta_title_alignment":"","neve_meta_author_avatar":"","neve_post_elements_order":"","neve_meta_disable_header":"","neve_meta_disable_footer":"","neve_meta_disable_title":"","_themeisle_gutenberg_block_has_review":false},"product_brand":[],"product_cat":[746,745,733],"product_tag":[288],"class_list":{"0":"post-1806786","1":"product","2":"type-product","3":"status-publish","4":"has-post-thumbnail","6":"product_cat-czyszczenie-felg","7":"product_cat-kola-i-opony","8":"product_cat-na-zewnatrz","9":"product_tag-dodo-juice","11":"first","12":"instock","13":"taxable","14":"shipping-taxable","15":"purchasable","16":"product-type-simple"},"_links":{"self":[{"href":"https:\/\/liquidmaster.pl\/en\/wp-json\/wp\/v2\/product\/1806786","targetHints":{"allow":["GET"]}}],"collection":[{"href":"https:\/\/liquidmaster.pl\/en\/wp-json\/wp\/v2\/product"}],"about":[{"href":"https:\/\/liquidmaster.pl\/en\/wp-json\/wp\/v2\/types\/product"}],"replies":[{"embeddable":true,"href":"https:\/\/liquidmaster.pl\/en\/wp-json\/wp\/v2\/comments?post=1806786"}],"wp:featuredmedia":[{"embeddable":true,"href":"https:\/\/liquidmaster.pl\/en\/wp-json\/wp\/v2\/media\/1848187"}],"wp:attachment":[{"href":"https:\/\/liquidmaster.pl\/en\/wp-json\/wp\/v2\/media?parent=1806786"}],"wp:term":[{"taxonomy":"product_brand","embeddable":true,"href":"https:\/\/liquidmaster.pl\/en\/wp-json\/wp\/v2\/product_brand?post=1806786"},{"taxonomy":"product_cat","embeddable":true,"href":"https:\/\/liquidmaster.pl\/en\/wp-json\/wp\/v2\/product_cat?post=1806786"},{"taxonomy":"product_tag","embeddable":true,"href":"https:\/\/liquidmaster.pl\/en\/wp-json\/wp\/v2\/product_tag?post=1806786"}],"curies":[{"name":"wp","href":"https:\/\/api.w.org\/{rel}","templated":true}]}}