{"id":1806781,"date":"2025-03-28T17:18:48","date_gmt":"2025-03-28T15:18:48","guid":{"rendered":"https:\/\/liquidmaster.pl\/gtechniq-quick-detailer-250ml-szybka-pielegnacja-lakieru\/"},"modified":"2026-04-18T04:38:38","modified_gmt":"2026-04-18T02:38:38","slug":"gtechniq-quick-detailer-250ml-szybka-pielegnacja-lakieru","status":"publish","type":"product","link":"https:\/\/liquidmaster.pl\/en\/gtechniq-quick-detailer-250ml-szybka-pielegnacja-lakieru\/","title":{"rendered":"Gtechniq Quick Detailer 250ml \u2013 quick paint care"},"content":{"rendered":"<p>Quick Detailer will help you quickly and easily improve the appearance of your car. Water stains, light dust and fingerprints will be easy to remove. Just spray the microfiber and wipe the dirty surface.<\/p>\n<p>It is ideal for use on car paint, plastic and wheels.<\/p>\n<p>Fully compatible with Gtechniq coatings, Quick Detailer can be layered to increase gloss, smoothness and durability.<\/p>\n<p>Usage:<\/p>\n<li>Shake well before use<\/li>\n<li>Apply by spraying onto the surface or directly onto the fiber\u00a0<\/li>\n<li>Then polish the surface with clean MF1<\/li>\n<li>Store in a cool and dry place<\/li>\n<li>Use within 12 months of opening<\/li>\n<p>Capacity 250 ml<\/p>","protected":false},"excerpt":{"rendered":"<p>Quick Detailer pomo\u017ce Ci szybko i \u0142atwo poprawi\u0107 wygl\u0105d Twojego samochodu. Zacieki z wody, delikatny kurz, odciski palc\u00f3w b\u0119d\u0105 \u0142atwe do usuni\u0119cia. Wystarczy, \u017ce spryskasz mikrofibr\u0119 i przetrzesz zabrudzon\u0105 powierzchni\u0119. Jest idealny do stosowania na lakierze, plastiku i ko\u0142ach samochod\u00f3w. W pe\u0142ni kompatybilny z pow\u0142okami Gtechniq, Quick Detailer mo\u017cna nak\u0142ada\u0107 warstwami, aby zwi\u0119kszy\u0107 ich po\u0142ysk,&hellip;&nbsp;<a href=\"https:\/\/liquidmaster.pl\/en\/gtechniq-quick-detailer-250ml-szybka-pielegnacja-lakieru\/\" rel=\"bookmark\">Read More \u00bb<span class=\"screen-reader-text\">Gtechniq Quick Detailer 250ml \u2013 quick paint care<\/span><\/a><\/p>","protected":false},"featured_media":1849721,"comment_status":"open","ping_status":"open","template":"","meta":{"neve_meta_sidebar":"","neve_meta_container":"","neve_meta_enable_content_width":"","neve_meta_content_width":0,"neve_meta_title_alignment":"","neve_meta_author_avatar":"","neve_post_elements_order":"","neve_meta_disable_header":"","neve_meta_disable_footer":"","neve_meta_disable_title":"","_themeisle_gutenberg_block_has_review":false},"product_brand":[],"product_cat":[733,766,767],"product_tag":[940],"class_list":{"0":"post-1806781","1":"product","2":"type-product","3":"status-publish","4":"has-post-thumbnail","6":"product_cat-na-zewnatrz","7":"product_cat-ochrona-lakieru","8":"product_cat-quick-detailery","9":"product_tag-gtechniq","11":"first","12":"instock","13":"taxable","14":"shipping-taxable","15":"purchasable","16":"product-type-simple"},"_links":{"self":[{"href":"https:\/\/liquidmaster.pl\/en\/wp-json\/wp\/v2\/product\/1806781","targetHints":{"allow":["GET"]}}],"collection":[{"href":"https:\/\/liquidmaster.pl\/en\/wp-json\/wp\/v2\/product"}],"about":[{"href":"https:\/\/liquidmaster.pl\/en\/wp-json\/wp\/v2\/types\/product"}],"replies":[{"embeddable":true,"href":"https:\/\/liquidmaster.pl\/en\/wp-json\/wp\/v2\/comments?post=1806781"}],"wp:featuredmedia":[{"embeddable":true,"href":"https:\/\/liquidmaster.pl\/en\/wp-json\/wp\/v2\/media\/1849721"}],"wp:attachment":[{"href":"https:\/\/liquidmaster.pl\/en\/wp-json\/wp\/v2\/media?parent=1806781"}],"wp:term":[{"taxonomy":"product_brand","embeddable":true,"href":"https:\/\/liquidmaster.pl\/en\/wp-json\/wp\/v2\/product_brand?post=1806781"},{"taxonomy":"product_cat","embeddable":true,"href":"https:\/\/liquidmaster.pl\/en\/wp-json\/wp\/v2\/product_cat?post=1806781"},{"taxonomy":"product_tag","embeddable":true,"href":"https:\/\/liquidmaster.pl\/en\/wp-json\/wp\/v2\/product_tag?post=1806781"}],"curies":[{"name":"wp","href":"https:\/\/api.w.org\/{rel}","templated":true}]}}