{"id":1806779,"date":"2025-03-28T17:18:48","date_gmt":"2025-03-28T15:18:48","guid":{"rendered":"https:\/\/liquidmaster.pl\/gtechniq-panel-wipe-250ml-plyn-do-przygotowania-powierzchni\/"},"modified":"2026-04-19T03:25:52","modified_gmt":"2026-04-19T01:25:52","slug":"gtechniq-panel-wipe-250ml-plyn-do-przygotowania-powierzchni","status":"publish","type":"product","link":"https:\/\/liquidmaster.pl\/en\/gtechniq-panel-wipe-250ml-plyn-do-przygotowania-powierzchni\/","title":{"rendered":"Gtechniq Panel Wipe 250ml \u2013 liquid for surface preparation"},"content":{"rendered":"<p>PW Panel Wipe is the most effective preparation for removing residues of polishing pastes and greasy dirt from paint. A special combination of alcohols and solvents makes the surface prepared with this product ideally prepared for the application of protective coatings and strengthens their bond with the varnish.<\/p>\n<p>NOTE: Wipe panel is not recommended for use on ppf foils, vinyl foils, plastic or rubber.\u00a0<\/p>\n<p>Usage:<\/p>\n<li>Allow surfaces to cool before use<\/li>\n<li>Shake well and put on gloves<\/li>\n<li>Spray Panel Wipe onto the surface and wipe with MF1<\/li>\n<li>To ensure the surface is free from residue, wipe it dry with MF1<\/li>\n<li>Do not use on paint protection film, vinyl, plastic or rubber\u00a0<\/li>\n<li>We recommend testing Panel Wipe on a small area of paint before use<\/li>\n<li>To effectively remove paint residues, the product contains a large amount of hydrocarbons that do not affect the factory paint, but can remove paint touch-ups.<\/li>\n<li>Store in a cool and dry place<\/li>\n<li>Use within 2 months of opening<\/li>\n<p>Capacity 250 ml<\/p>","protected":false},"excerpt":{"rendered":"<p>PW Panel Wipe to najskuteczniejszy preparat do usuwania pozosta\u0142o\u015bci z past polerskich i t\u0142ustych zabrudze\u0144 z lakieru. Specjalne po\u0142\u0105czenie alkoholi z rozpuszczalnikami sprawia, \u017ce powierzchnia przygotowana tym produktem jest idealnie przygotowana pod aplikacj\u0119 pow\u0142ok ochronnych i wzmacnia ich wi\u0105zanie z lakierem. UWAGA: Panel Wipe nie jest zalecany do u\u017cycia na foliach ppf, foliach vinylowych, plastiku,&hellip;&nbsp;<a href=\"https:\/\/liquidmaster.pl\/en\/gtechniq-panel-wipe-250ml-plyn-do-przygotowania-powierzchni\/\" rel=\"bookmark\">Read More \u00bb<span class=\"screen-reader-text\">Gtechniq Panel Wipe 250ml \u2013 liquid for surface preparation<\/span><\/a><\/p>","protected":false},"featured_media":1849720,"comment_status":"open","ping_status":"open","template":"","meta":{"neve_meta_sidebar":"","neve_meta_container":"","neve_meta_enable_content_width":"","neve_meta_content_width":0,"neve_meta_title_alignment":"","neve_meta_author_avatar":"","neve_post_elements_order":"","neve_meta_disable_header":"","neve_meta_disable_footer":"","neve_meta_disable_title":"","_themeisle_gutenberg_block_has_review":false},"product_brand":[],"product_cat":[749,752,748],"product_tag":[940],"class_list":{"0":"post-1806779","1":"product","2":"type-product","3":"status-publish","4":"has-post-thumbnail","6":"product_cat-akcesoria-polerskie","7":"product_cat-inspekcja-lakieru-akcesoria-polerskie","8":"product_cat-polerowanie","9":"product_tag-gtechniq","11":"first","12":"instock","13":"taxable","14":"shipping-taxable","15":"purchasable","16":"product-type-simple"},"_links":{"self":[{"href":"https:\/\/liquidmaster.pl\/en\/wp-json\/wp\/v2\/product\/1806779","targetHints":{"allow":["GET"]}}],"collection":[{"href":"https:\/\/liquidmaster.pl\/en\/wp-json\/wp\/v2\/product"}],"about":[{"href":"https:\/\/liquidmaster.pl\/en\/wp-json\/wp\/v2\/types\/product"}],"replies":[{"embeddable":true,"href":"https:\/\/liquidmaster.pl\/en\/wp-json\/wp\/v2\/comments?post=1806779"}],"wp:featuredmedia":[{"embeddable":true,"href":"https:\/\/liquidmaster.pl\/en\/wp-json\/wp\/v2\/media\/1849720"}],"wp:attachment":[{"href":"https:\/\/liquidmaster.pl\/en\/wp-json\/wp\/v2\/media?parent=1806779"}],"wp:term":[{"taxonomy":"product_brand","embeddable":true,"href":"https:\/\/liquidmaster.pl\/en\/wp-json\/wp\/v2\/product_brand?post=1806779"},{"taxonomy":"product_cat","embeddable":true,"href":"https:\/\/liquidmaster.pl\/en\/wp-json\/wp\/v2\/product_cat?post=1806779"},{"taxonomy":"product_tag","embeddable":true,"href":"https:\/\/liquidmaster.pl\/en\/wp-json\/wp\/v2\/product_tag?post=1806779"}],"curies":[{"name":"wp","href":"https:\/\/api.w.org\/{rel}","templated":true}]}}