{"id":1806777,"date":"2025-03-28T17:18:48","date_gmt":"2025-03-28T15:18:48","guid":{"rendered":"https:\/\/liquidmaster.pl\/gtechniq-i2-tri-clean-500ml-antybakteryjny-plyn-do-czyszczenia-powierzchni\/"},"modified":"2026-04-21T08:19:53","modified_gmt":"2026-04-21T06:19:53","slug":"gtechniq-i2-tri-clean-500ml-antybakteryjny-plyn-do-czyszczenia-powierzchni","status":"publish","type":"product","link":"https:\/\/liquidmaster.pl\/en\/gtechniq-i2-tri-clean-500ml-antybakteryjny-plyn-do-czyszczenia-powierzchni\/","title":{"rendered":"Gtechniq I2 Tri-Clean 500ml \u2013 antibacterial surface cleaning liquid"},"content":{"rendered":"<p>I2 Tri-Clean is a unique surface product that stops the growth of bacteria and microorganisms in the interior of your car, reducing their number by 99%.<\/p>\n<p>Developed in collaboration with the world leader in antibacterial and antimicrobial technology, Biocote\u00ae, I2 keeps surfaces clean and fresh by actively reducing the number of microorganisms.<\/p>\n<p>I2 also contains a real odor absorber, not an odor mask, which eliminates sticky residues that attract dirt.<\/p>\n<p>Thanks to tests carried out in accordance with the EN 14476 standard, we can confirm that the Gtechniq I2 Tri-Clean product contains an ingredient that effectively combats and kills the coronavirus (in particular MERS-CoV and BCoV). These results also confirm that Gtechniq I2 Tri-Clean works very well as a disinfectant.<\/p>\n<p>Usage:<\/p>\n<li>Shake the bottle well before use<\/li>\n<li>Spray the product directly onto the fiber<\/li>\n<li>Gently wipe the surface - repeat if necessary<\/li>\n<li>Wipe the surface with a clean microfiber to make sure it is dry<\/li>\n<li>Store in a cool, dry place<\/li>\n<li>Use within 12 months of opening<\/li>\n<p>Capacity 500 ml<\/p>","protected":false},"excerpt":{"rendered":"<p>I2 Tri-Clean to unikalny produkt do powierzchni, kt\u00f3ry zatrzymuje rozw\u00f3j bakterii i mikroorganizm\u00f3w we wn\u0119trzu Twojego samochodu, redukuj\u0105c ich liczb\u0119 o 99%. Opracowany we wsp\u00f3\u0142pracy ze \u015bwiatowym liderem w technologii antybakteryjnej i przeciwdrobnoustrojowej, Biocote\u00ae, I2 zapewnia higien\u0119 i \u015bwie\u017co\u015b\u0107 powierzchni poprzez aktywne zmniejszanie liczby drobnoustroj\u00f3w. I2 zawiera r\u00f3wnie\u017c prawdziwy poch\u0142aniacz zapach\u00f3w, a nie mask\u0119 zapachow\u0105,&hellip;&nbsp;<a href=\"https:\/\/liquidmaster.pl\/en\/gtechniq-i2-tri-clean-500ml-antybakteryjny-plyn-do-czyszczenia-powierzchni\/\" rel=\"bookmark\">Read More \u00bb<span class=\"screen-reader-text\">Gtechniq I2 Tri-Clean 500ml \u2013 antibacterial surface cleaning liquid<\/span><\/a><\/p>","protected":false},"featured_media":1849719,"comment_status":"open","ping_status":"open","template":"","meta":{"neve_meta_sidebar":"","neve_meta_container":"","neve_meta_enable_content_width":"","neve_meta_content_width":0,"neve_meta_title_alignment":"","neve_meta_author_avatar":"","neve_post_elements_order":"","neve_meta_disable_header":"","neve_meta_disable_footer":"","neve_meta_disable_title":"","_themeisle_gutenberg_block_has_review":false},"product_brand":[],"product_cat":[803,795,768],"product_tag":[940],"class_list":{"0":"post-1806777","1":"product","2":"type-product","3":"status-publish","4":"has-post-thumbnail","6":"product_cat-interior-qd","7":"product_cat-plastiki-wewnetrzne","8":"product_cat-wnetrze-auta","9":"product_tag-gtechniq","10":"pa_promocja-promocje","12":"first","13":"instock","14":"taxable","15":"shipping-taxable","16":"purchasable","17":"product-type-simple"},"_links":{"self":[{"href":"https:\/\/liquidmaster.pl\/en\/wp-json\/wp\/v2\/product\/1806777","targetHints":{"allow":["GET"]}}],"collection":[{"href":"https:\/\/liquidmaster.pl\/en\/wp-json\/wp\/v2\/product"}],"about":[{"href":"https:\/\/liquidmaster.pl\/en\/wp-json\/wp\/v2\/types\/product"}],"replies":[{"embeddable":true,"href":"https:\/\/liquidmaster.pl\/en\/wp-json\/wp\/v2\/comments?post=1806777"}],"wp:featuredmedia":[{"embeddable":true,"href":"https:\/\/liquidmaster.pl\/en\/wp-json\/wp\/v2\/media\/1849719"}],"wp:attachment":[{"href":"https:\/\/liquidmaster.pl\/en\/wp-json\/wp\/v2\/media?parent=1806777"}],"wp:term":[{"taxonomy":"product_brand","embeddable":true,"href":"https:\/\/liquidmaster.pl\/en\/wp-json\/wp\/v2\/product_brand?post=1806777"},{"taxonomy":"product_cat","embeddable":true,"href":"https:\/\/liquidmaster.pl\/en\/wp-json\/wp\/v2\/product_cat?post=1806777"},{"taxonomy":"product_tag","embeddable":true,"href":"https:\/\/liquidmaster.pl\/en\/wp-json\/wp\/v2\/product_tag?post=1806777"}],"curies":[{"name":"wp","href":"https:\/\/api.w.org\/{rel}","templated":true}]}}