{"id":1806760,"date":"2025-03-28T17:18:05","date_gmt":"2025-03-28T15:18:05","guid":{"rendered":"https:\/\/liquidmaster.pl\/dodo-juice-orbital-spot-pad-selection-80mm-zestaw-padow-polerskich\/"},"modified":"2026-04-21T08:07:09","modified_gmt":"2026-04-21T06:07:09","slug":"dodo-juice-orbital-spot-pad-selection-80mm-zestaw-padow-polerskich","status":"publish","type":"product","link":"https:\/\/liquidmaster.pl\/en\/dodo-juice-orbital-spot-pad-selection-80mm-zestaw-padow-polerskich\/","title":{"rendered":"Dodo Juice Orbital Spot Pad Selection 80mm - a set of polishing pads"},"content":{"rendered":"<p>Dodo Juice Orbital Spot Pad Selection - a set of four high-quality polishing pads - from cutting to finishing.<\/p>\n<p>Set contains:<\/p>\n<ul>\n<li>Peak Finish 80mm (finishing polishing pad),<\/li>\n<li>Shark Fin 75mm (medium cutting polishing pad),<\/li>\n<li>Slim Reaper 90 mm (cutting polishing pad),<\/li>\n<li>Fiber Scyther 80mm (microfiber cutting pad).<\/li>\n<\/ul>","protected":false},"excerpt":{"rendered":"<p>Dodo Juice Orbital Spot Pad Selection \u2013 zestaw czterech wysokiej jako\u015bci pad\u00f3w polerskich \u2013 od tn\u0105cych do wyko\u0144czeniowych. Zestaw zawiera: Peak Finish 80mm (wyka\u0144czaj\u0105cy pad polerski), Shark Fin 75mm (\u015brednio tn\u0105cy pad polerski), Slim Reaper 90 mm (tn\u0105cy pad polerski), Fibre Scyther 80mm (tn\u0105cy pad mikrofibrowy).<\/p>","protected":false},"featured_media":1848171,"comment_status":"open","ping_status":"open","template":"","meta":{"neve_meta_sidebar":"","neve_meta_container":"","neve_meta_enable_content_width":"","neve_meta_content_width":0,"neve_meta_title_alignment":"","neve_meta_author_avatar":"","neve_post_elements_order":"","neve_meta_disable_header":"","neve_meta_disable_footer":"","neve_meta_disable_title":"","_themeisle_gutenberg_block_has_review":false},"product_brand":[],"product_cat":[823,822,748],"product_tag":[288],"class_list":{"0":"post-1806760","1":"product","2":"type-product","3":"status-publish","4":"has-post-thumbnail","6":"product_cat-gabki-polerskie","7":"product_cat-pady-polerskie","8":"product_cat-polerowanie","9":"product_tag-dodo-juice","11":"first","12":"outofstock","13":"taxable","14":"shipping-taxable","15":"purchasable","16":"product-type-simple"},"_links":{"self":[{"href":"https:\/\/liquidmaster.pl\/en\/wp-json\/wp\/v2\/product\/1806760","targetHints":{"allow":["GET"]}}],"collection":[{"href":"https:\/\/liquidmaster.pl\/en\/wp-json\/wp\/v2\/product"}],"about":[{"href":"https:\/\/liquidmaster.pl\/en\/wp-json\/wp\/v2\/types\/product"}],"replies":[{"embeddable":true,"href":"https:\/\/liquidmaster.pl\/en\/wp-json\/wp\/v2\/comments?post=1806760"}],"wp:featuredmedia":[{"embeddable":true,"href":"https:\/\/liquidmaster.pl\/en\/wp-json\/wp\/v2\/media\/1848171"}],"wp:attachment":[{"href":"https:\/\/liquidmaster.pl\/en\/wp-json\/wp\/v2\/media?parent=1806760"}],"wp:term":[{"taxonomy":"product_brand","embeddable":true,"href":"https:\/\/liquidmaster.pl\/en\/wp-json\/wp\/v2\/product_brand?post=1806760"},{"taxonomy":"product_cat","embeddable":true,"href":"https:\/\/liquidmaster.pl\/en\/wp-json\/wp\/v2\/product_cat?post=1806760"},{"taxonomy":"product_tag","embeddable":true,"href":"https:\/\/liquidmaster.pl\/en\/wp-json\/wp\/v2\/product_tag?post=1806760"}],"curies":[{"name":"wp","href":"https:\/\/api.w.org\/{rel}","templated":true}]}}