{"id":1806759,"date":"2025-03-28T17:18:05","date_gmt":"2025-03-28T15:18:05","guid":{"rendered":"https:\/\/liquidmaster.pl\/gtechniq-g6-500ml-antystatyczny-plyn-do-szyb\/"},"modified":"2026-04-18T04:38:34","modified_gmt":"2026-04-18T02:38:34","slug":"gtechniq-g6-500ml-antystatyczny-plyn-do-szyb","status":"publish","type":"product","link":"https:\/\/liquidmaster.pl\/en\/gtechniq-g6-500ml-antystatyczny-plyn-do-szyb\/","title":{"rendered":"Gtechniq G6 500ml \u2013 antistatic glass cleaner"},"content":{"rendered":"<p style=\"text-align: left;\">It is an ideal cleaning agent for all types of glass. It is easy to use and does not cause streaks. Its antistatic effect is particularly important inside the vehicle, where the windows often become dusty, which limits visibility at night, especially in the case of oncoming cars.<\/p>\n<p style=\"text-align: left;\">Usage:<\/p>\n<li style=\"text-align: left;\">Spray onto the glass surface as you would regular window cleaner<\/li>\n<li style=\"text-align: left;\">Wipe for a brilliant shine using a microfiber cloth<\/li>\n<li style=\"text-align: left;\">Store in a cool, dry place<\/li>\n<p style=\"text-align: left;\">Capacity 500 ml<\/p>","protected":false},"excerpt":{"rendered":"<p>To idealny \u015brodek czyszcz\u0105cy do ka\u017cdego rodzaju szyby. Jest prosty w u\u017cyciu, nie powoduje smug. Jego dzia\u0142anie antystatyczne jest szczeg\u00f3lnie wa\u017cne we wn\u0119trzu pojazdu, gdzie szyby cz\u0119sto kurz\u0105 si\u0119, co ogranicza widoczno\u015b\u0107 w nocy, szczeg\u00f3lnie przy jad\u0105cych z przeciwka samochodach. Spos\u00f3b u\u017cycia: Rozpyl na powierzchni\u0119 szyby tak jak zwyk\u0142y p\u0142yn do mycia okien Wytrzyj, by&hellip;&nbsp;<a href=\"https:\/\/liquidmaster.pl\/en\/gtechniq-g6-500ml-antystatyczny-plyn-do-szyb\/\" rel=\"bookmark\">Read More \u00bb<span class=\"screen-reader-text\">Gtechniq G6 500ml \u2013 antistatic glass cleaner<\/span><\/a><\/p>","protected":false},"featured_media":1849701,"comment_status":"open","ping_status":"open","template":"","meta":{"neve_meta_sidebar":"","neve_meta_container":"","neve_meta_enable_content_width":"","neve_meta_content_width":0,"neve_meta_title_alignment":"","neve_meta_author_avatar":"","neve_post_elements_order":"","neve_meta_disable_header":"","neve_meta_disable_footer":"","neve_meta_disable_title":"","_themeisle_gutenberg_block_has_review":false},"product_brand":[],"product_cat":[733,774,773],"product_tag":[940],"class_list":{"0":"post-1806759","1":"product","2":"type-product","3":"status-publish","4":"has-post-thumbnail","6":"product_cat-na-zewnatrz","7":"product_cat-plyny-do-szyb","8":"product_cat-szyby","9":"product_tag-gtechniq","11":"first","12":"instock","13":"taxable","14":"shipping-taxable","15":"purchasable","16":"product-type-simple"},"_links":{"self":[{"href":"https:\/\/liquidmaster.pl\/en\/wp-json\/wp\/v2\/product\/1806759","targetHints":{"allow":["GET"]}}],"collection":[{"href":"https:\/\/liquidmaster.pl\/en\/wp-json\/wp\/v2\/product"}],"about":[{"href":"https:\/\/liquidmaster.pl\/en\/wp-json\/wp\/v2\/types\/product"}],"replies":[{"embeddable":true,"href":"https:\/\/liquidmaster.pl\/en\/wp-json\/wp\/v2\/comments?post=1806759"}],"wp:featuredmedia":[{"embeddable":true,"href":"https:\/\/liquidmaster.pl\/en\/wp-json\/wp\/v2\/media\/1849701"}],"wp:attachment":[{"href":"https:\/\/liquidmaster.pl\/en\/wp-json\/wp\/v2\/media?parent=1806759"}],"wp:term":[{"taxonomy":"product_brand","embeddable":true,"href":"https:\/\/liquidmaster.pl\/en\/wp-json\/wp\/v2\/product_brand?post=1806759"},{"taxonomy":"product_cat","embeddable":true,"href":"https:\/\/liquidmaster.pl\/en\/wp-json\/wp\/v2\/product_cat?post=1806759"},{"taxonomy":"product_tag","embeddable":true,"href":"https:\/\/liquidmaster.pl\/en\/wp-json\/wp\/v2\/product_tag?post=1806759"}],"curies":[{"name":"wp","href":"https:\/\/api.w.org\/{rel}","templated":true}]}}