{"id":1806753,"date":"2025-03-28T17:16:52","date_gmt":"2025-03-28T15:16:52","guid":{"rendered":"https:\/\/liquidmaster.pl\/gtechniq-g1-clearvision-100ml-niewidzialna-wycieraczka\/"},"modified":"2026-04-18T04:38:33","modified_gmt":"2026-04-18T02:38:33","slug":"gtechniq-g1-clearvision-100ml-niewidzialna-wycieraczka","status":"publish","type":"product","link":"https:\/\/liquidmaster.pl\/en\/gtechniq-g1-clearvision-100ml-niewidzialna-wycieraczka\/","title":{"rendered":"Gtechniq G1 ClearVision 100ml \u2013 invisible wiper"},"content":{"rendered":"<p>Unlike ordinary coatings, the so-called invisible wipers that adhere to the glass surface using relatively weak physical bonds, G1 uses chemical bonds that provide unparalleled durability.<\/p>\n<p>The G1 is extremely durable and the water-repellent feature improves visibility in rain, helping to increase safety and reduce eye strain. It also makes it easier to remove contaminants from the glass, such as ice, bugs and tree sap.<\/p>\n<p>The G1 will only work on glass substrates, so it will not work on modern polycarbonate reflector lenses. For them, use a product that removes water from glass and plexiglass, G5 (G5 Water Repellent for Glass and Perspex).<\/p>\n<p>Which capacity should I choose?<br \/>\n15ml \u2013 it is recommended to protect a set of windows in one car<br \/>\n100ml \u2013 recommended for protecting larger amounts of glass or non-standard vehicles such as yachts, ships, etc.<\/p>\n<p>Capacity 100 ml<\/p>","protected":false},"excerpt":{"rendered":"<p>W przeciwie\u0144stwie do zwyk\u0142ych pow\u0142ok tzw. niewidzialnych wycieraczek, kt\u00f3re przylegaj\u0105 do powierzchni szk\u0142a za pomoc\u0105 stosunkowo s\u0142abych wi\u0105za\u0144 fizycznych, G1 wykorzystuje wi\u0105zanie chemiczne, kt\u00f3re zapewniaj\u0105 niezr\u00f3wnan\u0105 trwa\u0142o\u015b\u0107. Produkt G1 jest niezwykle wytrzyma\u0142y, a funkcja hydrofobowa poprawia widoczno\u015b\u0107 w deszczu, pomagaj\u0105c zwi\u0119kszy\u0107 bezpiecze\u0144stwo i zmniejszy\u0107 zm\u0119czenie oczu. U\u0142atwia r\u00f3wnie\u017c usuwanie zanieczyszcze\u0144 z szyby, takich jak l\u00f3d,&hellip;&nbsp;<a href=\"https:\/\/liquidmaster.pl\/en\/gtechniq-g1-clearvision-100ml-niewidzialna-wycieraczka\/\" rel=\"bookmark\">Read More \u00bb<span class=\"screen-reader-text\">Gtechniq G1 ClearVision 100ml \u2013 invisible wiper<\/span><\/a><\/p>","protected":false},"featured_media":1849699,"comment_status":"open","ping_status":"open","template":"","meta":{"neve_meta_sidebar":"","neve_meta_container":"","neve_meta_enable_content_width":"","neve_meta_content_width":0,"neve_meta_title_alignment":"","neve_meta_author_avatar":"","neve_post_elements_order":"","neve_meta_disable_header":"","neve_meta_disable_footer":"","neve_meta_disable_title":"","_themeisle_gutenberg_block_has_review":false},"product_brand":[],"product_cat":[733,794,773],"product_tag":[940],"class_list":{"0":"post-1806753","1":"product","2":"type-product","3":"status-publish","4":"has-post-thumbnail","6":"product_cat-na-zewnatrz","7":"product_cat-niewidzialna-wycieraczka","8":"product_cat-szyby","9":"product_tag-gtechniq","11":"first","12":"instock","13":"taxable","14":"shipping-taxable","15":"purchasable","16":"product-type-simple"},"_links":{"self":[{"href":"https:\/\/liquidmaster.pl\/en\/wp-json\/wp\/v2\/product\/1806753","targetHints":{"allow":["GET"]}}],"collection":[{"href":"https:\/\/liquidmaster.pl\/en\/wp-json\/wp\/v2\/product"}],"about":[{"href":"https:\/\/liquidmaster.pl\/en\/wp-json\/wp\/v2\/types\/product"}],"replies":[{"embeddable":true,"href":"https:\/\/liquidmaster.pl\/en\/wp-json\/wp\/v2\/comments?post=1806753"}],"wp:featuredmedia":[{"embeddable":true,"href":"https:\/\/liquidmaster.pl\/en\/wp-json\/wp\/v2\/media\/1849699"}],"wp:attachment":[{"href":"https:\/\/liquidmaster.pl\/en\/wp-json\/wp\/v2\/media?parent=1806753"}],"wp:term":[{"taxonomy":"product_brand","embeddable":true,"href":"https:\/\/liquidmaster.pl\/en\/wp-json\/wp\/v2\/product_brand?post=1806753"},{"taxonomy":"product_cat","embeddable":true,"href":"https:\/\/liquidmaster.pl\/en\/wp-json\/wp\/v2\/product_cat?post=1806753"},{"taxonomy":"product_tag","embeddable":true,"href":"https:\/\/liquidmaster.pl\/en\/wp-json\/wp\/v2\/product_tag?post=1806753"}],"curies":[{"name":"wp","href":"https:\/\/api.w.org\/{rel}","templated":true}]}}