{"id":1806751,"date":"2025-03-28T17:16:52","date_gmt":"2025-03-28T15:16:52","guid":{"rendered":"https:\/\/liquidmaster.pl\/gtechniq-exov5-50ml-powloka-hydrofobowa\/"},"modified":"2026-04-19T03:25:47","modified_gmt":"2026-04-19T01:25:47","slug":"gtechniq-exov5-50ml-powloka-hydrofobowa","status":"publish","type":"product","link":"https:\/\/liquidmaster.pl\/en\/gtechniq-exov5-50ml-powloka-hydrofobowa\/","title":{"rendered":"Gtechniq EXOv5 50ml \u2013 hydrophobic coating"},"content":{"rendered":"<p>The Gtechniq EXOv5 coating answers common problems of car users and ceramic coating enthusiasts. Excessive dirt on your car and caring for the ceramic coating will no longer be a problem for you.\u00a0<\/p>\n<p>Using the achievements of the flagship Gtechniq coating (Crystal Serum Ultra) and the record-breaking number of tests carried out by users and research institutes in the car detailing industry, a coating was created that limits the getting of the car&#039;s paint getting dirty and does not require complicated care (the coating is very resistant to clogging).\u00a0<\/p>\n<p>When applied to the paint, even of a new car, it increases the gloss and makes the paint unprecedentedly slippery. Strong hydrophobic properties and a high level of dirt resistance are the strongest points of EXO v5.<\/p>\n<p>Thanks to the use of siloxane composite technology, unique in the car detailing industry, water stains and road dirt are easy to remove. It creates a glassy layer that is more durable and more resistant to road salt and cleaning chemicals than previous EXO versions.\u00a0<\/p>\n<p>Improved application method - only one layer of the product is enough for the above-mentioned results.\u00a0<\/p>\n<p>EXO v5 can be used as an additional top layer on a ceramic coating (C1, CSL) or directly on the paint as an independent dirt-repellent coating.<\/p>\n<p>Which capacity should I choose?\u00a0<\/p>\n<p>30ml \u2013 recommended for cars with the dimensions of Audi A6, BMW 5, Mercedes E-Class or smaller<br \/>\n50ml \u2013 recommended for cars larger than Audi A6, BMW 5, Mercedes E-Class.<\/p>\n<p>Durability up to 24 months.<\/p>\n<p>Follow the advice below to get the best results.<\/p>\n<p>\u00a0<\/p>\n<li>EXOv5 can be applied as a stand-alone coating or as a top coat under Gtechniq C1 Crystal Lacquer or Gtechniq Crystal Serum Light (CSL) - we recommend using C1 or CSL as a base coat under easy-to-mark and dark varnishes<\/li>\n<li>EXOv5 is applied in one layer\u00a0<\/li>\n<li>If applying over C1, EXOv5 should be applied a minimum of 4 hours but less than 12 hours after completing C1 application<\/li>\n<li>If applying via CSL, EXOv5 should be applied at least 1 hour after CSL application.<\/li>\n<li>Make sure your vehicle is not exposed to direct sunlight but is above 5 degrees Celsius, is completely dry and will remain dry for at least 12 hours after application<\/li>\n<li>Important, prepare the surface well - Wipe all surfaces with Gtechniq Panel Wipe (apply Panel Wipe directly to the cloth, not directly to the panel) - if you are applying on newly applied C1 or CSL, this step is not required<\/li>\n<li>Shake the bottle well and wear gloves<\/li>\n<li>Prime the applicator filled with AP2 Ultra Soft Foam evenly with a large amount of the product so that the pad is saturated<\/li>\n<li>Apply using the included applicator in overlapping strokes, e.g. in circular motions, on an area of approximately 60 cm x 60 cm. Wait 1 to 2 minutes after applying to the area and buff with a microfiber cloth, then another to remove any smudges and leave the surface slick. Only one layer of product is required.<\/li>\n<li>Allow the coating to cure for at least 12 hours before exposing it to moisture<\/li>\n<li>After application, we recommend not washing your car for at least 7 days<\/li>\n<li>Store in a cool, dry place<\/li>\n<li>Once opened, use within 3 months, if unopened, use within 12 months<\/li>\n<li>We do not recommend using other water-repellent products on EXO v5 (waxes, sealants, etc.)<\/li>\n<p>Capacity 50ml<\/p>","protected":false},"excerpt":{"rendered":"<p>Pow\u0142oka Gtechniq EXOv5 odpowiada na cz\u0119ste problemy u\u017cytkownik\u00f3w samochod\u00f3w i entuzjast\u00f3w pow\u0142ok ceramicznych. Nadmierne brudzenie si\u0119 samochodu oraz piel\u0119gnacja pow\u0142oki ceramicznej nie b\u0119dzie ju\u017c Twoim k\u0142opotem.\u00a0 Korzystaj\u0105c z osi\u0105gnie\u0107 flagowej pow\u0142oki Gtechniq (Crystal Serum Ultra) oraz rekordowej, na skal\u0119 bran\u017cy auto detailingu liczb\u0119 test\u00f3w przeprowadzonych przez u\u017cytkownik\u00f3w oraz instytuty badawcze,\u00a0 powsta\u0142a pow\u0142oka ograniczaj\u0105ca brudzenie si\u0119&hellip;&nbsp;<a href=\"https:\/\/liquidmaster.pl\/en\/gtechniq-exov5-50ml-powloka-hydrofobowa\/\" rel=\"bookmark\">Read More \u00bb<span class=\"screen-reader-text\">Gtechniq EXOv5 50ml \u2013 hydrophobic coating<\/span><\/a><\/p>","protected":false},"featured_media":1849692,"comment_status":"open","ping_status":"open","template":"","meta":{"neve_meta_sidebar":"","neve_meta_container":"","neve_meta_enable_content_width":"","neve_meta_content_width":0,"neve_meta_title_alignment":"","neve_meta_author_avatar":"","neve_post_elements_order":"","neve_meta_disable_header":"","neve_meta_disable_footer":"","neve_meta_disable_title":"","_themeisle_gutenberg_block_has_review":false},"product_brand":[],"product_cat":[733,766,775],"product_tag":[940],"class_list":{"0":"post-1806751","1":"product","2":"type-product","3":"status-publish","4":"has-post-thumbnail","6":"product_cat-na-zewnatrz","7":"product_cat-ochrona-lakieru","8":"product_cat-powloki-ceramiczne","9":"product_tag-gtechniq","11":"first","12":"instock","13":"taxable","14":"shipping-taxable","15":"purchasable","16":"product-type-simple"},"_links":{"self":[{"href":"https:\/\/liquidmaster.pl\/en\/wp-json\/wp\/v2\/product\/1806751","targetHints":{"allow":["GET"]}}],"collection":[{"href":"https:\/\/liquidmaster.pl\/en\/wp-json\/wp\/v2\/product"}],"about":[{"href":"https:\/\/liquidmaster.pl\/en\/wp-json\/wp\/v2\/types\/product"}],"replies":[{"embeddable":true,"href":"https:\/\/liquidmaster.pl\/en\/wp-json\/wp\/v2\/comments?post=1806751"}],"wp:featuredmedia":[{"embeddable":true,"href":"https:\/\/liquidmaster.pl\/en\/wp-json\/wp\/v2\/media\/1849692"}],"wp:attachment":[{"href":"https:\/\/liquidmaster.pl\/en\/wp-json\/wp\/v2\/media?parent=1806751"}],"wp:term":[{"taxonomy":"product_brand","embeddable":true,"href":"https:\/\/liquidmaster.pl\/en\/wp-json\/wp\/v2\/product_brand?post=1806751"},{"taxonomy":"product_cat","embeddable":true,"href":"https:\/\/liquidmaster.pl\/en\/wp-json\/wp\/v2\/product_cat?post=1806751"},{"taxonomy":"product_tag","embeddable":true,"href":"https:\/\/liquidmaster.pl\/en\/wp-json\/wp\/v2\/product_tag?post=1806751"}],"curies":[{"name":"wp","href":"https:\/\/api.w.org\/{rel}","templated":true}]}}