{"id":1806749,"date":"2025-03-28T17:16:40","date_gmt":"2025-03-28T15:16:40","guid":{"rendered":"https:\/\/liquidmaster.pl\/dodo-juice-orange-plush-pluszowy-recznik-do-osuszania-60x60cm-1000gsm\/"},"modified":"2026-03-14T01:02:04","modified_gmt":"2026-03-13T23:02:04","slug":"dodo-juice-orange-plush-pluszowy-recznik-do-osuszania-60x60cm-1000gsm","status":"publish","type":"product","link":"https:\/\/liquidmaster.pl\/en\/dodo-juice-orange-plush-pluszowy-recznik-do-osuszania-60x60cm-1000gsm\/","title":{"rendered":"Dodo Juice Orange Plush - Plush Drying Towel 60x60cm 1000gsm"},"content":{"rendered":"<p>Dodo Juice Orange Plush \u2013 plush drying towel. Soft, does not scratch the surface, has double density and is super absorbent.<\/p>\n<p>Weight: 1000 gsm<\/p>\n<p>Dimensions: 60 x 60 cm<\/p>","protected":false},"excerpt":{"rendered":"<p>Dodo Juice Orange Plush \u2013 pluszowy r\u0119cznik do osuszania. Mi\u0119kki, nie rysuje powierzchni, ma podw\u00f3jn\u0105 g\u0119sto\u015b\u0107 i jest super ch\u0142onny. Gramatura: 1000 gsm Wymiary: 60 x 60 cm<\/p>","protected":false},"featured_media":1848163,"comment_status":"open","ping_status":"open","template":"","meta":{"neve_meta_sidebar":"","neve_meta_container":"","neve_meta_enable_content_width":"","neve_meta_content_width":0,"neve_meta_title_alignment":"","neve_meta_author_avatar":"","neve_post_elements_order":"","neve_meta_disable_header":"","neve_meta_disable_footer":"","neve_meta_disable_title":"","_themeisle_gutenberg_block_has_review":false},"product_brand":[],"product_cat":[757,758,734,733,781],"product_tag":[288],"class_list":{"0":"post-1806749","1":"product","2":"type-product","3":"status-publish","4":"has-post-thumbnail","6":"product_cat-akcesoria","7":"product_cat-mikrofibry-i-reczniki","8":"product_cat-mycie-i-osuszanie","9":"product_cat-na-zewnatrz","10":"product_cat-reczniki-do-osuszania","11":"product_tag-dodo-juice","13":"first","14":"outofstock","15":"taxable","16":"shipping-taxable","17":"purchasable","18":"product-type-simple"},"_links":{"self":[{"href":"https:\/\/liquidmaster.pl\/en\/wp-json\/wp\/v2\/product\/1806749","targetHints":{"allow":["GET"]}}],"collection":[{"href":"https:\/\/liquidmaster.pl\/en\/wp-json\/wp\/v2\/product"}],"about":[{"href":"https:\/\/liquidmaster.pl\/en\/wp-json\/wp\/v2\/types\/product"}],"replies":[{"embeddable":true,"href":"https:\/\/liquidmaster.pl\/en\/wp-json\/wp\/v2\/comments?post=1806749"}],"wp:featuredmedia":[{"embeddable":true,"href":"https:\/\/liquidmaster.pl\/en\/wp-json\/wp\/v2\/media\/1848163"}],"wp:attachment":[{"href":"https:\/\/liquidmaster.pl\/en\/wp-json\/wp\/v2\/media?parent=1806749"}],"wp:term":[{"taxonomy":"product_brand","embeddable":true,"href":"https:\/\/liquidmaster.pl\/en\/wp-json\/wp\/v2\/product_brand?post=1806749"},{"taxonomy":"product_cat","embeddable":true,"href":"https:\/\/liquidmaster.pl\/en\/wp-json\/wp\/v2\/product_cat?post=1806749"},{"taxonomy":"product_tag","embeddable":true,"href":"https:\/\/liquidmaster.pl\/en\/wp-json\/wp\/v2\/product_tag?post=1806749"}],"curies":[{"name":"wp","href":"https:\/\/api.w.org\/{rel}","templated":true}]}}