{"id":1806743,"date":"2025-03-28T17:16:30","date_gmt":"2025-03-28T15:16:30","guid":{"rendered":"https:\/\/liquidmaster.pl\/gtechniq-easy-coat-500ml-dysza-powloka-na-mokro\/"},"modified":"2026-04-20T08:18:27","modified_gmt":"2026-04-20T06:18:27","slug":"gtechniq-easy-coat-500ml-dysza-powloka-na-mokro","status":"publish","type":"product","link":"https:\/\/liquidmaster.pl\/en\/gtechniq-easy-coat-500ml-dysza-powloka-na-mokro\/","title":{"rendered":"Gtechniq Easy Coat 500ml + nozzle \u2013 wet coating"},"content":{"rendered":"<p>When applied to any painted or glass surface, Easy Coat provides excellent durability and protection against UV rays, cleaning chemicals and weather conditions. Easy Coat has extremely strong hydrophobic properties, effectively repelling all dirt and dust from the surface. The product is extremely versatile and can be used on cool or hot surfaces. Easy Coat is safe, does not contain solvents and lasts over 3 months.<\/p>\n<p>Efficiency:<br \/>\nEach 500 ml bottle contains enough product to cover two medium-sized vehicles.<\/p>\n<p>Note: Easy Coat has been designed to be applied using the nozzle included in the kit. We do not recommend applying the product using a foam lance or atomizer.<\/p>\n<p>Can I apply EASY COAT with an atomizer or a planer?<\/p>\n<p>-no, Easy Coat has been designed to be applied using the nozzle included in the kit. We do not recommend applying the product using a foam lance or atomizer - it will not provide good results and may cause streaks.<\/p>\n<p>Does it need to be lapped after applying EASY COAT?<\/p>\n<p>\u2013 No, after closing the EASY COAT nozzle (black cap), the surfaces should be rinsed with water and then wipe the remaining water drops dry with a towel.<\/p>\n<p>How many cars will one bottle of EASY COAT cover?<\/p>\n<p>\u2013 500ml is enough for two cars. However, remember that after unscrewing the black cap, the product is still dispensed. We recommend pouring the surface evenly once. Providing the product in one place for a long time will increase its total consumption.<\/p>\n<p>What is the cost of EASY COAT?<\/p>\n<p>\u2013 A set with a nozzle necessary to use EASY COAT costs PLN 99. Then you buy just the EASY COAT bottle for PLN 75.<\/p>\n<p>What surfaces can I use EASY COAT on?<\/p>\n<p>-Do not use on convertible roofs and fabric. EASY COAT will work its magic on other surfaces. Even on building facades, glass, concrete and wood.<\/p>\n<p>Usage:<\/p>\n<li>Insert the hose nozzle, connect the hose, and then rinse all surfaces thoroughly.<\/li>\n<li>Turn the front dial to introduce the coating into the water source and cover all surfaces.<\/li>\n<li>Once all surfaces are completely covered, turn the front dial back to its original position and then rinse all surfaces thoroughly.<\/li>\n<li>After rinsing, dry with a Gtechniq microfiber towel.<\/li>\n<p>Capacity 500 ml + nozzle<\/p>","protected":false},"excerpt":{"rendered":"<p>Po na\u0142o\u017ceniu na dowoln\u0105 powierzchni\u0119 lakierowan\u0105 lub szklan\u0105 Easy Coat zapewnia doskona\u0142\u0105 trwa\u0142o\u015b\u0107 i ochron\u0119 przed promieniami UV, chemikaliami do mycia i warunkami atmosferycznymi. Easy Coat ma niezwykle silne w\u0142a\u015bciwo\u015bci hydrofobowe, skutecznie odpycha wszelkie zabrudzenia i kurz z powierzchni. Produkt jest niezwykle wszechstronny i mo\u017ce by\u0107 stosowany na ch\u0142odne lub gor\u0105ce powierzchnie. Easy Coat jest&hellip;&nbsp;<a href=\"https:\/\/liquidmaster.pl\/en\/gtechniq-easy-coat-500ml-dysza-powloka-na-mokro\/\" rel=\"bookmark\">Read More \u00bb<span class=\"screen-reader-text\">Gtechniq Easy Coat 500ml + nozzle \u2013 wet coating<\/span><\/a><\/p>","protected":false},"featured_media":1849683,"comment_status":"open","ping_status":"open","template":"","meta":{"neve_meta_sidebar":"","neve_meta_container":"","neve_meta_enable_content_width":"","neve_meta_content_width":0,"neve_meta_title_alignment":"","neve_meta_author_avatar":"","neve_post_elements_order":"","neve_meta_disable_header":"","neve_meta_disable_footer":"","neve_meta_disable_title":"","_themeisle_gutenberg_block_has_review":false},"product_brand":[],"product_cat":[733,766,775],"product_tag":[940],"class_list":{"0":"post-1806743","1":"product","2":"type-product","3":"status-publish","4":"has-post-thumbnail","6":"product_cat-na-zewnatrz","7":"product_cat-ochrona-lakieru","8":"product_cat-powloki-ceramiczne","9":"product_tag-gtechniq","11":"first","12":"outofstock","13":"taxable","14":"shipping-taxable","15":"purchasable","16":"product-type-simple"},"_links":{"self":[{"href":"https:\/\/liquidmaster.pl\/en\/wp-json\/wp\/v2\/product\/1806743","targetHints":{"allow":["GET"]}}],"collection":[{"href":"https:\/\/liquidmaster.pl\/en\/wp-json\/wp\/v2\/product"}],"about":[{"href":"https:\/\/liquidmaster.pl\/en\/wp-json\/wp\/v2\/types\/product"}],"replies":[{"embeddable":true,"href":"https:\/\/liquidmaster.pl\/en\/wp-json\/wp\/v2\/comments?post=1806743"}],"wp:featuredmedia":[{"embeddable":true,"href":"https:\/\/liquidmaster.pl\/en\/wp-json\/wp\/v2\/media\/1849683"}],"wp:attachment":[{"href":"https:\/\/liquidmaster.pl\/en\/wp-json\/wp\/v2\/media?parent=1806743"}],"wp:term":[{"taxonomy":"product_brand","embeddable":true,"href":"https:\/\/liquidmaster.pl\/en\/wp-json\/wp\/v2\/product_brand?post=1806743"},{"taxonomy":"product_cat","embeddable":true,"href":"https:\/\/liquidmaster.pl\/en\/wp-json\/wp\/v2\/product_cat?post=1806743"},{"taxonomy":"product_tag","embeddable":true,"href":"https:\/\/liquidmaster.pl\/en\/wp-json\/wp\/v2\/product_tag?post=1806743"}],"curies":[{"name":"wp","href":"https:\/\/api.w.org\/{rel}","templated":true}]}}