{"id":1806733,"date":"2025-03-28T17:16:04","date_gmt":"2025-03-28T15:16:04","guid":{"rendered":"https:\/\/liquidmaster.pl\/dodo-juice-mint-merkin-waflowa-mikrofibra-do-szyb-40x40cm-350gsm\/"},"modified":"2026-03-14T00:57:59","modified_gmt":"2026-03-13T22:57:59","slug":"dodo-juice-mint-merkin-waflowa-mikrofibra-do-szyb-40x40cm-350gsm","status":"publish","type":"product","link":"https:\/\/liquidmaster.pl\/en\/dodo-juice-mint-merkin-waflowa-mikrofibra-do-szyb-40x40cm-350gsm\/","title":{"rendered":"Dodo Juice Mint Merkin - wafer microfiber for windows 40x40cm 350gsm"},"content":{"rendered":"<p>Dodo Juice Mint Merkin - waffle-weave microfiber for cleaning windows, very absorbent, perfect for removing dirt, greasy streaks and dusty residues after polishing glass.<\/p>\n<p>Weight: 350 gsm<\/p>\n<p>Dimensions: 40 x 40 cm<\/p>","protected":false},"excerpt":{"rendered":"<p>Dodo Juice Mint Merkin \u2013 mikrofibra o splocie waflowym do czyszczenia szyb, bardzo ch\u0142onna, doskonale nadaje si\u0119 do usuwania zanieczyszcze\u0144, t\u0142ustych smug i zakurzonych pozosta\u0142o\u015bci po polerowaniu szk\u0142a. Gramatura: 350 gsm Wymiary: 40 x 40 cm<\/p>","protected":false},"featured_media":1848155,"comment_status":"open","ping_status":"open","template":"","meta":{"neve_meta_sidebar":"","neve_meta_container":"","neve_meta_enable_content_width":"","neve_meta_content_width":0,"neve_meta_title_alignment":"","neve_meta_author_avatar":"","neve_post_elements_order":"","neve_meta_disable_header":"","neve_meta_disable_footer":"","neve_meta_disable_title":"","_themeisle_gutenberg_block_has_review":false},"product_brand":[],"product_cat":[757,758,734,733,781],"product_tag":[288],"class_list":{"0":"post-1806733","1":"product","2":"type-product","3":"status-publish","4":"has-post-thumbnail","6":"product_cat-akcesoria","7":"product_cat-mikrofibry-i-reczniki","8":"product_cat-mycie-i-osuszanie","9":"product_cat-na-zewnatrz","10":"product_cat-reczniki-do-osuszania","11":"product_tag-dodo-juice","13":"first","14":"instock","15":"taxable","16":"shipping-taxable","17":"purchasable","18":"product-type-simple"},"_links":{"self":[{"href":"https:\/\/liquidmaster.pl\/en\/wp-json\/wp\/v2\/product\/1806733","targetHints":{"allow":["GET"]}}],"collection":[{"href":"https:\/\/liquidmaster.pl\/en\/wp-json\/wp\/v2\/product"}],"about":[{"href":"https:\/\/liquidmaster.pl\/en\/wp-json\/wp\/v2\/types\/product"}],"replies":[{"embeddable":true,"href":"https:\/\/liquidmaster.pl\/en\/wp-json\/wp\/v2\/comments?post=1806733"}],"wp:featuredmedia":[{"embeddable":true,"href":"https:\/\/liquidmaster.pl\/en\/wp-json\/wp\/v2\/media\/1848155"}],"wp:attachment":[{"href":"https:\/\/liquidmaster.pl\/en\/wp-json\/wp\/v2\/media?parent=1806733"}],"wp:term":[{"taxonomy":"product_brand","embeddable":true,"href":"https:\/\/liquidmaster.pl\/en\/wp-json\/wp\/v2\/product_brand?post=1806733"},{"taxonomy":"product_cat","embeddable":true,"href":"https:\/\/liquidmaster.pl\/en\/wp-json\/wp\/v2\/product_cat?post=1806733"},{"taxonomy":"product_tag","embeddable":true,"href":"https:\/\/liquidmaster.pl\/en\/wp-json\/wp\/v2\/product_tag?post=1806733"}],"curies":[{"name":"wp","href":"https:\/\/api.w.org\/{rel}","templated":true}]}}