{"id":1806729,"date":"2025-03-28T17:14:47","date_gmt":"2025-03-28T15:14:47","guid":{"rendered":"https:\/\/liquidmaster.pl\/gtechniq-crystal-serum-light-30ml-powloka-ceramiczna\/"},"modified":"2026-04-19T03:25:43","modified_gmt":"2026-04-19T01:25:43","slug":"gtechniq-crystal-serum-light-30ml-powloka-ceramiczna","status":"publish","type":"product","link":"https:\/\/liquidmaster.pl\/en\/gtechniq-crystal-serum-light-31\/","title":{"rendered":"Gtechniq Crystal Serum Light 30ml \u2013 ceramic coating"},"content":{"rendered":"<p>Crystal Serum Light is an advanced ceramic coating with proven performance, used by detailing experts around the world. Unlike traditional ceramic coatings, it strengthens the paint and limits the formation of maintenance scratches (swirls).<\/p>\n<p>Our clients often compare the effect of such a coating to the effect of a mirror on varnish. It&#039;s impressive.<\/p>\n<p>Like our other coatings, it has a significant advantage over waxes and other types of coatings because it bonds permanently with the varnish (as a result of a chemical reaction) and is able to withstand extreme temperatures: from -40 to 250\u00b0C.<\/p>\n<p>Crystal Serum Light is resistant to aggressive cleaning agents. This means that if cleaning products are used incorrectly, they will not matt the paint or weaken its shine. In addition, dirt such as tree sap, tar marks and hard water stains will be easier to remove.<\/p>\n<p>Don&#039;t let the name &quot;Light&quot; fool you, it is a top coating with a hardness of 9H. &quot;Light&quot; refers to the easy application compared to other coatings.<br \/>\nThe statement &quot;Latch application - maximum performance&quot; perfectly describes this coating.<\/p>\n<p>Crystal Serum Light+EXO<\/p>\n<p>Crystal Serum Light is a product for which we recommend using an additional EXO layer. It is responsible for the maximum hydrophobic effect and self-cleaning of the paint. When creating EXO, we were inspired by nature, specifically lotus leaves. Water flowing down the leaves in the form of perfectly rounded drops takes dirt particles with it, so the leaves are always perfectly clean. The same thing happens with EXO-protected varnish, analogously to nature.<\/p>\n<p>Which capacity should I choose?<br \/>\n30ml \u2013 recommended for cars with the dimensions of Audi A6, BMW 5, Mercedes E-Class or smaller<br \/>\n50ml \u2013 recommended for cars larger than Audi A6, BMW 5, Mercedes E-Class<\/p>\n<p>Capacity 30 ml<\/p>","protected":false},"excerpt":{"rendered":"<p>Crystal Serum Light to zaawansowana pow\u0142oka ceramiczna, o udowodniony dzia\u0142aniu, stosownana przez ekspert\u00f3w detailingu na ca\u0142ym \u015bwiecie. W odr\u00f3\u017cnieniu od tradycyjnych pow\u0142ok ceramicznych wzmacnia lakier i ogranicza powstawanie rys piel\u0119gnacyjnych (swirle). Efekt takiej pow\u0142oki nasi klienci cz\u0119sto por\u00f3wnuj\u0105 do efektu lustra na lakierze. To robi wra\u017cenie. Podobnie jak inne nasze pow\u0142oki, ma znacz\u0105c\u0105 przewag\u0119 nad&hellip;&nbsp;<a href=\"https:\/\/liquidmaster.pl\/en\/gtechniq-crystal-serum-light-31\/\" rel=\"bookmark\">Read More \u00bb<span class=\"screen-reader-text\">Gtechniq Crystal Serum Light 30ml \u2013 ceramic coating<\/span><\/a><\/p>","protected":false},"featured_media":1849673,"comment_status":"open","ping_status":"open","template":"","meta":{"neve_meta_sidebar":"","neve_meta_container":"","neve_meta_enable_content_width":"","neve_meta_content_width":0,"neve_meta_title_alignment":"","neve_meta_author_avatar":"","neve_post_elements_order":"","neve_meta_disable_header":"","neve_meta_disable_footer":"","neve_meta_disable_title":"","_themeisle_gutenberg_block_has_review":false},"product_brand":[],"product_cat":[733,766,775],"product_tag":[940],"class_list":{"0":"post-1806729","1":"product","2":"type-product","3":"status-publish","4":"has-post-thumbnail","6":"product_cat-na-zewnatrz","7":"product_cat-ochrona-lakieru","8":"product_cat-powloki-ceramiczne","9":"product_tag-gtechniq","11":"first","12":"instock","13":"taxable","14":"shipping-taxable","15":"purchasable","16":"product-type-simple"},"_links":{"self":[{"href":"https:\/\/liquidmaster.pl\/en\/wp-json\/wp\/v2\/product\/1806729","targetHints":{"allow":["GET"]}}],"collection":[{"href":"https:\/\/liquidmaster.pl\/en\/wp-json\/wp\/v2\/product"}],"about":[{"href":"https:\/\/liquidmaster.pl\/en\/wp-json\/wp\/v2\/types\/product"}],"replies":[{"embeddable":true,"href":"https:\/\/liquidmaster.pl\/en\/wp-json\/wp\/v2\/comments?post=1806729"}],"wp:featuredmedia":[{"embeddable":true,"href":"https:\/\/liquidmaster.pl\/en\/wp-json\/wp\/v2\/media\/1849673"}],"wp:attachment":[{"href":"https:\/\/liquidmaster.pl\/en\/wp-json\/wp\/v2\/media?parent=1806729"}],"wp:term":[{"taxonomy":"product_brand","embeddable":true,"href":"https:\/\/liquidmaster.pl\/en\/wp-json\/wp\/v2\/product_brand?post=1806729"},{"taxonomy":"product_cat","embeddable":true,"href":"https:\/\/liquidmaster.pl\/en\/wp-json\/wp\/v2\/product_cat?post=1806729"},{"taxonomy":"product_tag","embeddable":true,"href":"https:\/\/liquidmaster.pl\/en\/wp-json\/wp\/v2\/product_tag?post=1806729"}],"curies":[{"name":"wp","href":"https:\/\/api.w.org\/{rel}","templated":true}]}}