{"id":1806727,"date":"2025-03-28T17:14:47","date_gmt":"2025-03-28T15:14:47","guid":{"rendered":"https:\/\/liquidmaster.pl\/gtechniq-c6-matte-dash-100ml-dressing-do-tworzyw-sztucznych\/"},"modified":"2026-04-18T04:38:28","modified_gmt":"2026-04-18T02:38:28","slug":"gtechniq-c6-matte-dash-100ml-dressing-do-tworzyw-sztucznych","status":"publish","type":"product","link":"https:\/\/liquidmaster.pl\/en\/gtechniq-c6-matte-dash-100ml-dressing-do-tworzyw-sztucznych\/","title":{"rendered":"Gtechniq C6 Matte Dash 100ml \u2013 dressing for plastics"},"content":{"rendered":"<p>C6 Matte Dash was created to keep your dashboard in good condition for a long time. Provides limited dirt adhesion and protection against fading caused by UV rays. Suitable for all dashboard materials such as vinyl, plastic, rubber. C6 contains the antibacterial BioCote formula which prevents the growth of fungi and bacteria.<\/p>\n<p>C6 does not affect the gloss of your car&#039;s finish and leaves a natural, matte appearance.<\/p>\n<p>This product should not be used to protect suede, nubuck or other fibrous finishes (I1 Smart Fabric for these surfaces).<\/p>\n<p>Usage:<\/p>\n<li>Shake well before use and put on gloves<\/li>\n<li>Make sure the surface is clean. If not, use I2 Tri-Clean and MF1<\/li>\n<li>Before impregnation, the surface must be completely dry<\/li>\n<li>Spray C6 directly onto the AP3 applicator and wipe the surface evenly<\/li>\n<li>Remove excess with clean MF1 fiber<\/li>\n<li>Store in a cool, dry place, away from sunlight<\/li>\n<li>For optimal protection, reapply C6 every 4 months<\/li>\n<li>Use within 12 months of opening<\/li>\n<p>Capacity 100 ml\u00a0<\/p>","protected":false},"excerpt":{"rendered":"<p>C6 Matte Dash powsta\u0142 po to, by utrzyma\u0107 Twoj\u0105 desk\u0119 rozdzielcz\u0105 w dobrej kondycji na d\u0142ugi czas. Zapewnia ograniczone przywieranie brudu i ochron\u0119 przed p\u0142owieniem, spowodowanym promieniami UV. Nadaje si\u0119 do wszystkich materia\u0142\u00f3w znajduj\u0105cych si\u0119 na deskach rozdzielczych takich jak winyl, plastik, guma. C6 zawiera antybakteryjn\u0105 formu\u0142\u0119 BioCote kt\u00f3ra zapobiega rozwojowi grzyb\u00f3w i bakterii. C6&hellip;&nbsp;<a href=\"https:\/\/liquidmaster.pl\/en\/gtechniq-c6-matte-dash-100ml-dressing-do-tworzyw-sztucznych\/\" rel=\"bookmark\">Read More \u00bb<span class=\"screen-reader-text\">Gtechniq C6 Matte Dash 100ml \u2013 dressing for plastics<\/span><\/a><\/p>","protected":false},"featured_media":1849668,"comment_status":"open","ping_status":"open","template":"","meta":{"neve_meta_sidebar":"","neve_meta_container":"","neve_meta_enable_content_width":"","neve_meta_content_width":0,"neve_meta_title_alignment":"","neve_meta_author_avatar":"","neve_post_elements_order":"","neve_meta_disable_header":"","neve_meta_disable_footer":"","neve_meta_disable_title":"","_themeisle_gutenberg_block_has_review":false},"product_brand":[],"product_cat":[796,795,768],"product_tag":[940],"class_list":{"0":"post-1806727","1":"product","2":"type-product","3":"status-publish","4":"has-post-thumbnail","6":"product_cat-ochrona-plastikow-wewnetrznych","7":"product_cat-plastiki-wewnetrzne","8":"product_cat-wnetrze-auta","9":"product_tag-gtechniq","10":"pa_promocja-promocje","12":"first","13":"instock","14":"taxable","15":"shipping-taxable","16":"purchasable","17":"product-type-simple"},"_links":{"self":[{"href":"https:\/\/liquidmaster.pl\/en\/wp-json\/wp\/v2\/product\/1806727","targetHints":{"allow":["GET"]}}],"collection":[{"href":"https:\/\/liquidmaster.pl\/en\/wp-json\/wp\/v2\/product"}],"about":[{"href":"https:\/\/liquidmaster.pl\/en\/wp-json\/wp\/v2\/types\/product"}],"replies":[{"embeddable":true,"href":"https:\/\/liquidmaster.pl\/en\/wp-json\/wp\/v2\/comments?post=1806727"}],"wp:featuredmedia":[{"embeddable":true,"href":"https:\/\/liquidmaster.pl\/en\/wp-json\/wp\/v2\/media\/1849668"}],"wp:attachment":[{"href":"https:\/\/liquidmaster.pl\/en\/wp-json\/wp\/v2\/media?parent=1806727"}],"wp:term":[{"taxonomy":"product_brand","embeddable":true,"href":"https:\/\/liquidmaster.pl\/en\/wp-json\/wp\/v2\/product_brand?post=1806727"},{"taxonomy":"product_cat","embeddable":true,"href":"https:\/\/liquidmaster.pl\/en\/wp-json\/wp\/v2\/product_cat?post=1806727"},{"taxonomy":"product_tag","embeddable":true,"href":"https:\/\/liquidmaster.pl\/en\/wp-json\/wp\/v2\/product_tag?post=1806727"}],"curies":[{"name":"wp","href":"https:\/\/api.w.org\/{rel}","templated":true}]}}