{"id":1806725,"date":"2025-03-28T17:14:47","date_gmt":"2025-03-28T15:14:47","guid":{"rendered":"https:\/\/liquidmaster.pl\/gtechniq-ceramic-sealant-c2v3-500ml-plynne-szklo\/"},"modified":"2026-04-19T03:25:42","modified_gmt":"2026-04-19T01:25:42","slug":"gtechniq-ceramic-sealant-c2v3-500ml-plynne-szklo","status":"publish","type":"product","link":"https:\/\/liquidmaster.pl\/en\/gtechniq-ceramic-sealant-c2-500ml-plynne-szklo\/","title":{"rendered":"Gtechniq Ceramic Sealant C2 500ml \u2013 Liquid Glass"},"content":{"rendered":"<p>Ceramic Sealant C2 is a hydrophobic coating that combines the ease of use of a quick detailer with the benefits of a ceramic coating. It&#039;s ideal for those just starting out with coatings, as well as for those seeking faster and more effective protection than traditional waxes.<\/p>\n<p>It can be used wet when drying the car, but the best durability (3-6 months) is achieved after thoroughly washing and preparing the car as for a ceramic coating (decontamination, de-ironization, paint correction, degreasing).<\/p>\n<p>It can be used as a top layer alone or in combination with C1, CSL ceramic coatings.<\/p>\n<p>Application method:<\/p>\n<li>During application, the car must not be exposed to sunlight<\/li>\n<li>Spray Gtechniq C2 onto the Gtechniq MF1 microfibre cloth (3-6 sprays depending on the size of the part) and rub into the paintwork<\/li>\n<li>Polish with a second Gtechniq MF1 microfiber until the surface is glassy and streak-free<\/li>\n<li>If the product residue is difficult to remove, moisten the element with a wet cloth and then polish it with a dry MF1 microfiber.<\/li>\n<li>C2 must be used within 2 years of purchase and used within one year of opening the packaging<\/li>\n<p>Capacity 500 ml<\/p>","protected":false},"excerpt":{"rendered":"<p>Ceramic Sealant C2\u00a0 to pow\u0142oka hydrofobowa \u0142\u0105cz\u0105ca w sobie \u0142atwo\u015b\u0107 u\u017cyciaquick detailera i zalety pow\u0142oki ceramicznej. Jest idealna dla wszystkich zaczynaj\u0105cych przygod\u0119 z pow\u0142okami, jak i dla tych, chc\u0105cych szybszego i skuteczniejszego zabezpieczenia od tradycyjnych wosk\u00f3w. Mo\u017ce by\u0107 stosowany na mokro w trakcie osuszania samochodu, jednak najlepsz\u0105 trwa\u0142o\u015b\u0107 (3-6 miesi\u0119cy) uzyskuje po dok\u0142adnym umyciu i&hellip;&nbsp;<a href=\"https:\/\/liquidmaster.pl\/en\/gtechniq-ceramic-sealant-c2-500ml-plynne-szklo\/\" rel=\"bookmark\">Read More \u00bb<span class=\"screen-reader-text\">Gtechniq Ceramic Sealant C2 500ml \u2013 Liquid Glass<\/span><\/a><\/p>","protected":false},"featured_media":1849666,"comment_status":"open","ping_status":"open","template":"","meta":{"neve_meta_sidebar":"","neve_meta_container":"","neve_meta_enable_content_width":"","neve_meta_content_width":0,"neve_meta_title_alignment":"","neve_meta_author_avatar":"","neve_post_elements_order":"","neve_meta_disable_header":"","neve_meta_disable_footer":"","neve_meta_disable_title":"","_themeisle_gutenberg_block_has_review":false},"product_brand":[],"product_cat":[733,766,775],"product_tag":[940],"class_list":{"0":"post-1806725","1":"product","2":"type-product","3":"status-publish","4":"has-post-thumbnail","6":"product_cat-na-zewnatrz","7":"product_cat-ochrona-lakieru","8":"product_cat-powloki-ceramiczne","9":"product_tag-gtechniq","11":"first","12":"instock","13":"taxable","14":"shipping-taxable","15":"purchasable","16":"product-type-simple"},"_links":{"self":[{"href":"https:\/\/liquidmaster.pl\/en\/wp-json\/wp\/v2\/product\/1806725","targetHints":{"allow":["GET"]}}],"collection":[{"href":"https:\/\/liquidmaster.pl\/en\/wp-json\/wp\/v2\/product"}],"about":[{"href":"https:\/\/liquidmaster.pl\/en\/wp-json\/wp\/v2\/types\/product"}],"replies":[{"embeddable":true,"href":"https:\/\/liquidmaster.pl\/en\/wp-json\/wp\/v2\/comments?post=1806725"}],"wp:featuredmedia":[{"embeddable":true,"href":"https:\/\/liquidmaster.pl\/en\/wp-json\/wp\/v2\/media\/1849666"}],"wp:attachment":[{"href":"https:\/\/liquidmaster.pl\/en\/wp-json\/wp\/v2\/media?parent=1806725"}],"wp:term":[{"taxonomy":"product_brand","embeddable":true,"href":"https:\/\/liquidmaster.pl\/en\/wp-json\/wp\/v2\/product_brand?post=1806725"},{"taxonomy":"product_cat","embeddable":true,"href":"https:\/\/liquidmaster.pl\/en\/wp-json\/wp\/v2\/product_cat?post=1806725"},{"taxonomy":"product_tag","embeddable":true,"href":"https:\/\/liquidmaster.pl\/en\/wp-json\/wp\/v2\/product_tag?post=1806725"}],"curies":[{"name":"wp","href":"https:\/\/api.w.org\/{rel}","templated":true}]}}